{"id":67,"date":"2020-07-22T12:41:59","date_gmt":"2020-07-22T03:41:59","guid":{"rendered":"https:\/\/samurai-law.com\/tanki\/?page_id=67"},"modified":"2020-07-22T12:42:10","modified_gmt":"2020-07-22T03:42:10","slug":"tanki_08","status":"publish","type":"page","link":"https:\/\/samurai-law.com\/tanki\/tanki_08\/","title":{"rendered":"\u77ed\u671f\u6ede\u5728\u30d3\u30b6\u306e\u6ede\u5728\u671f\u9593\u3068\u6ede\u5728\u4e88\u5b9a\u8868\u306e\u4f5c\u308a\u65b9"},"content":{"rendered":"<p>\u77ed\u671f\u6ede\u5728\u30d3\u30b6\u306f\u305d\u306e\u540d\u306e\u901a\u308a\u77ed\u671f\u9593\u3060\u3051\u65e5\u672c\u306b\u6765\u65e5\u3057\u3066\u3001\u4e00\u6642\u6ede\u5728\u3059\u308b\u5916\u56fd\u4eba\u306b\u53d6\u5f97\u3055\u305b\u308b\u5728\u7559\u8cc7\u683c\u3067\u300190\u65e5\u4ee5\u5185\u306b\u5e30\u56fd\u3059\u308b\u3053\u3068\u304c\u524d\u63d0\u3068\u3055\u308c\u3066\u3044\u308b\u30d3\u30b6\u3067\u3059\u3002<\/p>\n<p>&nbsp;<\/p>\n<p>\u4ed6\u306e\u30d3\u30b6\u306f\u57fa\u672c\u7684\u306b\u9577\u671f\u5728\u7559\u3092\u76ee\u7684\u3068\u3057\u305f\u5728\u7559\u8cc7\u683c\u3067\u3059\u306e\u3067\u3001\u305d\u306e\u70b9\u5927\u304d\u304f\u9055\u3044\u307e\u3059\u3002<\/p>\n<p>&nbsp;<\/p>\n<p>\u77ed\u671f\u9593\u306e\u6ede\u5728\u3092\u76ee\u7684\u3068\u3057\u3066\u3044\u308b\u30d3\u30b6\u3067\u3059\u306e\u3067\u3001\u7533\u8acb\u306e\u6bb5\u968e\u3067\u6ede\u5728\u671f\u9593\u3067\u3042\u308b\u3053\u3068\u3092\u4f1d\u3048\u308b\u5fc5\u8981\u304c\u3042\u308a\u307e\u3059\u3002<\/p>\n<p>&nbsp;<\/p>\n<p>\u3053\u306e\u8a18\u4e8b\u3067\u306f\u3001\u77ed\u671f\u6ede\u5728\u30d3\u30b6\u306b\u304a\u3051\u308b\u300c\u6ede\u5728\u671f\u9593\u300d\u3068\u3001\u7533\u8acb\u6bb5\u968e\u3067\u7533\u8acb\u5148\u3067\u3042\u308b\u65e5\u672c\u56fd\u5927\u4f7f\u9928\u30fb\u9818\u4e8b\u9928\u306b\u6ede\u5728\u671f\u9593\u306e\u6ede\u5728\u3067\u3042\u308b\u3053\u3068\u3092\u4f1d\u3048\u308b\u300c\u6ede\u5728\u4e88\u5b9a\u8868\u300d\u3092\u3069\u3046\u4f5c\u308b\u306e\u304b\uff1f\u3092\u8aac\u660e\u3057\u307e\u3059\u3002<\/p>\n<h2>\u6ede\u5728\u671f\u9593\u306f\u6700\u5927\u4f55\u65e5\u9593\uff1f<\/h2>\n<p>\u77ed\u671f\u6ede\u5728\u30d3\u30b6\u306f\u77ed\u671f\u306e\u6ede\u5728\u3092\u76ee\u7684\u3068\u3059\u308b\u30d3\u30b6\u3068\u3044\u3046\u3053\u3068\u306f\u5148\u307b\u3069\u8aac\u660e\u3057\u307e\u3057\u305f\u3002<\/p>\n<p>\u3067\u306f\u3001\u77ed\u671f\u9593\u3068\u306f\u6700\u5927\u4f55\u65e5\u9593\u3092\u8a00\u3046\u306e\u304b\uff1f<\/p>\n<p>&nbsp;<\/p>\n<p>\u305d\u308c\u306f\u3001\u300c\u6700\u5927\uff19\uff10\u65e5\u9593\u300d\u306b\u306a\u308a\u307e\u3059\u3002<\/p>\n<p>&nbsp;<\/p>\n<p>\u3064\u307e\u308a\u3001\u6700\u5927\uff19\uff10\u65e5\u9593\u306f\u65e5\u672c\u306b\u6ede\u5728\u3092\u3059\u308b\u3053\u3068\u304c\u53ef\u80fd\u306a\u30d3\u30b6\u3068\u3044\u3046\u3053\u3068\u3067\u3059\u3002<\/p>\n<p>&nbsp;<\/p>\n<p>\u305f\u3060\u3057\u3001\u3059\u3079\u3066\u306e\u5916\u56fd\u4eba\u304c\uff19\uff10\u65e5\u9593\u6ede\u5728\u3067\u304d\u308b\u308f\u3051\u3067\u306f\u306a\u304f\u3001\u6ede\u5728\u76ee\u7684\u306a\u3069\u306b\u3088\u3063\u3066\u300c\uff11\uff15\u65e5\u9593\u300d\u300c\uff13\uff10\u65e5\u9593\u300d\u300c\uff19\uff10\u65e5\u9593\u300d\u306e\uff13\u7a2e\u985e\u306e\u6ede\u5728\u671f\u9593\u306e\u4e2d\u304b\u3089\u7533\u8acb\u4eba\u3067\u3042\u308b\u5916\u56fd\u4eba\u306e\u6ede\u5728\u65e5\u6570\u306b\u5fdc\u3058\u3066\u3001\u9078\u629e\u3057\u3066\u7533\u8acb\u3092\u884c\u3044\u307e\u3059\u3002<\/p>\n<p>&nbsp;<\/p>\n<p>\u4f8b\uff09<\/p>\n<p>14\u65e5\u9593\u306e\u65e5\u672c\u6ede\u5728\u4e88\u5b9a\u219215\u65e5\u9593\u306e\u77ed\u671f\u6ede\u5728\u30d3\u30b6\u306e\u7533\u8acb<\/p>\n<p>&nbsp;<\/p>\n<p>\u3067\u306f\u3001\u6ede\u5728\u65e5\u6570\u306b\u3088\u3063\u3066\u5be9\u67fb\u671f\u9593\u306b\u5f71\u97ff\u304c\u3042\u308b\u306e\u304b\uff1f\u3068\u3044\u3046\u3053\u3068\u3067\u3059\u304c\u3001\uff11\uff15\u65e5\u9593\u306e\u7533\u8acb\u306e\u65b9\u304c\uff19\uff10\u65e5\u9593\u306e\u7533\u8acb\u3088\u308a\u3082\u5be9\u67fb\u5b98\u304c\u898b\u308b\u3079\u304d\u5185\u5bb9\u304c\u5c11\u306a\u3044\u308f\u3051\u3067\u3059\u304b\u3089\u82e5\u5e72\u306f\u5be9\u67fb\u671f\u9593\u306e\u9577\u77ed\u306b\u5f71\u97ff\u306f\u3042\u308b\u304b\u3082\u3057\u308c\u307e\u305b\u3093\u304c\u3001\u5927\u304d\u3044\u5dee\u306f\u306a\u3044\u3068\u601d\u3063\u3066\u3044\u305f\u3060\u3044\u3066\u69cb\u3044\u307e\u305b\u3093\u3002<\/p>\n<p>\uff08\u4e00\u822c\u7684\u306a\u77ed\u671f\u6ede\u5728\u30d3\u30b6\u306e\u5be9\u67fb\u671f\u9593\u306f\uff11\u301c\uff12\u9031\u9593\u7a0b\u5ea6\u3067\u3059\u3002\u203b\u5927\u4f7f\u9928\u30fb\u9818\u4e8b\u9928\u306e\u7a93\u53e3\u6df7\u96d1\u72b6\u6cc1\u306a\u3069\u306b\u3088\u308a\u524d\u5f8c\u3057\u307e\u3059\u3002\uff09<\/p>\n<p>&nbsp;<\/p>\n<p>\u305d\u308c\u3088\u308a\u3082\u3001\u6ede\u5728\u671f\u9593\u3068\u6ede\u5728\u5185\u5bb9\u306b\u6574\u5408\u6027\u304c\u3042\u308b\u304b\u3069\u3046\u304b\u306e\u65b9\u304c\u3088\u3063\u307d\u3069\u5be9\u67fb\u306e\u6bb5\u968e\u3067\u306f\u5927\u4e8b\u306a\u30dd\u30a4\u30f3\u30c8\u3067\u3059\u3002<\/p>\n<p>&nbsp;<\/p>\n<p>\u307e\u305f\u3001\u6ede\u5728\u671f\u9593\u306f\u9577\u3051\u308c\u3070\u305d\u308c\u3060\u3051\u5be9\u67fb\u5b98\u306e\u5be9\u67fb\u304c\u53b3\u3057\u304f\u306a\u308b\u50be\u5411\u304c\u3042\u308a\u307e\u3059\u3002<\/p>\n<p>&nbsp;<\/p>\n<p>\u3064\u307e\u308a\u3001\u6ede\u5728\u671f\u9593\u304c\u9577\u3051\u308c\u3070\u9577\u3044\u307b\u3069\u672c\u6765\u306e\u6ede\u5728\u76ee\u7684\u3068\u306f\u9055\u3046\u610f\u56f3\uff08\u5c31\u52b4\u306a\u3069\uff09\u304c\u3042\u308b\u306e\u3067\u306f\u306a\u3044\u304b\u3068\u65e5\u672c\u56fd\u5927\u4f7f\u9928\u30fb\u9818\u4e8b\u9928\u306e\u5be9\u67fb\u5b98\u306b\u7591\u3044\u306e\u76ee\u3092\u5411\u3051\u3089\u308c\u3084\u3059\u3044\u3068\u3044\u3046\u3053\u3068\u3067\u3059\u3002<\/p>\n<p>&nbsp;<\/p>\n<p>\u3057\u304b\u3082\uff19\uff10\u65e5\u9593\u3068\u9577\u3044\u6ede\u5728\u671f\u9593\u3060\u3068\u66f8\u304d\u9593\u9055\u3044\u304c\u767a\u751f\u3057\u3084\u3059\u3044\u305f\u3081\u3001\u305d\u306e\u66f8\u304d\u9593\u9055\u3044\u304c\u3042\u308b\u3060\u3051\u3067\u5be9\u67fb\u5b98\u306b\u7591\u5ff5\u3092\u62b1\u304b\u308c\u4e0d\u8a31\u53ef\u306b\u306a\u308b\u30ea\u30b9\u30af\u3082\u751f\u3058\u5f97\u307e\u3059\u3002<\/p>\n<p>&nbsp;<\/p>\n<p>\u3067\u3059\u306e\u3067\u3001\u3080\u3084\u307f\u3084\u305f\u3089\u306b\u6700\u5927\u65e5\u6570\u3067\u3042\u308b\uff19\uff10\u65e5\u9593\u306b\u3057\u306a\u3044\u3088\u3046\u306b\u3057\u3066\u304f\u3060\u3055\u3044\u3002\u3042\u304f\u307e\u3067\u3082\u3001\u300c\u6ede\u5728\u76ee\u7684\u3068\u6ede\u5728\u65e5\u6570\u306e\u6574\u5408\u6027\u300d\u304c\u4f55\u3088\u308a\u3082\u5927\u5207\u3060\u3068\u3044\u3046\u3053\u3068\u3092\u6539\u3081\u3066\u304a\u4f1d\u3048\u3057\u307e\u3059\u3002<\/p>\n<h2>\u3067\u306f\uff19\uff10\u65e5\u9593\u306e\u77ed\u671f\u6ede\u5728\u30d3\u30b6\u306f\u7533\u8acb\u3057\u306a\u3044\u307b\u3046\u304c\u3044\u3044\u306e\uff1f<\/h2>\n<p>\u3042\u304f\u307e\u3067\u3082\u6ede\u5728\u65e5\u6570\u304c\u5897\u3048\u308c\u3070\u5897\u3048\u308b\u307b\u3069\u5be9\u67fb\u5b98\u304c\u898b\u308b\u3079\u304d\u30dd\u30a4\u30f3\u30c8\u304c\u5897\u3048\u3001\u3088\u308a\u53b3\u3057\u304f\u5be9\u67fb\u3092\u3059\u308b\u50be\u5411\u306b\u3042\u308a\u307e\u3059\u304c\u3001\u3042\u304f\u307e\u3067\u3082\u305d\u308c\u306f\u6ede\u5728\u76ee\u7684\u306b\u3082\u3088\u308a\u307e\u3059\u3002<\/p>\n<p>&nbsp;<\/p>\n<p>\u4f8b\u3048\u3070\u3001\u65e5\u672c\u4eba\u306e\u604b\u4eba\u3068\u904a\u5712\u5730\u3067\u601d\u3044\u51fa\u4f5c\u308a\u3092\u3057\u305f\u3044\u3068\u3044\u3046\u5834\u5408\u306b\uff19\uff10\u65e5\u9593\u306e\u77ed\u671f\u6ede\u5728\u30d3\u30b6\u3092\u7533\u8acb\u3057\u305f\u5834\u5408\u3001\u5be9\u67fb\u5b98\u3068\u3057\u3066\u306f\u904a\u5712\u5730\u306b\u884c\u3063\u3066\u601d\u3044\u51fa\u4f5c\u308a\u3092\u3059\u308b\u306e\u306b\uff19\uff10\u65e5\u9593\u3082\u5fc5\u8981\u306a\u306e\u304b\uff1f\u4ed6\u306b\u76ee\u7684\u304c\u3042\u308b\u306e\u3067\u306f\uff1f\u3068\u7591\u5ff5\u3092\u6301\u305f\u308c\u308b\u53ef\u80fd\u6027\u304c\u3042\u308b\u3068\u3044\u3046\u3053\u3068\u3067\u3059\u3002<\/p>\n<p>&nbsp;<\/p>\n<p>\u304b\u305f\u3084\u3001\u7d50\u5a5a\u3092\u4e88\u5b9a\u3057\u3066\u3044\u3066\u65e5\u672c\u306e\u751f\u6d3b\u74b0\u5883\u306b\u6163\u308c\u3066\u3082\u3089\u3046\u610f\u5473\u3082\u542b\u3081\u3001\u65e5\u672c\u5404\u5730\u306b\u65c5\u884c\u306b\u884c\u304f\u305f\u3081\u306b\uff19\uff10\u65e5\u9593\u306e\u77ed\u671f\u6ede\u5728\u30d3\u30b6\u3092\u53d6\u5f97\u3059\u308b\u3002\u3053\u306e\u5834\u5408\u306f\u3001\u305d\u306e\u4ed6\u306e\u304d\u3061\u3093\u3068\u3057\u305f\u8981\u4ef6\u3092\u6e80\u305f\u3059\u3053\u3068\u304c\u524d\u63d0\u3067\u3059\u304c\u3001\u6ede\u5728\u4e88\u5b9a\u8868\u3092\u7d30\u304b\u304f\u6574\u5408\u6027\u306e\u3042\u308b\u4f5c\u6210\u3092\u3057\u3066\u3044\u3051\u3070\u3001\uff19\uff10\u65e5\u9593\u306e\u77ed\u671f\u6ede\u5728\u30d3\u30b6\u306e\u8a31\u53ef\u306e\u53ef\u80fd\u6027\u306f\u9ad8\u3044\u3067\u3059\u3002<\/p>\n<p>&nbsp;<\/p>\n<p>\u306a\u3093\u3069\u3082\u304a\u4f1d\u3048\u3057\u307e\u3059\u304c\u3001\u65e5\u672c\u306b\u547c\u3073\u305f\u3044\u76ee\u7684\u3068\u6ede\u5728\u3059\u308b\u65e5\u6570\u306b\u3064\u3058\u3064\u307e\u304c\u5408\u3063\u3066\u3044\u3066\u3001\u3053\u308c\u3060\u3051\u306e\u6ede\u5728\u65e5\u6570\u306f\u5fc5\u8981\u3060\u3068\u8ab0\u304c\u898b\u3066\u3082\u7d0d\u5f97\u3067\u304d\u308b\u306e\u3067\u3042\u308c\u3070\u3001\uff19\uff10\u65e5\u9593\u306e\u77ed\u671f\u6ede\u5728\u30d3\u30b6\u3092\u7533\u8acb\u3059\u308b\u3053\u3068\u3092\u305d\u308c\u307b\u3069\u5fc3\u914d\u3057\u306a\u304f\u3066\u3082\u5927\u4e08\u592b\u3067\u3059\u3002<\/p>\n<h2>\u6ede\u5728\u4e88\u5b9a\u8868\u306e\u66f8\u304d\u65b9\u306e\u30dd\u30a4\u30f3\u30c8\u3092\u6559\u3048\u3066<\/h2>\n<p>\u77ed\u671f\u6ede\u5728\u30d3\u30b6\u306e\u7533\u8acb\u306b\u3042\u305f\u308a\u7533\u8acb\u4eba\u3067\u3042\u308b\u5916\u56fd\u4eba\uff08\u547c\u3070\u308c\u308b\u4eba\uff09\u304c\u65e5\u672c\u3067\u6ede\u5728\u3059\u308b\u76ee\u7684\u3092\u65e5\u672c\u56fd\u5927\u4f7f\u9928\u30fb\u9818\u4e8b\u9928\u306e\u5be9\u67fb\u5b98\u306b\u7d0d\u5f97\u3057\u3066\u3082\u3089\u3046\u305f\u3081\u306e\u5927\u4e8b\u306a\u66f8\u985e\u3068\u3057\u3066\u300c\u6ede\u5728\u4e88\u5b9a\u8868\u300d\u306e\u5b58\u5728\u304c\u3042\u308a\u307e\u3059\u3002<\/p>\n<p>\u3053\u306e\u6ede\u5728\u4e88\u5b9a\u8868\u3092\u66f8\u304f\u306b\u3042\u305f\u308a\u3001\u77ed\u671f\u6ede\u5728\u30d3\u30b6\u306f\u5c31\u52b4\u304c\u3067\u304d\u306a\u3044\u5728\u7559\u8cc7\u683c\u3067\u3042\u308b\u3053\u3068\u3092\u62bc\u3055\u3048\u3066\u304f\u3060\u3055\u3044\u3002\u3064\u307e\u308a\u3001\u5c31\u52b4\u3059\u308b\u304b\u306e\u3088\u3046\u306a\u5185\u5bb9\u3092\u6c7a\u3057\u3066\u6ede\u5728\u4e88\u5b9a\u8868\u306b\u8a18\u5165\u3059\u308b\u3053\u3068\u306e\u306a\u3044\u3088\u3046\u306b\u6c17\u3092\u3064\u3051\u3066\u304f\u3060\u3055\u3044\u3002<\/p>\n<p>\u307e\u305f\u3001\u7533\u8acb\u3059\u308b\u6ede\u5728\u671f\u9593\u3082\u6ede\u5728\u76ee\u7684\u306b\u5408\u308f\u305b\u305f\u65e5\u6570\u306e\u7533\u8acb\u3092\u5fc3\u304c\u3051\u3066\u304f\u3060\u3055\u3044\u3002<\/p>\n<p>\u6ede\u5728\u671f\u9593\u304c\u9577\u3051\u308c\u3070\u9577\u3044\u307b\u3069\u5be9\u67fb\u306f\u53b3\u3057\u304f\u3055\u308c\u307e\u3059\u3002<\/p>\n<p>\u3067\u306f\u65e9\u901f\u6ede\u5728\u4e88\u5b9a\u8868\u3092\u8a18\u5165\u3057\u3066\u3044\u304d\u307e\u3057\u3087\u3046\u3002<\/p>\n<h3>\uff11\u3001\u4f5c\u6210\u5e74\u6708\u65e5<\/h3>\n<p>\u3053\u306e\u65e5\u4ed8\u306f\u3001\u4f5c\u6210\u3057\u305f\u65e5\u4ed8\u3092\u8a18\u5165\u3057\u307e\u3059\u3002<\/p>\n<p>\u305f\u3060\u3057\u3001\u77ed\u671f\u6ede\u5728\u30d3\u30b6\u306e\u7533\u8acb\u66f8\u985e\u306f\u6709\u52b9\u671f\u9650\u304c\uff13\u30f6\u6708\u9593\u306b\u306a\u3063\u3066\u3044\u307e\u3059\u306e\u3067\u3001\u7533\u8acb\u3059\u308b\u65e5\u3092\u6c17\u306b\u3057\u306a\u304c\u3089\u6ede\u5728\u4e88\u5b9a\u8868\u306e\u4f5c\u6210\u3092\u3057\u3066\u304f\u3060\u3055\u3044\u3002<\/p>\n<h3>\uff12\u3001\u7533\u8acb\u4eba\u306e\u6c0f\u540d\u3068\u4eba\u6570<\/h3>\n<p>\u7533\u8acb\u4eba\u3067\u3042\u308b\u5916\u56fd\u4eba\uff08\u547c\u3070\u308c\u308b\u4eba\uff09\u3092\u30d5\u30eb\u30cd\u30fc\u30e0\u3067\u8a18\u5165\u3057\u3066\u304f\u3060\u3055\u3044\u3002\u8a18\u5165\u306e\u30dd\u30a4\u30f3\u30c8\u306f\u30d1\u30b9\u30dd\u30fc\u30c8\u306b\u8a18\u8f09\u3055\u308c\u3066\u3044\u308b\u30a2\u30eb\u30d5\u30a1\u30d9\u30c3\u30c8\u306e\u901a\u308a\u8a18\u5165\u3059\u308b\u3088\u3046\u306b\u3057\u3066\u304f\u3060\u3055\u3044\u3002<\/p>\n<p>\u307e\u305f\u3001\u7533\u8acb\u4eba\u3067\u3042\u308b\u5916\u56fd\u4eba\u304c\u8907\u6570\u3044\u308b\u5834\u5408\u306f\u3001\u4ee3\u8868\u8005\u4ee5\u5916\u306e\u65b9\u306e\u4eba\u6570\u3092\u300c\u307b\u304b\u25cb\u540d\u300d\u3068\u8a18\u5165\u3057\u307e\u3059\u3002<\/p>\n<p>\uff11\u540d\u306e\u307f\u306e\u62db\u5f85\u3067\u3042\u3063\u3066\u3082\u300c\u307b\u304b\uff10\u540d\u300d\u3068\u8a18\u5165\u3057\u3066\u304a\u304d\u307e\u3057\u3087\u3046\u3002<\/p>\n<p>\u307e\u305f\u3001\u8907\u6570\u540d\u306e\u7533\u8acb\u4eba\u3067\u3042\u308b\u5916\u56fd\u4eba\uff08\u547c\u3070\u308c\u308b\u4eba\uff09\u304c\u3044\u308b\u5834\u5408\u306f\u5225\u9014\u300c\u7533\u8acb\u4eba\u540d\u7c3f\u300d\u3082\u4f5c\u6210\u3057\u3066\u304f\u3060\u3055\u3044\u3002<\/p>\n<h3>\uff13\u3001\u7533\u8acb\u4eba\u306e\u5165\u56fd\u5e74\u6708\u65e5\uff08\u4e88\u5b9a\u65e5\uff09<\/h3>\n<p>\u4f5c\u6210\u6bb5\u968e\u3067\u4e88\u5b9a\u3057\u3066\u3044\u308b\u65e5\u672c\u3078\u306e\u5165\u56fd\u5e74\u6708\u65e5\u3092\u8a18\u5165\u3057\u307e\u3059\u3002\u98db\u884c\u6a5f\u306e\u30c1\u30b1\u30c3\u30c8\u306a\u3069\u304c\u3042\u308b\u5834\u5408\u306f\u3001\u305d\u306e\u65e5\u4ed8\uff08\u5230\u7740\u65e5\uff09\u3068\u5408\u308f\u305b\u308b\u3088\u3046\u306b\u8a18\u5165\u3057\u3066\u304f\u3060\u3055\u3044\u3002<\/p>\n<h3>\uff14\u3001\u884c\u52d5\u4e88\u5b9a\uff08\u5165\u56fd\u521d\u65e5\uff09<\/h3>\n<p>\uff13\u306e\u5165\u56fd\u521d\u65e5\u306e\u884c\u52d5\u4e88\u5b9a\u3092\u8a18\u5165\u3057\u307e\u3059\u3002<\/p>\n<p>\u521d\u65e5\u3068\u3044\u3046\u3053\u3068\u306f\u3001\u51fa\u56fd\u3057\u305f\u7a7a\u6e2f\u3068\u5165\u56fd\u3057\u305f\u7a7a\u6e2f\u306a\u3069\u3092\u8a18\u5165\u3057\u3066\u304f\u3060\u3055\u3044\u3002<\/p>\n<p>\u8a18\u5165\u4f8b\uff09\u65e5\u672c\u5165\u56fd\u3000\u4e0a\u6d77\u56fd\u969b\u7a7a\u6e2f\u301c\u7fbd\u7530\u7a7a\u6e2f<\/p>\n<h3>\uff15\u3001\u9023\u7d61\u5148\uff08\u6ede\u5728\u4e2d\uff09<\/h3>\n<p>\u65e5\u672c\u3067\u306e\u5354\u529b\u8005\u3067\u3042\u308b\u300c\u62db\u3078\u3044\u4eba\u300d\u3068\u300c\u8eab\u5143\u4fdd\u8a3c\u4eba\u300d\u306e\u9023\u7d61\u5148\u3092\u8a18\u5165\u3057\u3066\u304f\u3060\u3055\u3044\u3002<\/p>\n<p>\u62db\u3078\u3044\u4eba\u304c\u8eab\u5143\u4fdd\u8a3c\u4eba\u3092\u517c\u4efb\u3059\u308b\u5834\u5408\u306e\u8a18\u5165\u4f8b<\/p>\n<p>\u300c\u62db\u3078\u3044\u4eba\u304a\u3088\u3073\u8eab\u5143\u4fdd\u8a3c\u4eba\u306e\u643a\u5e2f\u96fb\u8a71\u00d7\u00d7\u00d7-\u00d7\u00d7\u00d7\u00d7-\u00d7\u00d7\u00d7\u00d7\u300d<\/p>\n<h3>\uff16\u3001\u5bbf\u6cca\u4e88\u5b9a\u5148\uff08\u7533\u8acb\u4eba\u3067\u3042\u308b\u5916\u56fd\u4eba\uff08\u547c\u3070\u308c\u308b\u4eba\uff09\u306e\u5bbf\u6cca\u5148\uff09<\/h3>\n<p>\u7533\u8acb\u4eba\u3067\u3042\u308b\u5916\u56fd\u4eba\uff08\u547c\u3070\u308c\u308b\u4eba\uff09\u304c\u5bbf\u6cca\u3059\u308b\u65bd\u8a2d\u306e\u540d\u524d\u3068\u6240\u5728\u5730\u3092\u8a18\u5165\u3057\u3066\u304f\u3060\u3055\u3044\u3002<\/p>\n<p>\u30db\u30c6\u30eb\u306a\u3069\u306e\u5bbf\u6cca\u65bd\u8a2d\u306b\u6ede\u5728\u3059\u308b\u5834\u5408\u306f\u3001\u30db\u30c6\u30eb\u306e\u540d\u524d\u306a\u3069\u3092\u7701\u7565\u305b\u305a\u306b\u8a18\u5165\u3057\u3066\u304f\u3060\u3055\u3044\u3002<\/p>\n<p>\u306a\u304a\u3001\u62db\u3078\u3044\u4eba\u3084\u8eab\u5143\u4fdd\u8a3c\u4eba\u306e\u81ea\u5b85\u3067\u6ede\u5728\u3059\u308b\u5834\u5408\u306f\u3001\u300c\u62db\u3078\u3044\u4eba\u306e\u81ea\u5b85\u300d\u3068\u8a18\u5165\u3057\u3066\u304f\u3060\u3055\u3044\u3002\u305d\u306e\u969b\u3082\u3001\u4f4f\u6c11\u7968\u306e\u8a18\u8f09\u901a\u308a\u306b\u4f4f\u6240\u306f\u8a18\u5165\u3057\u3066\u304f\u3060\u3055\u3044\u3002<\/p>\n<h3>\uff17\u3001\u5e74\u6708\u65e5\u30fb\u884c\u52d5\u4e88\u5b9a\uff08\u7533\u8acb\u4eba\u3067\u3042\u308b\u5916\u56fd\u4eba\uff08\u547c\u3070\u308c\u308b\u4eba\uff09\u306e\uff12\u65e5\u76ee\u4ee5\u964d\u306e\u884c\u52d5\u4e88\u5b9a\uff09<\/h3>\n<p>\uff14\u306e\u5165\u56fd\u521d\u65e5\u306e\u884c\u52d5\u4e88\u5b9a\u306e\u4e0b\u304b\u3089\u8a18\u5165\u3059\u308b\u90e8\u5206\u306b\u306a\u308a\u307e\u3059\u3002<\/p>\n<p>\u3064\u307e\u308a\u3001\u65e5\u672c\u6765\u65e5\uff12\u65e5\u76ee\u4ee5\u964d\u306e\u884c\u52d5\u4e88\u5b9a\u3067\u3059\u3002<\/p>\n<p>\u5f53\u7136\u3067\u3059\u304c\u3001\u3088\u308a\u5177\u4f53\u7684\u306b\u8a18\u5165\u3059\u308b\u3088\u3046\u306b\u3057\u3066\u304f\u3060\u3055\u3044\u3002<\/p>\n<p><strong>\u8a18\u5165\u4f8b\uff09<\/strong><\/p>\n<div class=\"teblekihon\">\n<table width=\"100%;\" style=\"border-collapse: collapse;\" >\n<tr>\n<th style=\"width:50%\">\u5e74\u6708\u65e5<\/th>\n<th style=\"width:50%\">\u884c\u52d5\u4e88\u5b9a<\/th>\n<\/tr>\n<tr>\n<td>\u4ee4\u548c\u25cb\u5e74\u25cb\u6708\u25cb\u65e5<\/td>\n<td>\u25cb\u25cb\u770c\u306e\u53cb\u4eba\u5b85\u3078\u8a2a\u554f<\/td>\n<\/tr>\n<tr>\n<td>\u4ee4\u548c\u25cb\u5e74\u25cb\u6708\u25cb\u65e5<\/td>\n<td>\u25cb\u25cb\u770c\u306e\u89b3\u5149\u30b9\u30dd\u30c3\u30c8\uff08\u540d\u524d\uff09\u3092\u898b\u5b66<\/td>\n<\/tr>\n<tr>\n<td>\u4ee4\u548c\u25cb\u5e74\u25cb\u6708\u25cb\u65e5<\/td>\n<td>\u62db\u3078\u3044\u4eba\u306e\u5bb6\u65cf\u3068\u81ea\u5b85\u3067\u98df\u4e8b\u4f1a<\/td>\n<\/tr>\n<tr>\n<td>\u4ee4\u548c\u25cb\u5e74\u25cb\u6708\u25cb\u65e5<\/td>\n<td>\u62db\u3078\u3044\u4eba\u81ea\u5b85\u3067\u751f\u307e\u308c\u305f\u3070\u304b\u308a\u306e\u5b6b\u306e\u4e16\u8a71\u3092\u3059\u308b<\/td>\n<\/tr>\n<\/table><\/div>\n<p>\u306a\u3069\u306a\u3069\u3001\u3088\u308a\u5177\u4f53\u7684\u3067\u3042\u308c\u3070\u3042\u308b\u307b\u3069\u4fe1\u6191\u6027\u304c\u5897\u3057\u307e\u3059\u3002<\/p>\n<p>\u8a73\u7d30\u306a\u6642\u9593\u306a\u3069\u3092\u8a18\u5165\u3059\u308b\u5fc5\u8981\u306f\u306a\u3044\u306e\u3067\u3001\u300c\u672a\u5b9a\u300d\u3068\u3044\u3046\u8a18\u5165\u3060\u3051\u306f\u3084\u3081\u307e\u3057\u3087\u3046\u3002<\/p>\n<h3>\uff18\u3001\u9023\u7d61\u5148\u30fb\u5bbf\u6cca\u5148<\/h3>\n<p>\u3053\u306e\u6b04\u306f\u524d\u65e5\u3068\u5909\u66f4\u304c\u306a\u3051\u308c\u3070\u3001\u300c\u540c\u4e0a\u300d\u3068\u8a18\u5165\u3057\u3066\u69cb\u3044\u307e\u305b\u3093\u3002<\/p>\n<p>\u3082\u3057\u3082\u5bbf\u6cca\u5148\u3092\u5909\u66f4\u3059\u308b\u5834\u5408\u306f\u3001\u3053\u306e\u6b04\u306b5\u3001\uff16\u3067\u304a\u4f1d\u3048\u3057\u305f\u901a\u308a\u306b\u3001\u6b63\u78ba\u306b\u5bbf\u6cca\u5148\u306e\u9023\u7d61\u5148\u3084\u5bbf\u6cca\u5148\u3092\u8a18\u5165\u3057\u3066\u304f\u3060\u3055\u3044\u3002<\/p>\n<h3>\uff19\u3001\u51fa\u56fd\u65e5\u306e\u4e88\u5b9a<\/h3>\n<p>\u6ede\u5728\u4e88\u5b9a\u8868\u306e\u6700\u5f8c\u306f\u5fc5\u305a\u3001\u7533\u8acb\u4eba\u3067\u3042\u308b\u5916\u56fd\u4eba\u306e\u51fa\u56fd\u6642\u306b\u5229\u7528\u3059\u308b\u7a7a\u6e2f\u306a\u3069\u3092\u8a18\u5165\u3057\u3066\u304f\u3060\u3055\u3044\u3002<\/p>\n<p>\u5165\u56fd\u6642\u306e\u7a7a\u6e2f\u3068\u51fa\u56fd\u6642\u306e\u7a7a\u6e2f\u304c\u9055\u3046\u5834\u5408\u3067\u3082\u554f\u984c\u306f\u3042\u308a\u307e\u305b\u3093\u3002<\/p>\n<p>\u8a18\u5165\u4f8b\uff09<\/p>\n<p>\u65e5\u672c\u51fa\u56fd\u3000\u6210\u7530\u7a7a\u6e2f\u301c\u4e0a\u6d77\u56fd\u969b\u7a7a\u6e2f<\/p>\n<h3>\uff11\uff10\u3001\u51fa\u56fd\u65e5\u306e\u5bbf\u6cca\u4e88\u5b9a\u5148<\/h3>\n<p>\u51fa\u56fd\u65e5\u306e\u9023\u7d61\u5148\u6b04\u306f\u5fc5\u305a\u8a18\u5165\u3057\u307e\u3059\uff08\u540c\u3058\u3067\u3042\u308c\u3070\u300c\u540c\u4e0a\u300d\u3068\u8a18\u5165\uff09\u304c\u3001\u5bbf\u6cca\u5148\u306f\u306a\u3044\u306e\u304c\u901a\u5e38\u3067\u3059\u306e\u3067\u300c\u306a\u3057\u300d\u306a\u3069\u3092\u8a18\u5165\u3059\u308b\u3088\u3046\u306b\u3057\u307e\u3057\u3087\u3046\u3002<\/p>\n<p>\u3067\u304d\u308b\u9650\u308a\u3001\u7a7a\u6b04\u306b\u3059\u308b\u3053\u3068\u306f\u907f\u3051\u3066\u304f\u3060\u3055\u3044\u3002<\/p>\n","protected":false},"excerpt":{"rendered":"<p>\u77ed\u671f\u6ede\u5728\u30d3\u30b6\u306f\u305d\u306e\u540d\u306e\u901a\u308a\u77ed\u671f\u9593\u3060\u3051\u65e5\u672c\u306b\u6765\u65e5\u3057\u3066\u3001\u4e00\u6642\u6ede\u5728\u3059\u308b\u5916\u56fd\u4eba\u306b\u53d6\u5f97\u3055\u305b\u308b\u5728\u7559\u8cc7\u683c\u3067\u300190\u65e5\u4ee5\u5185\u306b\u5e30\u56fd\u3059\u308b\u3053\u3068\u304c\u524d\u63d0\u3068\u3055\u308c\u3066\u3044\u308b\u30d3\u30b6\u3067\u3059\u3002 &nbsp; \u4ed6\u306e\u30d3\u30b6\u306f\u57fa\u672c\u7684\u306b\u9577\u671f\u5728\u7559\u3092\u76ee\u7684\u3068\u3057\u305f\u5728\u7559\u8cc7\u683c\u3067\u3059\u306e\u3067\u3001\u305d &#8230;<\/p>\n","protected":false},"author":1,"featured_media":0,"parent":0,"menu_order":0,"comment_status":"closed","ping_status":"closed","template":"","meta":{"footnotes":""},"class_list":["post-67","page","type-page","status-publish","hentry"],"aioseo_notices":[],"_links":{"self":[{"href":"https:\/\/samurai-law.com\/tanki\/wp-json\/wp\/v2\/pages\/67","targetHints":{"allow":["GET"]}}],"collection":[{"href":"https:\/\/samurai-law.com\/tanki\/wp-json\/wp\/v2\/pages"}],"about":[{"href":"https:\/\/samurai-law.com\/tanki\/wp-json\/wp\/v2\/types\/page"}],"author":[{"embeddable":true,"href":"https:\/\/samurai-law.com\/tanki\/wp-json\/wp\/v2\/users\/1"}],"replies":[{"embeddable":true,"href":"https:\/\/samurai-law.com\/tanki\/wp-json\/wp\/v2\/comments?post=67"}],"version-history":[{"count":2,"href":"https:\/\/samurai-law.com\/tanki\/wp-json\/wp\/v2\/pages\/67\/revisions"}],"predecessor-version":[{"id":69,"href":"https:\/\/samurai-law.com\/tanki\/wp-json\/wp\/v2\/pages\/67\/revisions\/69"}],"wp:attachment":[{"href":"https:\/\/samurai-law.com\/tanki\/wp-json\/wp\/v2\/media?parent=67"}],"curies":[{"name":"wp","href":"https:\/\/api.w.org\/{rel}","templated":true}]}}