{"id":89,"date":"2023-09-05T21:10:36","date_gmt":"2023-09-05T12:10:36","guid":{"rendered":"http:\/\/samurai-law.com\/spain\/?page_id=89"},"modified":"2023-09-05T21:10:36","modified_gmt":"2023-09-05T12:10:36","slug":"sub09","status":"publish","type":"page","link":"https:\/\/samurai-law.com\/spain\/sub09\/","title":{"rendered":"\u5b9a\u4f4f\u8005\u30d3\u30b6 Visa de residente de larga duraci\u00f3n"},"content":{"rendered":"<h3><strong>\u5b9a\u4f4f\u8005\u30d3\u30b6<\/strong><br \/>\n<strong><span class=\"ye\">Visa de residente de larga duraci\u00f3n<\/span><\/strong><\/h3>\n<p>\u5b9a\u4f4f\u8005\u30d3\u30b6\u306e\u3088\u304f\u3042\u308b\u4e8b\u4f8b\u3068\u3057\u3066\u306f\uff12\u3064\u8003\u3048\u3089\u307e\u3059\u3002<\/p>\n<p class=\"ye\">Hay 2 ejemplos comunes de visa de residente a largo plazo.<\/p>\n<p>&nbsp;<\/p>\n<p>\u307e\u305a\uff11\u3064\u306f\u3001<\/p>\n<p><strong>\u65e5\u672c\u4eba\u3068\u56fd\u969b\u7d50\u5a5a\u3057\u305f\u5916\u56fd\u4eba\u914d\u5076\u8005\u306e\u300c\u9023\u308c\u5b50\u300d\u3092\u672c\u56fd\u304b\u3089\u547c\u3073\u5bc4\u305b\u308b\u5834\u5408\u3067\u3059\u3002<\/strong><\/p>\n<p class=\"ye\">La primera es,<\/p>\n<p class=\"ye\"><strong>Se trata de llamar &#8220;hijo(s)&#8221; del c\u00f3nyuge extranjero que se cas\u00f3 con un japon\u00e9s <\/strong><br \/>\n<strong>en matrimonio internacional.<\/strong><\/p>\n<p>&nbsp;<\/p>\n<p>\uff12\u3064\u76ee\u306f\u3001<\/p>\n<p><strong>\u300c\u65e5\u672c\u4eba\u306e\u914d\u5076\u8005\u7b49\u300d\u306e\u5916\u56fd\u4eba\u304c\u65e5\u672c\u4eba\u3068\u96e2\u5a5a\u304b\u3001\u6b7b\u5225\u3057\u305f\u5834\u5408\u306b\u305d\u306e\u307e\u307e\u65e5\u672c\u306b\u3044\u305f\u3044\u306e\u3067\u300c\u5b9a\u4f4f\u8005\u30d3<\/strong><br \/>\n<strong>\u30b6\u300d\u306b\u5909\u66f4\u3059\u308b\u5834\u5408\u3001<\/strong><\/p>\n<p class=\"ye\">La segunda es,<\/p>\n<p class=\"ye\"><strong>Si un extranjero, como &#8220;c\u00f3nyuge de japon\u00e9s&#8221;, se divorcia o el japon\u00e9s fallece, y desea permanecer en Jap\u00f3n tal cual, cambiando as\u00ed a una &#8220;visa de residente a largo plazo&#8221;<\/strong><\/p>\n<p>&nbsp;<\/p>\n<p><strong>\u305d\u308c\u305e\u308c\u8aac\u660e\u3057\u3066\u3044\u304d\u305f\u3044\u3068\u601d\u3044\u307e\u3059\u3002<\/strong><\/p>\n<p>\u307e\u305a\uff11\u3064\u76ee\u306e\u3001\u65e5\u672c\u4eba\u3068\u56fd\u969b\u7d50\u5a5a\u3057\u305f\u5916\u56fd\u4eba\u914d\u5076\u8005\u306e\u300c\u9023\u308c\u5b50\u300d\u3092\u672c\u56fd\u304b\u3089\u547c\u3073\u5bc4\u305b\u308b\u5834\u5408\u3067\u3059\u3002<\/p>\n<p>\u5916\u56fd\u4eba\u914d\u5076\u8005\u304c\u65e5\u672c\u4eba\u3068\u7d50\u5a5a\u3059\u308b\u524d\u306e\u3001\u524d\u306e\u914d\u5076\u8005\u3068\u306e\u9593\u306b\u3067\u304d\u305f\u5b50\u4f9b\u304c\u6bcd\u56fd\u306b\u3044\u3066\u3001\u305d\u306e\u5b50\u3092\u65e5\u672c\u306b\u547c\u3073\u5bc4\u305b\u308b\u5834\u5408\u3067\u3059\u3002<\/p>\n<p class=\"ye\"><strong>Me gustar\u00eda explicar sobre cada uno.<\/strong><\/p>\n<p>La primera es cuando llama a un &#8220;hijo&#8221; del c\u00f3nyuge extranjero que se cas\u00f3 con un japon\u00e9s.<\/p>\n<p class=\"ye\">Este es un caso en el que el c\u00f3nyuge extranjero tiene un hijo nacido con el c\u00f3nyuge anterior antes de casarse con una persona japonesa y trae al ni\u00f1o a Jap\u00f3n.<\/p>\n<p>&nbsp;<\/p>\n<p>\u3053\u306e\u5834\u5408\u306b\u6761\u4ef6\u3068\u306a\u308b\u306e\u306f\u3001\u5b50\u4f9b\u304c\u672a\u6210\u5e74\u3067\u3001\u672a\u5a5a\u3067\u3042\u308b\u3053\u3068\u304c\u6761\u4ef6\u3067\u3059\u3002\u3067\u3059\u306e\u3067\uff12\uff10\u6b73\u4ee5\u4e0a\u306b\u306a\u3063\u3066\u3044\u308b\u5834\u5408\u306f\u5b9a\u4f4f\u8005\u30d3\u30b6\u3067\u306f\u65e5\u672c\u306b\u547c\u3079\u307e\u305b\u3093\u3002\u307e\u305f\u3001\u57fa\u672c\u7684\u306b\u5b50\u4f9b\u306e\u5e74\u9f62\u304c\u9ad8\u304f\u306a\u308b\u307b\u3069\u547c\u3073\u5bc4\u305b\u306f\u96e3\u3057\u304f\u306a\u308a\u307e\u3059\u3002<\/p>\n<p class=\"ye\">En este caso, la condici\u00f3n es que el hijo sea menor de edad y soltero. Por lo tanto, si tiene m\u00e1s de 20 a\u00f1os, no puede ser invitado a Jap\u00f3n con una visa de residente a largo plazo. Adem\u00e1s, b\u00e1sicamente, cuanto mayor es el ni\u00f1o, m\u00e1s dif\u00edcil es traer.<\/p>\n<p>&nbsp;<\/p>\n<p>\u4e00\u822c\u7684\u306b\u3001\u9ad8\u6821\u5352\u696d\u306e\u5e74\u9f62\u3001\uff11\uff18\u6b73\u306b\u306a\u3063\u305f\u5b50\u3069\u3082\u306f\u3001\u307e\u3060\u672a\u6210\u5e74\u3067\u3059\u304c\u81ea\u5206\u3067\u751f\u6d3b\u3067\u304d\u308b\u80fd\u529b\u304c\u3042\u308b\u3068\u5224\u65ad\u3055\u308c\u3084\u3059\u304f\u4e0d\u8a31\u53ef\u306b\u306a\u308a\u3084\u3059\u3044\u5074\u9762\u304c\u3042\u308a\u307e\u3059\u3002<\/p>\n<p class=\"ye\">En general, los ni\u00f1os que se graduaron de la escuela secundaria o que cumplieron los 18 a\u00f1os siguen siendo menores de edad, pero es probable que se los considere capaces de vivir solos, y hay un aspecto en el que es m\u00e1s probable que el permiso sea denegado.<\/p>\n<p>&nbsp;<\/p>\n<p>\u3067\u306f\uff12\u3064\u76ee\u3067\u3059\u304c\u300c\u65e5\u672c\u4eba\u306e\u914d\u5076\u8005\u300d\u3092\u6301\u3063\u3066\u3044\u308b\u5916\u56fd\u4eba\u304c\u65e5\u672c\u4eba\u3068\u96e2\u5a5a\u304b\u3001\u6b7b\u5225\u3057\u305f\u5834\u5408\u306b\u3001\u305d\u306e\u307e\u307e\u65e5\u672c\u306b\u3044\u305f\u3044\u306e\u3067\u300c\u5b9a\u4f4f\u8005\u300d\u306b\u5909\u66f4\u3059\u308b\u5834\u5408\u3067\u3059\u306d\u3002<\/p>\n<p class=\"ye\">En segundo lugar, si un extranjero que tiene un &#8220;c\u00f3nyuge japon\u00e9s&#8221; est\u00e1 divorciado o enviudado de un japon\u00e9s y quiere quedarse en Jap\u00f3n, cambie a un &#8220;residente a largo plazo&#8221;.<\/p>\n<p>&nbsp;<\/p>\n<p>\u3053\u306e\u5834\u5408\u30dd\u30a4\u30f3\u30c8\u306b\u306a\u308b\u306e\u306f\u3001\u65e5\u672c\u56fd\u7c4d\u306e\u5b50\u4f9b\u304c\u3044\u308b\u304b\u3044\u306a\u3044\u304b\u3067\u3059\u3002\u65e5\u672c\u56fd\u7c4d\u306e\u5b50\u4f9b\u304c\u3044\u306a\u3044\u5834\u5408\u306f\u3001\u540c\u5c45\u3057\u305f\u7d50\u5a5a\u671f\u9593\u304c\u6700\u4f4e\uff13\u5e74\u4ee5\u4e0a\u5fc5\u8981\u3067\u3059\u3002\u65e5\u672c\u56fd\u7c4d\u306e\u5b50\u4f9b\u304c\u3044\u308b\u5834\u5408\u306f\u3001\u7d50\u5a5a\u671f\u9593\u304c\uff11\u5e74\u7a0b\u5ea6\u3067\u3082\u53ef\u80fd\u6027\u306f\u3042\u308a\u307e\u3059\u3002\u65e5\u672c\u3067\u65e5\u672c\u56fd\u7c4d\u306e\u5b50\u4f9b\u3068\u540c\u5c45\u3057\u990a\u80b2\u3059\u308b\u3053\u3068\u3067\u3059\u3002\u3082\u3057\u3001\u5b50\u4f9b\u3092\u672c\u56fd\u306e\u89aa\u306b\u9810\u3051\u308b\u5834\u5408\u306f\u3001\u5b50\u4f9b\u306e\u990a\u80b2\u3092\u7406\u7531\u3068\u3057\u305f\u5b9a\u4f4f\u8005\u3078\u5909\u66f4\u306f\u3067\u304d\u307e\u305b\u3093\u3002<\/p>\n<p class=\"ye\">En este caso, la cuesti\u00f3n es si hay o no hijos de nacionalidad japonesa. Si no tiene hijos de nacionalidad japonesa, debe haber estado viviendo y casado por lo menos 3 a\u00f1os. Si tiene un hijo de nacionalidad japonesa, existe la posibilidad incluso si el per\u00edodo de matrimonio es de aproximadamente 1 a\u00f1o. Vivir y criar a un ni\u00f1o con nacionalidad japonesa en Jap\u00f3n. Si deja a su hijo con un padre en su pa\u00eds de origen, no puede cambiar a un residente a largo plazo por el motivo de criar al ni\u00f1o.<\/p>\n<p>&nbsp;<\/p>\n<p>\u5b9a\u4f4f\u8005\u30d3\u30b6\u306f\u5c31\u52b4\u5236\u9650\u304c\u306a\u3044\u306e\u3067\u3001\u3069\u3093\u306a\u8077\u7a2e\u3067\u3082\u50cd\u304f\u3053\u3068\u304c\u3067\u304d\u307e\u3059\u3002\u30d3\u30b6\u53d6\u5f97\u306b\u5b66\u6b74\u306a\u3069\u3082\u95a2\u4fc2\u3042\u308a\u307e\u305b\u3093\u3002<\/p>\n<p class=\"ye\">Una visa de residente a largo plazo no tiene restricciones de trabajo, por lo que puede trabajar en cualquier ocupaci\u00f3n. La formaci\u00f3n acad\u00e9mica es irrelevante para obtener una visa.<\/p>\n<h3><strong>\u5b9a\u4f4f\u8005\u30d3\u30b6\u306b\u95a2\u3059\u308b\u3088\u304f\u3042\u308b\u8cea\u554f<\/strong><\/h3>\n<h4><strong>\u300c\u65e5\u672c\u4eba\u306e\u914d\u5076\u8005\u7b49\u300d\u304b\u3089\u300c\u5b9a\u4f4f\u8005\u300d\u3078\u306e\u5909\u66f4<\/strong><\/h4>\n<p>\u65e5\u672c\u4eba\u3068\u7d50\u5a5a\u3092\u3057\u3066\u3044\u3066\u300c\u65e5\u672c\u4eba\u306e\u914d\u5076\u8005\u7b49\u300d\u306e\u30d3\u30b6\u3092\u6301\u3063\u3066\u3044\u305f\u65b9\u304c\u3001\u65e5\u672c\u4eba\u3068\u96e2\u5a5a\u3057\u305f\u5834\u5408\u306b\u30d3\u30b6\u3092\u3069\u3046\u3059\u308b\u304b\uff1f\u3068\u3044\u3046\u554f\u984c\u304c\u767a\u751f\u3057\u307e\u3059\u3002\u305d\u306e\u5834\u5408\u306b\u3088\u304f\u3042\u308b\u8cea\u554f\u3068\u3057\u3066\u306f\u3001\u300c\u79c1\u306f\u96e2\u5a5a\u3057\u3066\u3082\u3053\u306e\u307e\u307e\u65e5\u672c\u306b\u3044\u308b\u3053\u3068\u306f\u3067\u304d\u308b\u3067\u3057\u3087\u3046\u304b\uff1f\u300d\u3068\u3044\u3046\u8cea\u554f\u3067\u3059\u3002<\/p>\n<p>&nbsp;<\/p>\n<p>\u7b54\u3048\u3068\u3057\u3066\u306f\u3001\u65e5\u672c\u4eba\u3068\u7d50\u5a5a\u3057\u3066\u300c\u65e5\u672c\u4eba\u306e\u914d\u5076\u8005\u7b49\u300d\u306e\u30d3\u30b6\u3067\uff13\u5e74\u4ee5\u4e0a\u5728\u7559\u3057\u3066\u3044\u305f\u306e\u3067\u3042\u308c\u3070\u3001\u96e2\u5a5a\u3057\u3066\u3082\u300c\u5b9a\u4f4f\u8005\u30d3\u30b6\u300d\u3078\u306e\u5909\u66f4\u304c\u3067\u304d\u307e\u3059\u3002<\/p>\n<p>&nbsp;<\/p>\n<p>\u96e2\u5a5a\u5f8c\u306b\u300c\u5b9a\u4f4f\u8005\u300d\u306b\u5909\u66f4\u3057\u3066\u65e5\u672c\u306b\u6b8b\u308a\u305f\u3044\u5834\u5408\u306f\u3001\u73fe\u5728\u306e\u53ce\u5165\u306e\u8a3c\u660e\u3084\u3001\u4eca\u5f8c\u65e5\u672c\u3067\u3069\u306e\u3088\u3046\u306b\u751f\u6d3b\u3057\u3066\u3044\u304f\u306e\u304b\u3001\u306a\u305c\u65e5\u672c\u306b\u6b8b\u308a\u305f\u3044\u306e\u304b\u3001\u306a\u3069\u7406\u7531\u66f8\u306b\u5408\u7406\u7684\u30fb\u8aac\u5f97\u7684\u306b\u8a18\u8f09\u3057\u3066\u7533\u8acb\u3092\u3059\u308b\u5fc5\u8981\u304c\u3042\u308a\u307e\u3059\u3002<\/p>\n<h3 class=\"ye\"><strong>Preguntas Frecuentes sobre la Visa de Residente a largo plazo<\/strong><\/h3>\n<h4 class=\"ye\"><strong>Cambio de &#8220;c\u00f3nyuge o hijo de ciudadano japon\u00e9s&#8221; a &#8220;residente a largo plazo&#8221;<\/strong><\/h4>\n<p class=\"ye\">Si est\u00e1 casado con una persona japonesa y tiene una visa de &#8220;c\u00f3nyuge o hijo de ciudadano japon\u00e9s&#8221;, \u00bfqu\u00e9 debe hacer con su visa si se divorcia de una persona japonesa? ocurre un problema. En ese caso, una pregunta que se hace a menudo es: &#8220;\u00bfPodr\u00e9 quedarme en Jap\u00f3n aunque me divorcie?&#8221;<\/p>\n<p>&nbsp;<\/p>\n<p class=\"ye\">Como respuesta, si ha estado casado con una persona japonesa y permaneci\u00f3 en Jap\u00f3n durante m\u00e1s de 3 a\u00f1os con una visa de &#8220;c\u00f3nyuge o hijo de un ciudadano japon\u00e9s&#8221;, puede cambiar a una &#8220;visa de residente a largo plazo&#8221; incluso si se divorcia.<\/p>\n<p>&nbsp;<\/p>\n<p class=\"ye\">Si desea cambiar a un &#8220;residente a largo plazo&#8221; y permanecer en Jap\u00f3n despu\u00e9s del divorcio, debe proporcionar prueba de sus ingresos actuales, c\u00f3mo vivir\u00e1 en Jap\u00f3n en el futuro y por qu\u00e9 desea permanecer en Jap\u00f3n. Es necesario describir y aplicar persuasivamente.<\/p>\n<h5>\u30dd\u30a4\u30f3\u30c8<\/h5>\n<p><strong>\u65e5\u672c\u56fd\u7c4d\u306e\u5b50\u4f9b\u304c\u3044\u306a\u3044\u5834\u5408\u306f\u3001\u540c\u5c45\u3057\u305f\u7d50\u5a5a\u671f\u9593\u304c\u6700\u4f4e\uff13\u5e74\u4ee5\u4e0a\u5fc5\u8981\u3067\u3059\u3002<\/strong><\/p>\n<p><strong>\u65e5\u672c\u56fd\u7c4d\u306e\u5b50\u4f9b\u304c\u3044\u308b\u5834\u5408\u306f\u3001\u7d50\u5a5a\u671f\u9593\u304c\uff11\u5e74\u7a0b\u5ea6\u3067\u3082\u53ef\u80fd\u6027\u306f\u3042\u308a\u307e\u3059\u3002<\/strong><\/p>\n<h5 class=\"ye\">Clave<\/h5>\n<p class=\"ye\"><strong>Si no tiene hijos de nacionalidad japonesa, debe haber estado casado por lo menos 3 a\u00f1os.<\/strong><\/p>\n<p class=\"ye\"><strong>Si tiene un hijo de nacionalidad japonesa, existe la posibilidad incluso si el per\u00edodo de matrimonio es de aproximadamente 1 a\u00f1o.<\/strong><\/p>\n<h3><strong>\u65e5\u672c\u56fd\u7c4d\u306e\u5b50\u4f9b\u306e\u990a\u80b2\u3092\u7406\u7531\u306b\u300c\u5b9a\u4f4f\u8005\u300d\u3078\u306e\u5909\u66f4<\/strong><\/h3>\n<p>\u65e5\u672c\u56fd\u7c4d\u306e\u5b50\u4f9b\u3092\u990a\u80b2\u3057\u3066\u3044\u308b\u5834\u5408\u306f\u300c\u5b9a\u4f4f\u8005\u300d\u306e\u30d3\u30b6\u3078\u5909\u66f4\u304c\u53ef\u80fd\u3067\u3059\u3002<\/p>\n<p>\u3053\u306e\u5834\u5408\u306e\u5b9a\u4f4f\u8005\u30d3\u30b6\u3078\u306e\u5909\u66f4\u306e\u6761\u4ef6\u3068\u3057\u3066\u306f\u3001\u300c\u65e5\u672c\u3067\u65e5\u672c\u56fd\u7c4d\u306e\u5b50\u4f9b\u3068\u540c\u5c45\u3057\u990a\u80b2\u3059\u308b\u3053\u3068\u300d\u3067\u3059\u3002<\/p>\n<h3 class=\"ye\"><strong>Cambio a &#8220;residente a largo plazo&#8221; por el motivo de criar a un hijo con nacionalidad japonesa<\/strong><\/h3>\n<p class=\"ye\">Si est\u00e1 criando a un hijo de nacionalidad japonesa, puede cambiar a una visa de &#8220;residente a largo plazo&#8221;.<\/p>\n<p class=\"ye\">En este caso, la condici\u00f3n para cambiar a una visa de residente a largo plazo es &#8220;vivir y criar a un ni\u00f1o de nacionalidad japonesa en Jap\u00f3n&#8221;.<\/p>\n<p>&nbsp;<\/p>\n<p>\u5b50\u4f9b\u3092\u672c\u56fd\u306e\u89aa\u306b\u9810\u3051\u308b\u5834\u5408\u306f\u3001\u5b50\u4f9b\uff08\u65e5\u672c\u56fd\u7c4d\uff09\u306e\u990a\u80b2\u3092\u7406\u7531\u3068\u3057\u305f\u5b9a\u4f4f\u8005\u3078\u5909\u66f4\u306f\u8a8d\u3081\u3066\u3082\u3089\u3048\u307e\u305b\u3093\u3002\u4eee\u306b\u5b50\u4f9b\u304c\u5c0f\u3055\u304f\u50cd\u3051\u306a\u3044\u5834\u5408\u306b\u751f\u6d3b\u4fdd\u8b77\u3092\u53d7\u3051\u3066\u3044\u308b\u5834\u5408\u3067\u3082\u3001\u5b50\u4f9b\u304c\u5c11\u3057\u5927\u304d\u304f\u306a\u3063\u3066\u4fdd\u80b2\u5712\u306b\u9810\u3051\u308b\u3053\u3068\u304c\u3067\u304d\u308b\u3088\u3046\u306b\u306a\u3063\u305f\u3089\u81ea\u5206\u3067\u50cd\u3044\u3066\u751f\u6d3b\u3059\u308b\u3053\u3068\u3092\u8003\u3048\u3066\u3044\u308b\u3068\u3044\u3046\u5185\u5bb9\u3092\u6587\u66f8\u3067\u8aac\u660e\u3059\u308b\u3053\u3068\u304c\u5fc5\u8981\u3067\u3059\u3002<\/p>\n<p class=\"ye\">Si deja a su hijo con un padre en su pa\u00eds de origen, no se le permitir\u00e1 cambiar a un residente a largo plazo por el motivo de criar al ni\u00f1o (de nacionalidad japonesa). Debe explicar por escrito que aunque su hijo sea demasiado peque\u00f1o para trabajar y usted est\u00e9 recibiendo asistencia p\u00fablica, usted est\u00e1 pensando en trabajar y vivir por su cuenta cuando su hijo crezca un poco y pueda ser enviado a una guarder\u00eda.<\/p>\n<p>&nbsp;<\/p>\n<h5><strong>\u30dd\u30a4\u30f3\u30c8<\/strong><\/h5>\n<p><strong>\u65e5\u672c\u56fd\u7c4d\u306e\u5b50\u4f9b\u304c\u3044\u308b\u5834\u5408\u306f\u3001\u7d50\u5a5a\u671f\u9593\u304c\uff11\u5e74\u7a0b\u5ea6\u3067\u3082\u53ef\u80fd\u6027\u306f\u3042\u308a\u307e\u3059\u3002<\/strong><\/p>\n<h5 class=\"ye\"><strong>Clave<\/strong><\/h5>\n<p class=\"ye\"><strong>Si tiene un hijo de nacionalidad japonesa, existe la posibilidad incluso si el per\u00edodo de matrimonio es de aproximadamente 1 a\u00f1o.<\/strong><\/p>\n<h4><strong>\u672a\u6210\u5e74\u306e\u9023\u308c\u5b50\u3092\u547c\u3076<\/strong><\/h4>\n<p>\u300c\u65e5\u672c\u4eba\u306e\u914d\u5076\u8005\u7b49\u300d\u306e\u30d3\u30b6\u3092\u3082\u3064\u5916\u56fd\u4eba\u306e\u65b9\u3067\u3001\u65e5\u672c\u4eba\u3068\u7d50\u5a5a\u3059\u308b\u524d\u3001\u672c\u56fd\u3067\u7d50\u5a5a\u3092\u3057\u3066\u3044\u305f\u5834\u5408\u306b\u305d\u306e\u65b9\u306e\u3068\u306e\u9593\u306b\u5b50\u4f9b\u304c\u3044\u308b\u5834\u5408\u304c\u3042\u308a\u307e\u3059\u3002\u524d\u306e\u914d\u5076\u8005\u3068\u306e\u9593\u306e\u5b50\u4f9b\uff08\u9023\u308c\u5b50\uff09\u3092\u65e5\u672c\u306b\u547c\u3079\u308b\u304b\uff1f\u3068\u3044\u3046\u8cea\u554f\u3092\u3044\u305f\u3060\u304f\u3053\u3068\u304c\u3042\u308a\u307e\u3059\u3002<\/p>\n<h4 class=\"ye\"><strong>Invitar a un hijastro menor de edad<\/strong><\/h4>\n<p class=\"ye\">Si usted es un extranjero con una visa de &#8220;c\u00f3nyuge o hijo de ciudadano japon\u00e9s&#8221; y estuvo casado en su pa\u00eds de origen antes de casarse con una persona japonesa, puede tener hijos con esa persona. \u00bfPuedo traer a mis hijos (hijastros) de mi ex c\u00f3nyuge a Jap\u00f3n?<\/p>\n<p>&nbsp;<\/p>\n<p>\u7b54\u3048\u306f\u3001\u305d\u306e\u5b50\u304c\u672a\u6210\u5e74\u3067\u672a\u5a5a\u3067\u3042\u308c\u3070\u3001\u300c\u5b9a\u4f4f\u8005\u300d\u306e\u30d3\u30b6\u3067\u65e5\u672c\u306b\u547c\u3076\u3053\u3068\u304c\u53ef\u80fd\u3067\u3059\u3002\u305d\u306e\u5834\u5408\u3001\u5916\u56fd\u7c4d\u306e\u5b50\u4f9b\u306f\u65e5\u672c\u306b\u6765\u305f\u5f8c\u3001\u5b66\u6821\u306f\u3069\u3046\u3059\u308b\u306e\u304b\u3001\u307e\u305f\u65e5\u672c\u4eba\u306e\u592b\u306f\u3069\u306e\u3088\u3046\u306b\u990a\u80b2\u306b\u95a2\u308f\u3063\u3066\u3044\u304f\u306e\u304b\uff08\u4f8b\u3048\u3070\u990a\u5b50\u306b\u3044\u308c\u308b\u306e\u304b\u3069\u3046\u304b\u306a\u3069\uff09\u3001\u4eca\u5f8c\u3069\u306e\u3088\u3046\u306a\u8a08\u753b\u304c\u3042\u308b\u306e\u304b\u3092\u5177\u4f53\u7684\u306b\u5165\u56fd\u7ba1\u7406\u5c40\u306b\u63d0\u793a\u3067\u304d\u308c\u3070\u8a31\u53ef\u306b\u306a\u308b\u3068\u601d\u3044\u307e\u3059\u3002<\/p>\n<p class=\"ye\">La respuesta es que si el ni\u00f1o es menor de edad y soltero, puede ser llevado a Jap\u00f3n con una visa de &#8220;residente a largo plazo&#8221;. En ese caso, despu\u00e9s de venir a Jap\u00f3n, \u00bfqu\u00e9 pasar\u00e1 con la escuela del ni\u00f1o extranjero? \u00bfC\u00f3mo se involucrar\u00e1 el c\u00f3nyuge japon\u00e9s en la crianza del ni\u00f1o(lo adoptar\u00e1 o no)? Si se lo puede presentar espec\u00edficamente a la Oficina de Inmigraci\u00f3n, probablemente le dar\u00e1n el permiso.<\/p>\n<h5><strong>\u30dd\u30a4\u30f3\u30c8<\/strong><\/h5>\n<p><strong>\u672a\u6210\u5e74\uff08\uff11\uff19\u6b73\u307e\u3067\uff09\u3067\u3001\u672a\u5a5a\u3067\u3042\u308b\u3053\u3068\u304c\u6761\u4ef6\u3067\u3059\u3002\uff12\uff10\u6b73\u4ee5\u4e0a\u306f\u5b9a\u4f4f\u8005\u3067\u547c\u3079\u307e\u305b\u3093\u3002<\/strong><\/p>\n<p><strong>\u307e\u305f\u5b50\u4f9b\u306e\u5e74\u9f62\u304c\u9ad8\u304f\u306a\u308b\u307b\u3069\u96e3\u6613\u5ea6\u304c\u9ad8\u304f\u306a\u308a\u307e\u3059\u3002<\/strong><\/p>\n<h5 class=\"ye\"><strong>Clave<\/strong><\/h5>\n<p class=\"ye\"><strong>Debe ser menor de edad (hasta 19 a\u00f1os) y soltero. Las personas mayores de 20 a\u00f1os no pueden ser tra\u00eddo como residentes a largo plazo.<\/strong><\/p>\n<p class=\"ye\"><strong>Adem\u00e1s, cuanto mayor es el ni\u00f1o, m\u00e1s dif\u00edcil se vuelve.<\/strong><\/p>\n<h4><strong>\u5be9\u67fb\u4e0a\u306e\u6ce8\u610f\u70b9<\/strong><\/h4>\n<p>\u9023\u308c\u5b50\u3092\u65e5\u672c\u306b\u547c\u3076\u5834\u5408\u306f\u3001\u65e5\u672c\u5074\u306e\u7d4c\u6e08\u72b6\u6cc1\uff08\u6276\u990a\u3067\u304d\u308b\u5341\u5206\u306a\u8cc7\u529b\u304c\u3042\u308b\u304b\uff09\u304c\u5be9\u67fb\u3055\u308c\u307e\u3059\u3002\u307e\u305f\u3001\u9023\u308c\u5b50\u306b\u5bfe\u3059\u308b\u4eca\u307e\u3067\u306e\u6276\u990a\u5b9f\u7e3e\u3082\u53b3\u3057\u304f\u5be9\u67fb\u3055\u308c\u307e\u3059\u3002<\/p>\n<p>&nbsp;<\/p>\n<p>\u4f8b\u3048\u3070\u3001\u4eca\u307e\u3067\u307e\u3063\u305f\u304f\u6276\u990a\u3057\u3066\u3044\u306a\u304b\u3063\u305f\u306e\u306b\u3001\u306a\u305c\u6025\u306b\u65e5\u672c\u306b\u547c\u3076\u306e\u304b\u3068\u3044\u3046\u7591\u554f\u3092\u6301\u305f\u308c\u308b\u306e\u3067\u3001\u3053\u308c\u306b\u5341\u5206\u56de\u7b54\u3059\u308b\u3053\u3068\u304c\u5fc5\u8981\u3067\u3059\u3002<\/p>\n<p>&nbsp;<\/p>\n<p>\u5358\u306b\u5bb6\u8a08\u3092\u52a9\u3051\u308b\u305f\u3081\u306b\u3001\u30a2\u30eb\u30d0\u30a4\u30c8\u3067\u304d\u308b\u5e74\u9f62\u306b\u306a\u3063\u305f\u306e\u3067\u65e5\u672c\u3067\u4ed5\u4e8b\u3092\u3055\u305b\u305f\u3044\u3068\u8003\u3048\u3066\u547c\u3076\u306e\u3067\u306f\u306a\u3044\u304b\u3068\u5224\u65ad\u3055\u308c\u304c\u3061\u3067\u3059\u306e\u3067\u3001\u7dcf\u5224\u65ad\u3055\u308c\u3066\u3057\u307e\u3048\u3070\u4e0d\u8a31\u53ef\u3068\u306a\u308a\u307e\u3059\u3002<\/p>\n<p>&nbsp;<\/p>\n<p>\u5b9a\u4f4f\u8005\u30d3\u30b6\u306e\u7533\u8acb\u3067\u306f\u3001\u4eca\u307e\u3067\u306e\u5b50\u4f9b\u306e\u990a\u80b2\u306b\u95a2\u3059\u308b\u7d4c\u7def\u306e\u8aac\u660e\u3001\u990a\u80b2\u306e\u5fc5\u8981\u6027\u3001\u4eca\u5f8c\u306e\u990a\u80b2\u30fb\u751f\u6d3b\u8a2d\u8a08\uff08\u4f8b\u3048\u3070\u3001\u65e5\u672c\u3067\u4e00\u5b9a\u306e\u671f\u9593\u6276\u990a\u3057\u3001\u9ad8\u3044\u6c34\u6e96\u306e\u6559\u80b2\u3092\u53d7\u3051\u3055\u305b\u308b\uff09\u7b49\u3092\u7533\u8acb\u7406\u7531\u66f8\u3067\u4e3b\u5f35\u3059\u308b\u3053\u3068\u304c\u30dd\u30a4\u30f3\u30c8\u3068\u306a\u308a\u307e\u3059\u3002\u307e\u305f\u3001\u6276\u990a\u3092\u53d7\u3051\u3066\u751f\u6d3b\u3059\u308b\u3068\u3044\u3046\u8981\u4ef6\u304c\u3042\u308b\u4ee5\u4e0a\u3001\u57fa\u672c\u7684\u306b\u306f\u3001\u4e21\u89aa\u3068\u4f4f\u6240\u306f\u4e00\u81f4\u3057\u3066\u3044\u308b\u3053\u3068\u304c\u524d\u63d0\u3068\u306a\u308a\u307e\u3059\u3002<\/p>\n<h4 class=\"ye\"><strong>Puntos de revisi\u00f3n<\/strong><\/h4>\n<p class=\"ye\">Al traer un hijastro a Jap\u00f3n, se examinar\u00e1 la situaci\u00f3n econ\u00f3mica del lado japon\u00e9s (si tiene suficientes recursos financieros para mantener al ni\u00f1o). Adem\u00e1s, se examinar\u00e1 estrictamente el historial de manutenci\u00f3n de los hijastros.<\/p>\n<p>&nbsp;<\/p>\n<p class=\"ye\">Por ejemplo, habr\u00e1 preguntas sobre por qu\u00e9 de repente lo llaman a Jap\u00f3n cuando no ha brindado ning\u00fan apoyo hasta ahora, por lo que es necesario responder completamente esta pregunta.<\/p>\n<p>&nbsp;<\/p>\n<p class=\"ye\">Hay una tendencia a juzgar que simplemente lo est\u00e1n llamando para trabajar en Jap\u00f3n porque tiene la edad suficiente para trabajar a tiempo parcial para ayudar con el presupuesto familiar. Si se juzga como tal, ser\u00e1 desaprobado.<\/p>\n<p>&nbsp;<\/p>\n<p class=\"ye\">Al solicitar una visa de residente a largo plazo, explique los antecedentes de la crianza de los ni\u00f1os hasta ahora, la necesidad de criar a los ni\u00f1os, la crianza de los ni\u00f1os en el futuro y el plan de vida (por ejemplo, apoyo durante un cierto per\u00edodo de tiempo en Jap\u00f3n y recibir un alto nivel educativo), etc. El punto es hacer una reclamaci\u00f3n en la exposici\u00f3n de motivos de la solicitud. Adem\u00e1s, siempre que exista el requisito de vivir con manutenci\u00f3n, b\u00e1sicamente se parte de la premisa de que el domicilio de los padres es el mismo.<\/p>\n","protected":false},"excerpt":{"rendered":"<p>\u5b9a\u4f4f\u8005\u30d3\u30b6 Visa de residente de larga duraci\u00f3n \u5b9a\u4f4f\u8005\u30d3\u30b6\u306e\u3088\u304f\u3042\u308b\u4e8b\u4f8b\u3068\u3057\u3066\u306f\uff12\u3064\u8003\u3048\u3089\u307e\u3059\u3002 Hay 2 ejemplos comunes de visa de residente &#8230;<\/p>\n","protected":false},"author":1,"featured_media":0,"parent":0,"menu_order":0,"comment_status":"closed","ping_status":"closed","template":"","meta":{"footnotes":""},"class_list":["post-89","page","type-page","status-publish","hentry"],"_links":{"self":[{"href":"https:\/\/samurai-law.com\/spain\/wp-json\/wp\/v2\/pages\/89","targetHints":{"allow":["GET"]}}],"collection":[{"href":"https:\/\/samurai-law.com\/spain\/wp-json\/wp\/v2\/pages"}],"about":[{"href":"https:\/\/samurai-law.com\/spain\/wp-json\/wp\/v2\/types\/page"}],"author":[{"embeddable":true,"href":"https:\/\/samurai-law.com\/spain\/wp-json\/wp\/v2\/users\/1"}],"replies":[{"embeddable":true,"href":"https:\/\/samurai-law.com\/spain\/wp-json\/wp\/v2\/comments?post=89"}],"version-history":[{"count":4,"href":"https:\/\/samurai-law.com\/spain\/wp-json\/wp\/v2\/pages\/89\/revisions"}],"predecessor-version":[{"id":104,"href":"https:\/\/samurai-law.com\/spain\/wp-json\/wp\/v2\/pages\/89\/revisions\/104"}],"wp:attachment":[{"href":"https:\/\/samurai-law.com\/spain\/wp-json\/wp\/v2\/media?parent=89"}],"curies":[{"name":"wp","href":"https:\/\/api.w.org\/{rel}","templated":true}]}}