{"id":27,"date":"2023-09-05T15:47:58","date_gmt":"2023-09-05T06:47:58","guid":{"rendered":"http:\/\/samurai-law.com\/spain\/?page_id=27"},"modified":"2023-09-13T14:53:59","modified_gmt":"2023-09-13T05:53:59","slug":"sub01","status":"publish","type":"page","link":"https:\/\/samurai-law.com\/spain\/sub01\/","title":{"rendered":"\u6280\u8853\u4eba\u6587\u77e5\u8b58\u56fd\u969b\u696d\u52d9\u30d3\u30b6  Conocimiento T\u00e9cnico, Humanidades y Trabajo Internacional"},"content":{"rendered":"<p>\u5c31\u52b4\u30d3\u30b6\u306e\u4e2d\u306e\uff11\u3064\u3067\u3042\u308b\u300c\u6280\u8853\u30fb\u4eba\u6587\u77e5\u8b58\u30fb\u56fd\u969b\u696d\u52d9\u300d\u306e\u30d3\u30b6\u306b\u3064\u3044\u3066\u8aac\u660e\u3057\u305f\u3044\u3068\u601d\u3044\u307e\u3059\u3002\u300c\u6280\u8853\u4eba\u6587\u77e5\u8b58\u56fd\u969b\u696d\u52d9\u30d3\u30b6\u300d\u306f\u3001\u3044\u308f\u3086\u308b\u300c\u5c31\u52b4\u30d3\u30b6\u300d\u306e\u4e2d\u306e\uff11\u3064\u306e\u30ab\u30c6\u30b4\u30ea\u3067\u3059\u3002\u3088\u304f\u8aa4\u89e3\u3055\u308c\u3066\u3044\u307e\u3059\u304c\u3001\u300c\u5c31\u52b4\u30d3\u30b6\u300d\u3068\u3044\u3046\u540d\u524d\u306e\u30d3\u30b6\u306f\u3042\u308a\u307e\u305b\u3093\u3002<\/p>\n<p>\u300c\u5c31\u52b4\u30d3\u30b6\u300d\u306b\u306f\u5b9f\u306f\u3044\u304f\u3064\u3082\u7a2e\u985e\u304c\u3042\u3063\u3066\u3001\u300c\u6280\u8853\u4eba\u6587\u77e5\u8b58\u56fd\u969b\u696d\u52d9\u30d3\u30b6\u300d\u306f\u305d\u306e\u4e2d\u306e\uff11\u3064\u3067\u3059\u3002<\/p>\n<p>\u55b6\u696d\u3084\u8cbf\u6613\u306a\u3069\u306e\u4e8b\u52d9\u8077\u3001\u901a\u8a33\u3084\u7ffb\u8a33\u3001\u30c7\u30b6\u30a4\u30ca\u30fc\u3001\uff33\uff25\u306a\u3069\u306e\u30b3\u30f3\u30d4\u30e5\u30fc\u30bf\u95a2\u9023\u306e\u4ed5\u4e8b\u3084\u3001\u96fb\u6a5f\u3084\u6a5f\u68b0\u7cfb\u306e\u30a8\u30f3\u30b8\u30cb\u30a2\u306e\u4ed5\u4e8b\u306a\u3069\u304c\u5f53\u3066\u306f\u307e\u308a\u307e\u3059\u3002<\/p>\n<p>&nbsp;<\/p>\n<p class=\"ye\">Me gustar\u00eda explicar una de las visas de trabajo, &#8220;Conocimiento T\u00e9cnico\/Humanidades\/Trabajo Internacional&#8221;. La &#8220;Visa de T\u00e9cnico\/Humanidades\/Servicio Internacional&#8221; es una categor\u00eda de las llamadas &#8220;visas de trabajo&#8221;. Aunque a menudo se malinterpreta, no existe ning\u00fan visado llamado &#8220;visado de trabajo&#8221;.<\/p>\n<p class=\"ye\">En realidad, hay varios tipos diferentes de &#8220;visa de trabajo&#8221;, y la &#8220;visa de Conocimientos T\u00e9cnicos \/ Humanidades \/ Trabajo internacional&#8221; es uno de ellos.<\/p>\n<p class=\"ye\">Esto incluye trabajo de oficina como ventas y comercio, int\u00e9rprete y traducci\u00f3n, dise\u00f1ador, trabajo relacionado con la inform\u00e1tica como SE y trabajo de ingeniero el\u00e9ctrico y mec\u00e1nico.<\/p>\n<p>&nbsp;<\/p>\n<p>\u5927\u5b66\u3084\u5c02\u9580\u5b66\u6821\u3092\u5352\u696d\u3057\u305f\u5916\u56fd\u4eba\u304c\u5c31\u8077\u3057\u305f\u5834\u5408\u306b\u53d6\u5f97\u3067\u304d\u308b\u30d3\u30b6\uff08\u5728\u7559\u8cc7\u683c\uff09\u3067\u3059\u3002<\/p>\n<p>\u300c\u6280\u8853\u4eba\u6587\u77e5\u8b58\u56fd\u969b\u696d\u52d9\u300d\u306e\u30d3\u30b6\u304c\u8a31\u53ef\u3055\u308c\u308b\u305f\u3081\u306e\u30dd\u30a4\u30f3\u30c8\u30fb\u6761\u4ef6\u304c\u3042\u308a\u307e\u3059\u306e\u3067\u3053\u308c\u304b\u3089\u8aac\u660e\u3057\u305f\u3044\u3068\u601d\u3044\u307e\u3059\u3002<\/p>\n<p>\u7559\u5b66\u751f\u304c\u5c31\u8077\u3059\u308b\u5834\u5408\u3067\u3082\u3001\u6d77\u5916\u304b\u3089\u547c\u3073\u5bc4\u305b\u306e\u5834\u5408\u3067\u3082\u57fa\u6e96\u306f\u540c\u3058\u3067\u3059\u3002<\/p>\n<p>\u307e\u305a\u3001\u5c31\u52b4\u30d3\u30b6\u306f\u5916\u56fd\u4eba\u304c\u500b\u4eba\u3067\u7533\u8acb\u3059\u308b\u3082\u306e\u3067\u306f\u306a\u304f\u3001\u4f01\u696d\u304c\u30b9\u30dd\u30f3\u30b5\u30fc\u3068\u306a\u308a\u5165\u56fd\u7ba1\u7406\u5c40\u306b\u7533\u8acb\u3057\u307e\u3059\u3002<\/p>\n<p>\u5927\u4f01\u696d\u306e\u5834\u5408\u306f\u898f\u6a21\u3084\u5b9f\u7e3e\u304c\u8a3c\u660e\u3057\u3084\u3059\u3044\u305f\u3081\u6bd4\u8f03\u7684\u5be9\u67fb\u304c\u901a\u308a\u3084\u3059\u3044\u5074\u9762\u3082\u3042\u308a\u307e\u3059\u304c\u3001<br \/>\n\u4e2d\u5c0f\u4f01\u696d\u30fb\u96f6\u7d30\u4f01\u696d\u306b\u3068\u3063\u3066\u306f\u3001\u4f1a\u793e\u306b\u95a2\u3059\u308b\u304b\u306a\u308a\u306e\u66f8\u985e\u3092\u63d0\u51fa\u3059\u308b\u5fc5\u8981\u304c\u3042\u308a\u307e\u3059\u306e\u3067\u3001\u7c21\u5358\u3067\u306f\u3042\u308a\u307e\u305b\u3093\u3002\u4f1a\u793e\u306e\u4e8b\u696d\u304c\u5c0f\u3055\u3051\u308c\u3070\u5c0f\u3055\u3044\u307b\u3069\u96e3\u6613\u5ea6\u306f\u9ad8\u304f\u306a\u308a\u307e\u3059\u3002<\/p>\n<p>\u3067\u306f\u6761\u4ef6\u306b\u3064\u3044\u3066\u3067\u3059\u3002<\/p>\n<p>&nbsp;<\/p>\n<p class=\"ye\">Esta es una visa (estado de residente) que se puede obtener cuando un estudiante extranjero que se grad\u00faa de una universidad o escuela vocacional encuentra un trabajo.<\/p>\n<p class=\"ye\">Me gustar\u00eda explicar los puntos y condiciones para que se otorgue una visa de &#8220;Conocimientos T\u00e9cnicos \/ Humanidades \/ Trabajo Internacional&#8221;.<\/p>\n<p class=\"ye\">\nLos criterios son los mismos tanto si el estudiante extranjero busca empleo como si llamas a alguien del extranjero.<\/p>\n<p class=\"ye\">\nEn primer lugar, las visas de trabajo no las solicita un extranjero individualmente, sino una empresa que patrocina la solicitud ante la Oficina de Inmigraci\u00f3n.<\/p>\n<p class=\"ye\">\nEn el caso de las grandes empresas, es relativamente f\u00e1cil pasar la evaluaci\u00f3n porque es f\u00e1cil demostrar la escala y la trayectoria de la empresa, en el caso de las peque\u00f1as empresas y microempresas, no es tan f\u00e1cil, ya que tienen que presentar una cantidad considerable de documentos relativos a la empresa. Cuanto menor sea la actividad de la empresa, mayor ser\u00e1 la dificultad.<\/p>\n<p class=\"ye\">Hablemos ahora de las condiciones.<\/p>\n<h3><strong>\uff11.\u4ed5\u4e8b\u5185\u5bb9\u3068\u5927\u5b66\u3084\u5c02\u9580\u5b66\u6821\u306e\u5c02\u653b\u3068\u306e\u95a2\u9023\u6027<\/strong><\/h3>\n<p>\u307e\u305a\u4ed5\u4e8b\u5185\u5bb9\u306f\u5c02\u9580\u6027\u306e\u3042\u308b\u8077\u52d9\u5185\u5bb9\u3067\u3042\u308b\u3053\u3068\u3001<br \/>\n\u5c02\u9580\u6027\u306e\u3042\u308b\u4ed5\u4e8b\u3068\u8a00\u3063\u3066\u3082\u5e45\u5e83\u3044\u3067\u3059\u304c\u3001<\/p>\n<p>\u4f8b\u3092\u3042\u3052\u308b\u3068<\/p>\n<p>\u6587\u7cfb\u306e\u8077\u7a2e\u3068\u3057\u3066\u306f\u3001<br \/>\n\u30fb\u55b6\u696d<br \/>\n\u30fb\u7dcf\u52d9<br \/>\n\u30fb\u7d4c\u7406<br \/>\n\u30fb\u5e83\u5831\u5ba3\u4f1d<br \/>\n\u30fb\u5546\u54c1\u958b\u767a<br \/>\n\u30fb\u8cbf\u6613<br \/>\n\u30fb\u901a\u8a33\u7ffb\u8a33<br \/>\n\u30fb\u8a9e\u5b66\u6559\u5e2b<br \/>\n\u30fb\u30c7\u30b6\u30a4\u30ca\u30fc<\/p>\n<p>\u306a\u3069\u304c\u3042\u3052\u3089\u308c\u307e\u3059\u3002<\/p>\n<p>\u7406\u7cfb\u306e\u8077\u7a2e\u3068\u3057\u3066\u306f\u3001<\/p>\n<p>\u30fbSE<br \/>\n\u30fb\u5de5\u5b66\u7cfb\u30a8\u30f3\u30b8\u30cb\u30a2<br \/>\n\u30fb\u5efa\u7bc9\u7cfb\u30a8\u30f3\u30b8\u30cb\u30a2<\/p>\n<p>\u306a\u3069\u6280\u8853\u7cfb\u306e\u8077\u7a2e\u5168\u822c\u3067\u3059\u3002<\/p>\n<p>\u4e0a\u8a18\u306e\u8077\u52d9\u5185\u5bb9\u304c\u5352\u696d\u3057\u305f\u5b66\u6821\uff08\u5927\u5b66\u3001\u5c02\u9580\u5b66\u6821\uff09\u3067\u52c9\u5f37\u3057\u305f\u5c02\u653b\u306e\u5185\u5bb9\u3092\u6d3b\u304b\u305b\u308b\u3053\u3068\u3067\u3042\u308b\u3053\u3068\u304c\u5fc5\u8981\u3067\u3059\u3002<\/p>\n<p>\u5b66\u6b74\u3068\u8077\u52d9\u5185\u5bb9\u304c\u4e00\u81f4\u3057\u306a\u3044\u3068\u30d3\u30b6\u304c\u4e0d\u8a31\u53ef\u3068\u306a\u308a\u307e\u3059\u3002<\/p>\n<p>\u3067\u3059\u306e\u3067\u3001\u5165\u7ba1\u3078\u306e\u7533\u8acb\u306b\u3042\u305f\u3063\u3066\u306f\u3001\u3044\u304b\u306b\u4ed5\u4e8b\u5185\u5bb9\u3068\u5c02\u653b\u5185\u5bb9\u304c\u4e00\u81f4\u3057\u3066\u3044\u308b\u304b\u3092\u6587\u66f8\u3067\u8aac\u660e\u3067\u304d\u308b\u304b\u304c\u91cd\u8981\u3067\u3059\u3002<\/p>\n<p>\u3054\u81ea\u5206\u3067\u7533\u8acb\u3059\u308b\u65b9\u306f\u3053\u306e\u8aac\u660e\u304c\u308f\u304b\u308a\u306b\u304f\u3044\u3001\u307e\u305f\u306f\u8aac\u660e\u4e0d\u8db3\u3067\u4e0d\u8a31\u53ef\u306b\u306a\u308b\u3053\u3068\u304c\u3088\u304f\u3042\u308a\u307e\u3059\u3002\u672c\u6765\u306a\u3089\u8a31\u53ef\u306b\u306a\u308b\u3079\u304d\u6848\u4ef6\u3067\u3082\u3067\u3059\u3002\u8aac\u660e\u304c\u4e0b\u624b\u3060\u3068\u672c\u6765\u8a31\u53ef\u306b\u306a\u308b\u3079\u304d\u6848\u4ef6\u3082\u4e0d\u8a31\u53ef\u306b\u306a\u308a\u307e\u3059\u3002<\/p>\n<h3 class=\"ye\"><strong><span class=\"ye\">1. Pertinencia de la descripci\u00f3n del puesto para la especialidad de la universidad o escuela vocacional<br \/>\n<\/span><\/strong><\/h3>\n<p class=\"ye\">En primer lugar, la descripci\u00f3n del puesto debe ser una descripci\u00f3n de puesto con una especializaci\u00f3n,<\/p>\n<p class=\"ye\">Sin embargo, existe un amplio abanico de especialidades laborales,<\/p>\n<p class=\"ye\">Por poner un ejemplo.<\/p>\n<p>&nbsp;<\/p>\n<p class=\"ye\">Entre los empleos de humanidades se incluyen,<\/p>\n<p>&nbsp;<\/p>\n<p class=\"ye\">\u30fbVentas<br \/>\n\u30fbServicios generales<br \/>\n\u30fbContabilidad<br \/>\n\u30fbRelaciones p\u00fablicas y publicidad<br \/>\n\u30fbDesarrollo de productos<br \/>\n\u30fbComercio<br \/>\n\u30fbInt\u00e9rprete y traductor<br \/>\n\u30fbProfesores de idiomas<br \/>\n\u30fbDise\u00f1adores<\/p>\n<p>&nbsp;<\/p>\n<p class=\"ye\">Estos son algunos de los ejemplos m\u00e1s comunes.<\/p>\n<p class=\"ye\">Las ocupaciones relacionadas con la ciencia incluyen,<\/p>\n<p>&nbsp;<\/p>\n<p class=\"ye\">\u2022Ingeniero de Sistemas<br \/>\n\u2022Ingenieros mec\u00e1nicos y el\u00e9ctricos<br \/>\n\u2022Ingenieros de arquitectura<\/p>\n<p>&nbsp;<\/p>\n<p class=\"ye\">y otras ocupaciones t\u00e9cnicas en general.<\/p>\n<p>&nbsp;<\/p>\n<p class=\"ye\">Es necesario que el graduado (universidad, escuela vocacional) haga uso de las habilidades mencionadas en los trabajos anteriormente mencionados.<\/p>\n<p class=\"ye\">Si su formaci\u00f3n no coincide con la descripci\u00f3n de su puesto, denegar\u00e1n la visa.<\/p>\n<p>&nbsp;<\/p>\n<p class=\"ye\">Por lo tanto, cuando presente la solicitud a las autoridades de inmigraci\u00f3n, es importante que pueda explicar por escrito c\u00f3mo coinciden la descripci\u00f3n de su trabajo y su especialidad.<\/p>\n<p>&nbsp;<\/p>\n<p class=\"ye\">Las personas que presentan la solicitud por su cuenta a menudo tienen dificultades para dar explicaci\u00f3n expl\u00edcita, o no la explican lo suficientemente bien, lo que suele dar lugar a la denegaci\u00f3n de la solicitud. Esto ocurre incluso en casos en los que normalmente deber\u00eda concederse la solicitud. Una explicaci\u00f3n deficiente tambi\u00e9n puede dar lugar al rechazo de solicitudes que deber\u00edan haber sido concedidas.<\/p>\n<h3><strong>\uff12.\u672c\u4eba\u306e\u7d4c\u6b74<\/strong><\/h3>\n<p>\u307e\u305a\u672c\u4eba\u306e\u5b66\u6b74\u304c\u91cd\u8981\u3067\u3059\u3002\u5352\u696d\u8a3c\u660e\u66f8\u3084\u6210\u7e3e\u8a3c\u660e\u66f8\u3067\u3069\u3093\u306a\u5185\u5bb9\u3092\u5c02\u653b\u3057\u305f\u306e\u304b\u3092\u78ba\u8a8d\u3057\u307e\u3059\u3002\u3053\u308c\u306b\u3088\u3063\u3066\u3053\u308c\u304b\u3089\u5c31\u8077\u3059\u308b\u4f1a\u793e\u306e\u4ed5\u4e8b\u5185\u5bb9\u3068\u306e\u95a2\u9023\u6027\u304c\u5be9\u67fb\u3055\u308c\u307e\u3059\u3002<\/p>\n<p>\u3067\u306f\u5b66\u6b74\u304c\u306a\u3044\u4eba\u3001\u4f8b\u3048\u3070\u9ad8\u5352\u306e\u4eba\u3067\u3059\u304c\u3001\u5b66\u6b74\u304c\u306a\u3044\u65b9\u306f\u8a31\u53ef\u57fa\u6e96\u3092\u6e80\u305f\u3059\u306e\u306f\u304b\u306a\u308a\u96e3\u3057\u304f\u3066\u3001\u300c\uff13\u5e74\u4ee5\u4e0a\u307e\u305f\u306f\uff11\uff10\u5e74\u4ee5\u4e0a\u306e\u5b9f\u52d9\u7d4c\u9a13\u300d\u304c\u3042\u308b\u3053\u3068\u304c\u6761\u4ef6\u306b\u306a\u308a\u307e\u3059\u3002\uff13\u5e74\u306e\u5b9f\u52d9\u7d4c\u9a13\u3067\uff2f\uff2b\u306e\u8077\u52d9\u5185\u5bb9\u3068\u3001\uff11\uff10\u5e74\u306e\u5b9f\u52d9\u7d4c\u9a13\u304c\u5fc5\u8981\u306a\u8077\u52d9\u5185\u5bb9\u304c\u3042\u308a\u307e\u3059\u3002<\/p>\n<p>\u5b9f\u52d9\u7d4c\u9a13\u306e\u8a3c\u660e\u306f\u904e\u53bb\u306e\u4f1a\u793e\u304b\u3089\u3044\u308d\u3044\u308d\u66f8\u985e\u3092\u3082\u3089\u3046\u5fc5\u8981\u304c\u3042\u308a\u307e\u3059\u306e\u3067\u3001\u3082\u3057\u524d\u306e\u4f1a\u793e\u306b\u9023\u7d61\u304c\u3067\u304d\u306a\u3044\u4eba\u306f\u3001\u5b9f\u8cea\u5b9f\u7d4c\u9a13\u3092\u8a3c\u660e\u3067\u304d\u306a\u3044\u3053\u3068\u306b\u306a\u308a\u307e\u3059\u306e\u3067\u3001\u5b9f\u52d9\u7d4c\u9a13\u3067\u8a3c\u660e\u3059\u308b\u65b9\u6cd5\u304c\u3068\u308c\u306a\u3044\uff1d\u5c31\u52b4\u30d3\u30b6\u306e\u8a31\u53ef\u306f\u53d6\u308c\u306a\u3044\u3053\u3068\u306b\u306a\u308a\u307e\u3059\u3002<\/p>\n<h3><strong><span class=\"ye\">2. antecedentes personales<br \/>\n<\/span><\/strong><\/h3>\n<p class=\"ye\">En primer lugar, la formaci\u00f3n acad\u00e9mica de la persona es importante. Se evaluar\u00e1n los diplomas y certificados de notas. De esta forma, se examinar\u00e1 la pertinencia de la descripci\u00f3n del puesto de la empresa en la que va a trabajar.<\/p>\n<p class=\"ye\">Si no tiene antecedentes educativos, como alguien que ha graduado del colegio, es muy dif\u00edcil cumplir con los criterios del permiso para alguien sin antecedentes educativos, y la condici\u00f3n es que tenga \u201cm\u00e1s de 3 a\u00f1os o 10 a\u00f1os de experiencia laboral\u201d. Hay descripciones de puestos que requieren 3 a\u00f1os de experiencia laboral y descripciones de puestos que requieren 10 a\u00f1os de experiencia laboral.<\/p>\n<p class=\"ye\">Para demostrar la experiencia laboral se necesitan varios documentos de empresas anteriores, por lo que si una persona no puede ponerse en contacto con su empresa anterior, no podr\u00e1 demostrar su experiencia laboral real, lo que significa que no podr\u00e1 utilizar su experiencia laboral para demostrar su experiencia laboral = no se le conceder\u00e1 la visa de trabajo.<\/p>\n<h3><strong>\uff13.\u4f1a\u793e\u3068\u5916\u56fd\u4eba\u3068\u306e\u9593\u306b\u5951\u7d04\u304c\u3042\u308b\u3053\u3068<\/strong><\/h3>\n<p>\u3053\u306e\u5951\u7d04\u306f\u901a\u5e38\u306f\u96c7\u7528\u5951\u7d04\u3067\u3059\u3002\u65e2\u306b\u5c31\u8077\u304c\u6c7a\u307e\u3063\u3066\u3044\u308b\u3068\u3044\u3046\u3053\u3068\u304c\u5fc5\u8981\u3067\u3059\u3002<br \/>\n\u305d\u3082\u305d\u3082\u5c31\u8077\u304c\u6c7a\u307e\u3063\u3066\u306a\u3044\u3068\u30d3\u30b6\u304c\u51fa\u307e\u305b\u3093\u306e\u3067\u6ce8\u610f\u3057\u3066\u4e0b\u3055\u3044\u3002\u96c7\u7528\u5951\u7d04\u4ee5\u5916\u3067\u3082\u6d3e\u9063\u5951\u7d04\u3067\u3082\u8acb\u8ca0\u5951\u7d04\u3067\u3082\u53d6\u308c\u307e\u3059\u3002\u5c11\u3057\u96e3\u6613\u5ea6\u306f\u4e0a\u304c\u308a\u307e\u3059\u304c\u30fb\u30fb\u3002<\/p>\n<h3><strong><span class=\"ye\">3. Que exista un contrato entre la empresa y el extranjero<br \/>\n<\/span><\/strong><\/h3>\n<p class=\"ye\">Este contrato suele ser un contrato de trabajo. Es necesario que ya tenga el empleo.<\/p>\n<p class=\"ye\">Tenga en cuenta que las visas no se emitir\u00e1n hasta que se haya decidido el empleo en primer lugar. Adem\u00e1s del contrato de trabajo, tambi\u00e9n puede obtener un contrato de contratista o un contrato de subcontratado temporal, aunque estos casos son m\u00e1s dif\u00edciles\u2026<\/p>\n<h3><strong>\uff14.\u4f1a\u793e\u306e\u7d4c\u55b6\u72b6\u614b<\/strong><\/h3>\n<p>\u4f1a\u793e\u306e\u7d4c\u55b6\u72b6\u614b\u304c\u5b89\u5b9a\u3057\u3066\u3044\u308b\u3053\u3068\u304c\u5fc5\u8981\u3067\u3059\u3002\u305d\u306e\u305f\u3081\u306b\u901a\u5e38\u306f\u6c7a\u7b97\u66f8\u985e\u95a2\u4fc2\u3092\u63d0\u51fa\u3057\u307e\u3059\u3002<br \/>\n\u5927\u5e45\u306a\u8d64\u5b57\u6c7a\u7b97\u3060\u3068\u6f70\u308c\u305d\u3046\u306a\u4f1a\u793e\u3067\u5916\u56fd\u4eba\u793e\u54e1\u306b\u7d66\u6599\u3092\u6255\u3048\u306a\u3044\u306e\u3067\u306f\u306a\u3044\u304b\u3068\u601d\u308f\u308c\u3066\u3057\u307e\u3044\u307e\u3059\u3002\u3057\u304b\u3057\u3001\u305f\u3060\u5358\u306b\u8d64\u5b57\u3060\u304b\u3089\u30d3\u30b6\u304c\u7d76\u5bfe\u53d6\u308c\u306a\u3044\u3068\u306f\u8a00\u3048\u307e\u305b\u3093\u3002\u8d64\u5b57\u3067\u3082\u3001\u4eca\u306f\u3053\u3046\u3060\u3051\u3069\u5c06\u6765\u306f\u3053\u3093\u306a\u3075\u3046\u306b\u9ed2\u5b57\u306b\u306a\u308b\u3068\u8aac\u660e\u3067\u304d\u308c\u3070\u5927\u4e08\u592b\u3067\u3059\u3002\u305d\u3046\u3044\u3046\u8aac\u660e\u306e\u305f\u3081\u306b\u4e8b\u696d\u8a08\u753b\u66f8\u3092\u4f5c\u3063\u3066\u7533\u8acb\u66f8\u306b\u6dfb\u4ed8\u3057\u307e\u3059\u3002<\/p>\n<p>\u307e\u305f\u65b0\u3057\u304f\u4f5c\u3063\u305f\u4f1a\u793e\u306f\u5b9f\u7e3e\u304c\u3042\u308a\u307e\u305b\u3093\u306e\u3067\u3001\u65b0\u8a2d\u4f1a\u793e\u3067\u6c7a\u7b97\u66f8\u3092\u51fa\u305b\u306a\u3044\u5834\u5408\u306f\u5fc5\u305a\u4e8b\u696d\u8a08\u753b\u66f8\u3092\u4f5c\u6210\u3057\u3066\u63d0\u51fa\u3059\u308b\u5fc5\u8981\u304c\u3042\u308a\u307e\u3059\u3002<\/p>\n<h3><strong><span class=\"ye\">4. Gesti\u00f3n de la empresa<br \/>\n<\/span><\/strong><\/h3>\n<p class=\"ye\">La empresa debe tener una gesti\u00f3n estable. Para este prop\u00f3sito, generalmente presentamos estados financieros.<\/p>\n<p class=\"ye\">Si hay un gran d\u00e9ficit, puede parecer que la empresa no podr\u00e1 pagar los salarios de los trabajadores extranjeros y puede quebrar. Sin embargo, no podemos decir que no puede obtener una visa solo porque hay un d\u00e9ficit. Incluso si es un d\u00e9ficit, est\u00e1 bien si puede explicar que ser\u00e1 rentable en el futuro. Para comprobarlo, presentamos el plan de negocio junto con la solicitud de visa.<\/p>\n<p class=\"ye\">Adem\u00e1s, dado que la empresa reci\u00e9n creada no tiene antecedentes, si la empresa reci\u00e9n creada no puede emitir estados financieros, es necesario crear y presentar un plan de negocios.<\/p>\n<h3><strong>\uff15.\u65e5\u672c\u4eba\u3068\u540c\u7b49\u306e\u7d66\u4e0e\u6c34\u6e96\u3067\u3042\u308b\u3053\u3068<\/strong><\/h3>\n<p>\u3053\u308c\u306f\u5916\u56fd\u4eba\u306b\u5bfe\u3059\u308b\u4e0d\u5f53\u306a\u5dee\u5225\u7981\u6b62\u3063\u3066\u3053\u3068\u3067\u3059\u3002\u540c\u3058\u4f1a\u793e\u306e\u65e5\u672c\u4eba\u793e\u54e1\u3068\u540c\u3058\u304f\u3089\u3044\u306e\u7d66\u6599\u3092\u3042\u3052\u3066\u304f\u3060\u3055\u3044\u3068\u3044\u3046\u3053\u3068\u3067\u3059\u3002<\/p>\n<h3><strong><span class=\"ye\">5. Nivel de salario equivalente a un japon\u00e9s<br \/>\n<\/span><\/strong><\/h3>\n<p class=\"ye\">Esto significa que est\u00e1 prohibida la discriminaci\u00f3n injusta contra los extranjeros. La empresa debe pagar tanto como un empleado japon\u00e9s de la misma empresa.<\/p>\n<h3><strong>\uff16.\u524d\u79d1\u304c\u306a\u3044\u3053\u3068<\/strong><\/h3>\n<p>\u3053\u308c\u306f\u5916\u56fd\u4eba\u304c\u904e\u53bb\u8b66\u5bdf\u306b\u6355\u307e\u3063\u305f\u3053\u3068\u306f\u306a\u3044\u3067\u3059\u304b\uff1f\u3068\u3044\u3046\u3053\u3068\u3067\u3059\u3002<br \/>\n\u4e0d\u826f\u5916\u56fd\u4eba\u306b\u306f\u30d3\u30b6\u306f\u51fa\u3055\u306a\u3044\u3068\u3044\u3046\u5165\u56fd\u7ba1\u7406\u5c40\u306e\u65b9\u91dd\u3067\u3059\u306d\u3002<\/p>\n<h3><strong><span class=\"ye\">6. Sin antecedentes penales<br \/>\n<\/span><\/strong><\/h3>\n<p class=\"ye\">Revisar\u00e1n si este extranjero ha sido atrapado alguna vez por la polic\u00eda o no.<\/p>\n<p class=\"ye\">Es pol\u00edtica del Departamento de Inmigraci\u00f3n que no se expidan visas a malos extranjeros.<\/p>\n","protected":false},"excerpt":{"rendered":"<p>\u5c31\u52b4\u30d3\u30b6\u306e\u4e2d\u306e\uff11\u3064\u3067\u3042\u308b\u300c\u6280\u8853\u30fb\u4eba\u6587\u77e5\u8b58\u30fb\u56fd\u969b\u696d\u52d9\u300d\u306e\u30d3\u30b6\u306b\u3064\u3044\u3066\u8aac\u660e\u3057\u305f\u3044\u3068\u601d\u3044\u307e\u3059\u3002\u300c\u6280\u8853\u4eba\u6587\u77e5\u8b58\u56fd\u969b\u696d\u52d9\u30d3\u30b6\u300d\u306f\u3001\u3044\u308f\u3086\u308b\u300c\u5c31\u52b4\u30d3\u30b6\u300d\u306e\u4e2d\u306e\uff11\u3064\u306e\u30ab\u30c6\u30b4\u30ea\u3067\u3059\u3002\u3088\u304f\u8aa4\u89e3\u3055\u308c\u3066\u3044\u307e\u3059\u304c\u3001\u300c\u5c31\u52b4\u30d3\u30b6\u300d\u3068\u3044\u3046\u540d\u524d\u306e\u30d3\u30b6\u306f &#8230;<\/p>\n","protected":false},"author":1,"featured_media":0,"parent":0,"menu_order":0,"comment_status":"closed","ping_status":"closed","template":"","meta":{"footnotes":""},"class_list":["post-27","page","type-page","status-publish","hentry"],"_links":{"self":[{"href":"https:\/\/samurai-law.com\/spain\/wp-json\/wp\/v2\/pages\/27","targetHints":{"allow":["GET"]}}],"collection":[{"href":"https:\/\/samurai-law.com\/spain\/wp-json\/wp\/v2\/pages"}],"about":[{"href":"https:\/\/samurai-law.com\/spain\/wp-json\/wp\/v2\/types\/page"}],"author":[{"embeddable":true,"href":"https:\/\/samurai-law.com\/spain\/wp-json\/wp\/v2\/users\/1"}],"replies":[{"embeddable":true,"href":"https:\/\/samurai-law.com\/spain\/wp-json\/wp\/v2\/comments?post=27"}],"version-history":[{"count":7,"href":"https:\/\/samurai-law.com\/spain\/wp-json\/wp\/v2\/pages\/27\/revisions"}],"predecessor-version":[{"id":110,"href":"https:\/\/samurai-law.com\/spain\/wp-json\/wp\/v2\/pages\/27\/revisions\/110"}],"wp:attachment":[{"href":"https:\/\/samurai-law.com\/spain\/wp-json\/wp\/v2\/media?parent=27"}],"curies":[{"name":"wp","href":"https:\/\/api.w.org\/{rel}","templated":true}]}}