{"id":15,"date":"2023-09-05T14:29:40","date_gmt":"2023-09-05T05:29:40","guid":{"rendered":"http:\/\/samurai-law.com\/spain\/?page_id=15"},"modified":"2023-09-05T14:29:40","modified_gmt":"2023-09-05T05:29:40","slug":"form","status":"publish","type":"page","link":"https:\/\/samurai-law.com\/spain\/form\/","title":{"rendered":"\u7121\u6599\u76f8\u8ac7  Consultas gratuitas"},"content":{"rendered":"<p>\u5165\u7ba1\u7533\u8acb\u30fb\u30d3\u30b6\u7533\u8acb\u306b\u3042\u305f\u308a\u4e0d\u5b89\u306a\u70b9\u304c\u3042\u3063\u305f\u3089\u3001\u307e\u305a\u306f\u30d3\u30b6\u7533\u8acb\u306b\u8a73\u3057\u3044\u884c\u653f\u66f8\u58eb\u306b\u76f8\u8ac7\u3057\u3066\u307f\u308b\u3053\u3068\u3092\u304a\u52e7\u3081\u3057\u307e\u3059\u3002\u65e9\u671f\u76f8\u8ac7\u304c\u78ba\u5b9f\u306a\u30d3\u30b6\u8a31\u53ef\u306e\u30dd\u30a4\u30f3\u30c8\u3067\u3059\u3002<\/p>\n<p>&nbsp;<\/p>\n<p>\u3055\u3080\u3089\u3044\u884c\u653f\u66f8\u58eb\u6cd5\u4eba\u3067\u306f\u3001\u30d3\u30b6\u7533\u8acb\u306b\u3064\u3044\u3066\u306e\u3054\u76f8\u8ac7\u3092\u53d7\u3051\u4ed8\u3051\u3066\u3044\u307e\u3059\u3002\u305d\u308c\u305e\u308c\u306e\u304a\u5ba2\u69d8\u306e\u4e8b\u60c5\u306b\u5fdc\u3058\u305f\u5bfe\u7b56\u3092\u8003\u3048\u3001\u8a31\u53ef\u307e\u3067\u306e\u9053\u7b4b\u3092\u3054\u63d0\u6848\u3044\u305f\u3057\u307e\u3059\u3002<\/p>\n<p>&nbsp;<\/p>\n<p><strong>\u7121\u6599\u76f8\u8ac7\u3092\u884c\u3063\u3066\u3044\u307e\u3059\u306e\u3067\u3001\u307e\u305a\u306f\u304a\u6c17\u8efd\u306b\u3054\u76f8\u8ac7\u304f\u3060\u3055\u3044\u3002 <\/strong><\/p>\n<p>&nbsp;<\/p>\n<p>\u3054\u76f8\u8ac7\u306e\u304a\u7533\u3057\u8fbc\u307f\u306f\u3001\uff12\u3064\u306e\u65b9\u6cd5\u304c\u3042\u308a\u307e\u3059\u3002<\/p>\n<p>\u203b\u9762\u8ac7\u76f8\u8ac7\u306f\u5b8c\u5168\u4e88\u7d04\u5236\u3067\u3059\u3002<\/p>\n<p>&nbsp;<\/p>\n<p class=\"ye\">Si tiene alguna inquietud sobre la inmigraci\u00f3n o las solicitudes de visa, le recomendamos que primero consulte con un escribano administrativo que est\u00e9 familiarizado con las solicitudes de visa. La consulta temprana es la clave para garantizar la aprobaci\u00f3n de la visa.<\/p>\n<p class=\"ye\">\u00a0<\/p>\n<p class=\"ye\">\u201cBufetes de abogados de inmigraci\u00f3n Samurai\u201d acepta consultas sobre solicitudes de visa. Consideraremos medidas de acuerdo con las circunstancias de cada cliente y propondremos un camino para su aprobaci\u00f3n.<\/p>\n<p class=\"ye\">\u00a0<\/p>\n<p class=\"ye\"><strong>Ofrecemos consultas gratuitas, as\u00ed que no dude en contactarnos.<\/strong><\/p>\n<p>&nbsp;<\/p>\n<p class=\"ye\">Hay dos formas de solicitar la consulta.<\/p>\n<p class=\"ye\">*La consulta es solo con cita previa.<\/p>\n","protected":false},"excerpt":{"rendered":"<p>\u5165\u7ba1\u7533\u8acb\u30fb\u30d3\u30b6\u7533\u8acb\u306b\u3042\u305f\u308a\u4e0d\u5b89\u306a\u70b9\u304c\u3042\u3063\u305f\u3089\u3001\u307e\u305a\u306f\u30d3\u30b6\u7533\u8acb\u306b\u8a73\u3057\u3044\u884c\u653f\u66f8\u58eb\u306b\u76f8\u8ac7\u3057\u3066\u307f\u308b\u3053\u3068\u3092\u304a\u52e7\u3081\u3057\u307e\u3059\u3002\u65e9\u671f\u76f8\u8ac7\u304c\u78ba\u5b9f\u306a\u30d3\u30b6\u8a31\u53ef\u306e\u30dd\u30a4\u30f3\u30c8\u3067\u3059\u3002 &nbsp; \u3055\u3080\u3089\u3044\u884c\u653f\u66f8\u58eb\u6cd5\u4eba\u3067\u306f\u3001\u30d3\u30b6\u7533\u8acb\u306b\u3064\u3044\u3066\u306e\u3054\u76f8\u8ac7\u3092\u53d7 &#8230;<\/p>\n","protected":false},"author":1,"featured_media":0,"parent":0,"menu_order":0,"comment_status":"closed","ping_status":"closed","template":"","meta":{"footnotes":""},"class_list":["post-15","page","type-page","status-publish","hentry"],"_links":{"self":[{"href":"https:\/\/samurai-law.com\/spain\/wp-json\/wp\/v2\/pages\/15","targetHints":{"allow":["GET"]}}],"collection":[{"href":"https:\/\/samurai-law.com\/spain\/wp-json\/wp\/v2\/pages"}],"about":[{"href":"https:\/\/samurai-law.com\/spain\/wp-json\/wp\/v2\/types\/page"}],"author":[{"embeddable":true,"href":"https:\/\/samurai-law.com\/spain\/wp-json\/wp\/v2\/users\/1"}],"replies":[{"embeddable":true,"href":"https:\/\/samurai-law.com\/spain\/wp-json\/wp\/v2\/comments?post=15"}],"version-history":[{"count":2,"href":"https:\/\/samurai-law.com\/spain\/wp-json\/wp\/v2\/pages\/15\/revisions"}],"predecessor-version":[{"id":17,"href":"https:\/\/samurai-law.com\/spain\/wp-json\/wp\/v2\/pages\/15\/revisions\/17"}],"wp:attachment":[{"href":"https:\/\/samurai-law.com\/spain\/wp-json\/wp\/v2\/media?parent=15"}],"curies":[{"name":"wp","href":"https:\/\/api.w.org\/{rel}","templated":true}]}}