{"id":93,"date":"2023-09-08T15:08:38","date_gmt":"2023-09-08T06:08:38","guid":{"rendered":"https:\/\/samurai-law.com\/germany\/?page_id=93"},"modified":"2023-09-08T15:08:38","modified_gmt":"2023-09-08T06:08:38","slug":"sub09","status":"publish","type":"page","link":"https:\/\/samurai-law.com\/germany\/sub09\/","title":{"rendered":"\u5b9a\u4f4f\u8005\u30d3\u30b6 Langzeitaufenthaltsvisum"},"content":{"rendered":"<p>\u5b9a\u4f4f\u8005\u30d3\u30b6\u306e\u3088\u304f\u3042\u308b\u4e8b\u4f8b\u3068\u3057\u3066\u306f\uff12\u3064\u8003\u3048\u3089\u307e\u3059\u3002<\/p>\n<p class=\"ye\">Es gibt zwei denkbare h\u00e4ufige Beispiele f\u00fcr Langzeitaufenthaltsvisa.<\/p>\n<p>&nbsp;<\/p>\n<p>\u307e\u305a\uff11\u3064\u306f\u3001<\/p>\n<p><strong>\u65e5\u672c\u4eba\u3068\u56fd\u969b\u7d50\u5a5a\u3057\u305f\u5916\u56fd\u4eba\u914d\u5076\u8005\u306e\u300c\u9023\u308c\u5b50\u300d\u3092\u672c\u56fd\u304b\u3089\u547c\u3073\u5bc4\u305b\u308b\u5834\u5408\u3067\u3059\u3002<\/strong><\/p>\n<p class=\"ye\"><strong>Das erste h\u00e4ufige Beispiel f\u00fcr ein Langzeitaufenthaltsvisum ist, wenn ein ausl\u00e4ndischer Ehepartner, der eine japanische Person geheiratet hat, ein \u201eKind aus einer fr\u00fcheren Ehe\u201c nach Japan bringt.<\/strong><\/p>\n<p><strong>\u00a0<\/strong><\/p>\n<p>\uff12\u3064\u76ee\u306f\u3001<\/p>\n<p><strong>\u300c\u65e5\u672c\u4eba\u306e\u914d\u5076\u8005\u7b49\u300d\u306e\u5916\u56fd\u4eba\u304c\u65e5\u672c\u4eba\u3068\u96e2\u5a5a\u304b\u3001\u6b7b\u5225\u3057\u305f\u5834\u5408\u306b\u305d\u306e\u307e\u307e\u65e5\u672c\u306b\u3044\u305f\u3044\u306e\u3067\u300c\u5b9a\u4f4f\u8005\u30d3\u30b6\u300d\u306b\u5909\u66f4\u3059\u308b\u5834\u5408\u3001<\/strong><\/p>\n<p class=\"ye\"><strong>Das zweite h\u00e4ufige Beispiel f\u00fcr ein Langzeitaufenthaltsvisum ist, wenn ein Ausl\u00e4nder, der \u201eEhepartner oder Kind eines japanischen Staatsangeh\u00f6rigen\u201c ist, von einem Japaner geschieden oder verwitwet wurde, aber dennoch in Japan bleiben m\u00f6chte.<\/strong><\/p>\n<p>&nbsp;<\/p>\n<p><strong>\u305d\u308c\u305e\u308c\u8aac\u660e\u3057\u3066\u3044\u304d\u305f\u3044\u3068\u601d\u3044\u307e\u3059\u3002<\/strong><\/p>\n<p class=\"ye\"><strong>Wir werden jeden dieser F\u00e4lle erl\u00e4utern.<\/strong><\/p>\n<p>&nbsp;<\/p>\n<p>\u307e\u305a\uff11\u3064\u76ee\u306e\u3001\u65e5\u672c\u4eba\u3068\u56fd\u969b\u7d50\u5a5a\u3057\u305f\u5916\u56fd\u4eba\u914d\u5076\u8005\u306e\u300c\u9023\u308c\u5b50\u300d\u3092\u672c\u56fd\u304b\u3089\u547c\u3073\u5bc4\u305b\u308b\u5834\u5408\u3067\u3059\u3002<\/p>\n<p class=\"ye\">Der erste Fall ist der, dass ein ausl\u00e4ndischer Ehepartner, der eine japanische Person geheiratet hat, ein \u201eKind aus einer fr\u00fcheren Ehe\u201c nach Japan mitbringt.<\/p>\n<p>&nbsp;<\/p>\n<p>\u5916\u56fd\u4eba\u914d\u5076\u8005\u304c\u65e5\u672c\u4eba\u3068\u7d50\u5a5a\u3059\u308b\u524d\u306e\u3001\u524d\u306e\u914d\u5076\u8005\u3068\u306e\u9593\u306b\u3067\u304d\u305f\u5b50\u4f9b\u304c\u6bcd\u56fd\u306b\u3044\u3066\u3001\u305d\u306e\u5b50\u3092\u65e5\u672c\u306b\u547c\u3073\u5bc4\u305b\u308b\u5834\u5408\u3067\u3059\u3002<\/p>\n<p class=\"ye\">Dies ist eine Situation, in der ein ausl\u00e4ndischer Ehepartner in seinem Heimatland ein Kind hat, das mit einem fr\u00fcheren Ehepartner gezeugt wurde, bevor er oder sie eine japanische Person heiratete, und er oder sie bringt das Kind nach Japan.<\/p>\n<p>&nbsp;<\/p>\n<p>\u3053\u306e\u5834\u5408\u306b\u6761\u4ef6\u3068\u306a\u308b\u306e\u306f\u3001\u5b50\u4f9b\u304c\u672a\u6210\u5e74\u3067\u3001\u672a\u5a5a\u3067\u3042\u308b\u3053\u3068\u304c\u6761\u4ef6\u3067\u3059\u3002\u3067\u3059\u306e\u3067\uff12\uff10\u6b73\u4ee5\u4e0a\u306b\u306a\u3063\u3066\u3044\u308b\u5834\u5408\u306f\u5b9a\u4f4f\u8005\u30d3\u30b6\u3067\u306f\u65e5\u672c\u306b\u547c\u3079\u307e\u305b\u3093\u3002\u307e\u305f\u3001\u57fa\u672c\u7684\u306b\u5b50\u4f9b\u306e\u5e74\u9f62\u304c\u9ad8\u304f\u306a\u308b\u307b\u3069\u547c\u3073\u5bc4\u305b\u306f\u96e3\u3057\u304f\u306a\u308a\u307e\u3059\u3002<\/p>\n<p class=\"ye\">In diesem Fall ist die Voraussetzung, dass das Kind minderj\u00e4hrig und unverheiratet ist. Wenn das Kind 20 Jahre alt oder \u00e4lter ist, ist es daher nicht m\u00f6glich, es mit einem Langzeitaufenthaltsvisum nach Japan zu bringen. Je \u00e4lter das Kind ist, desto schwieriger wird es, es nach Japan zu bringen.<\/p>\n<p>&nbsp;<\/p>\n<p>\u4e00\u822c\u7684\u306b\u3001\u9ad8\u6821\u5352\u696d\u306e\u5e74\u9f62\u3001\uff11\uff18\u6b73\u306b\u306a\u3063\u305f\u5b50\u3069\u3082\u306f\u3001\u307e\u3060\u672a\u6210\u5e74\u3067\u3059\u304c\u81ea\u5206\u3067\u751f\u6d3b\u3067\u304d\u308b\u80fd\u529b\u304c\u3042\u308b\u3068\u5224\u65ad\u3055\u308c\u3084\u3059\u304f\u4e0d\u8a31\u53ef\u306b\u306a\u308a\u3084\u3059\u3044\u5074\u9762\u304c\u3042\u308a\u307e\u3059\u3002<\/p>\n<p class=\"ye\">Im Allgemeinen wird ein Kind, das 18 Jahre alt ist, d. h. das Alter, in dem es die Oberschule abschlie\u00dft, wahrscheinlich als f\u00e4hig angesehen, allein zu leben, obwohl es noch minderj\u00e4hrig ist, und es gibt einen Aspekt, bei dem es wahrscheinlich ist, dass die Genehmigung nicht erteilt wird.<\/p>\n<p>&nbsp;<\/p>\n<p>\u3067\u306f\uff12\u3064\u76ee\u3067\u3059\u304c\u300c\u65e5\u672c\u4eba\u306e\u914d\u5076\u8005\u300d\u3092\u6301\u3063\u3066\u3044\u308b\u5916\u56fd\u4eba\u304c\u65e5\u672c\u4eba\u3068\u96e2\u5a5a\u304b\u3001\u6b7b\u5225\u3057\u305f\u5834\u5408\u306b\u3001\u305d\u306e\u307e\u307e\u65e5\u672c\u306b\u3044\u305f\u3044\u306e\u3067\u300c\u5b9a\u4f4f\u8005\u300d\u306b\u5909\u66f4\u3059\u308b\u5834\u5408\u3067\u3059\u306d\u3002<\/p>\n<p class=\"ye\">Der zweite Fall ist der, dass ein Ausl\u00e4nder, der Ehepartner eines japanischen Staatsangeh\u00f6rigen ist, von einem Japaner geschieden oder verwitwet wurde, aber in Japan bleiben m\u00f6chte und deshalb zu einem \u201elangfristigen Einwohner\u201c wird.<\/p>\n<p>&nbsp;<\/p>\n<p>\u3053\u306e\u5834\u5408\u30dd\u30a4\u30f3\u30c8\u306b\u306a\u308b\u306e\u306f\u3001\u65e5\u672c\u56fd\u7c4d\u306e\u5b50\u4f9b\u304c\u3044\u308b\u304b\u3044\u306a\u3044\u304b\u3067\u3059\u3002\u65e5\u672c\u56fd\u7c4d\u306e\u5b50\u4f9b\u304c\u3044\u306a\u3044\u5834\u5408\u306f\u3001\u540c\u5c45\u3057\u305f\u7d50\u5a5a\u671f\u9593\u304c\u6700\u4f4e\uff13\u5e74\u4ee5\u4e0a\u5fc5\u8981\u3067\u3059\u3002\u65e5\u672c\u56fd\u7c4d\u306e\u5b50\u4f9b\u304c\u3044\u308b\u5834\u5408\u306f\u3001\u7d50\u5a5a\u671f\u9593\u304c\uff11\u5e74\u7a0b\u5ea6\u3067\u3082\u53ef\u80fd\u6027\u306f\u3042\u308a\u307e\u3059\u3002\u65e5\u672c\u3067\u65e5\u672c\u56fd\u7c4d\u306e\u5b50\u4f9b\u3068\u540c\u5c45\u3057\u990a\u80b2\u3059\u308b\u3053\u3068\u3067\u3059\u3002\u3082\u3057\u3001\u5b50\u4f9b\u3092\u672c\u56fd\u306e\u89aa\u306b\u9810\u3051\u308b\u5834\u5408\u306f\u3001\u5b50\u4f9b\u306e\u990a\u80b2\u3092\u7406\u7531\u3068\u3057\u305f\u5b9a\u4f4f\u8005\u3078\u5909\u66f4\u306f\u3067\u304d\u307e\u305b\u3093\u3002<\/p>\n<p class=\"ye\">In diesem Fall kommt es darauf an, ob die Person ein Kind mit japanischer Staatsangeh\u00f6rigkeit hat oder nicht. Wenn die Person kein Kind mit japanischer Staatsangeh\u00f6rigkeit hat, muss die Ehe mindestens drei Jahre gedauert haben und man muss mit dem Ehepartner\/der Ehepartnerin zusammenwohnen. \u00a0Wenn die Person ein Kind mit japanischer Staatsangeh\u00f6rigkeit hat, besteht die M\u00f6glichkeit einer Aufenthaltsgenehmigung, auch wenn die Dauer der Ehe etwa ein Jahr betr\u00e4gt. Die Person muss mit dem Kind, das die japanische Staatsangeh\u00f6rigkeit besitzt, in Japan leben und es dort aufziehen. Wenn das Kind bei einem Elternteil im Heimatland untergebracht ist, ist ein Wechsel zu einem langfristig Aufenthaltsberechtigten zum Zwecke der Kindererziehung nicht m\u00f6glich.<\/p>\n<p>&nbsp;<\/p>\n<p>\u5b9a\u4f4f\u8005\u30d3\u30b6\u306f\u5c31\u52b4\u5236\u9650\u304c\u306a\u3044\u306e\u3067\u3001\u3069\u3093\u306a\u8077\u7a2e\u3067\u3082\u50cd\u304f\u3053\u3068\u304c\u3067\u304d\u307e\u3059\u3002\u30d3\u30b6\u53d6\u5f97\u306b\u5b66\u6b74\u306a\u3069\u3082\u95a2\u4fc2\u3042\u308a\u307e\u305b\u3093\u3002<\/p>\n<p class=\"ye\">Ein Langzeitaufenthaltsvisum unterliegt keinen Arbeitsbeschr\u00e4nkungen und erlaubt dem Inhaber, in jedem Beruf zu arbeiten. F\u00fcr die Erteilung eines Visums sind keine Bildungs- oder sonstigen Voraussetzungen erforderlich.<\/p>\n<h3><strong>\u5b9a\u4f4f\u8005\u30d3\u30b6\u306b\u95a2\u3059\u308b\u3088\u304f\u3042\u308b\u8cea\u554f<br \/>\n<span class=\"ye\">H\u00e4ufig gestellte Fragen zu Langzeitaufenthaltsvisa<\/span><\/strong><\/h3>\n<h4><strong>\u300c\u65e5\u672c\u4eba\u306e\u914d\u5076\u8005\u7b49\u300d\u304b\u3089\u300c\u5b9a\u4f4f\u8005\u300d\u3078\u306e\u5909\u66f4<br \/>\n<span class=\"ye\">Wechsel von einem Visum f\u00fcr einen \u201eEhepartner oder ein Kind eines japanischen Staatsangeh\u00f6rigen\u201c zu einem Visum f\u00fcr einen \u201eLangzeitaufenthalt\u201c<\/span><\/strong><\/h4>\n<p>\u65e5\u672c\u4eba\u3068\u7d50\u5a5a\u3092\u3057\u3066\u3044\u3066\u300c\u65e5\u672c\u4eba\u306e\u914d\u5076\u8005\u7b49\u300d\u306e\u30d3\u30b6\u3092\u6301\u3063\u3066\u3044\u305f\u65b9\u304c\u3001\u65e5\u672c\u4eba\u3068\u96e2\u5a5a\u3057\u305f\u5834\u5408\u306b\u30d3\u30b6\u3092\u3069\u3046\u3059\u308b\u304b\uff1f\u3068\u3044\u3046\u554f\u984c\u304c\u767a\u751f\u3057\u307e\u3059\u3002\u305d\u306e\u5834\u5408\u306b\u3088\u304f\u3042\u308b\u8cea\u554f\u3068\u3057\u3066\u306f\u3001\u300c\u79c1\u306f\u96e2\u5a5a\u3057\u3066\u3082\u3053\u306e\u307e\u307e\u65e5\u672c\u306b\u3044\u308b\u3053\u3068\u306f\u3067\u304d\u308b\u3067\u3057\u3087\u3046\u304b\uff1f\u300d\u3068\u3044\u3046\u8cea\u554f\u3067\u3059\u3002<\/p>\n<p>\u7b54\u3048\u3068\u3057\u3066\u306f\u3001\u65e5\u672c\u4eba\u3068\u7d50\u5a5a\u3057\u3066\u300c\u65e5\u672c\u4eba\u306e\u914d\u5076\u8005\u7b49\u300d\u306e\u30d3\u30b6\u3067\uff13\u5e74\u4ee5\u4e0a\u5728\u7559\u3057\u3066\u3044\u305f\u306e\u3067\u3042\u308c\u3070\u3001\u96e2\u5a5a\u3057\u3066\u3082\u300c\u5b9a\u4f4f\u8005\u30d3\u30b6\u300d\u3078\u306e\u5909\u66f4\u304c\u3067\u304d\u307e\u3059\u3002<\/p>\n<p class=\"ye\">Wenn die Personen, die mit einem japanischen Staatsangeh\u00f6rigen verheiratet sind, ein Visum \u201eEhegatte oder ein Kind eines japanischen Staatsangeh\u00f6rigen\u201c besitzen, stellt sich die Frage, was mit ihrem Visum geschieht, wenn sie sich von einem japanischen Staatsangeh\u00f6rigen scheiden lassen. Eine h\u00e4ufige Frage in solchen F\u00e4llen lautet: \u201eKann ich in Japan bleiben, auch wenn ich mich scheiden lasse?\u201c<\/p>\n<p class=\"ye\">Die Antwort lautet: Wenn Sie mit einem Japaner verheiratet sind und sich drei Jahre oder l\u00e4nger mit einem Visum f\u00fcr einen \u201eEhepartner oder ein Kind eines japanischen Staatsangeh\u00f6rigen\u201c in Japan aufgehalten haben, k\u00f6nnen Sie auch im Falle einer Scheidung ein Visum f\u00fcr einen \u201eLangzeitaufenthalt\u201c beantragen.<\/p>\n<p>&nbsp;<\/p>\n<p>\u96e2\u5a5a\u5f8c\u306b\u300c\u5b9a\u4f4f\u8005\u300d\u306b\u5909\u66f4\u3057\u3066\u65e5\u672c\u306b\u6b8b\u308a\u305f\u3044\u5834\u5408\u306f\u3001\u73fe\u5728\u306e\u53ce\u5165\u306e\u8a3c\u660e\u3084\u3001\u4eca\u5f8c\u65e5\u672c\u3067\u3069\u306e\u3088\u3046\u306b\u751f\u6d3b\u3057\u3066\u3044\u304f\u306e\u304b\u3001\u306a\u305c\u65e5\u672c\u306b\u6b8b\u308a\u305f\u3044\u306e\u304b\u3001\u306a\u3069\u7406\u7531\u66f8\u306b\u5408\u7406\u7684\u30fb\u8aac\u5f97\u7684\u306b\u8a18\u8f09\u3057\u3066\u7533\u8acb\u3092\u3059\u308b\u5fc5\u8981\u304c\u3042\u308a\u307e\u3059\u3002<\/p>\n<p class=\"ye\">Wenn Sie nach einer Scheidung zu einem \u201eLangzeitaufenthalter\u201c wechseln und in Japan bleiben m\u00f6chten, m\u00fcssen Sie einen Antrag stellen, indem Sie Ihr derzeitiges Einkommen nachweisen und in einer Begr\u00fcndung rational und \u00fcberzeugend darlegen, wie Sie von nun an in Japan leben werden und warum Sie in Japan bleiben m\u00f6chten.<\/p>\n<h4><strong>\u30dd\u30a4\u30f3\u30c8<\/strong><\/h4>\n<p><strong>\u65e5\u672c\u56fd\u7c4d\u306e\u5b50\u4f9b\u304c\u3044\u306a\u3044\u5834\u5408\u306f\u3001\u540c\u5c45\u3057\u305f\u7d50\u5a5a\u671f\u9593\u304c\u6700\u4f4e\uff13\u5e74\u4ee5\u4e0a\u5fc5\u8981\u3067\u3059\u3002<\/strong><\/p>\n<p><strong>\u65e5\u672c\u56fd\u7c4d\u306e\u5b50\u4f9b\u304c\u3044\u308b\u5834\u5408\u306f\u3001\u7d50\u5a5a\u671f\u9593\u304c\uff11\u5e74\u7a0b\u5ea6\u3067\u3082\u53ef\u80fd\u6027\u306f\u3042\u308a\u307e\u3059\u3002<\/strong><\/p>\n<h4 class=\"ye\"><strong>Punkte<\/strong><\/h4>\n<p class=\"ye\"><strong>Wenn Sie keine Kinder mit japanischer Staatsangeh\u00f6rigkeit haben, muss die Dauer der Ehe mindestens drei Jahre betragen.<\/strong><\/p>\n<p class=\"ye\"><strong>Wenn Sie ein Kind mit japanischer Staatsangeh\u00f6rigkeit haben, besteht die M\u00f6glichkeit, auch wenn die Dauer der Ehe nur etwa ein Jahr betr\u00e4gt.<\/strong><\/p>\n<p>&nbsp;<\/p>\n<h3><strong>\u65e5\u672c\u56fd\u7c4d\u306e\u5b50\u4f9b\u306e\u990a\u80b2\u3092\u7406\u7531\u306b\u300c\u5b9a\u4f4f\u8005\u300d\u3078\u306e\u5909\u66f4<br \/>\n<span class=\"ye\">Wechsel zu einem \u201eLangzeitaufenthalter\u201c aus dem Grund, ein Kind mit japanischer Staatsangeh\u00f6rigkeit aufzuziehen<\/span><\/strong><\/h3>\n<p>\u65e5\u672c\u56fd\u7c4d\u306e\u5b50\u4f9b\u3092\u990a\u80b2\u3057\u3066\u3044\u308b\u5834\u5408\u306f\u300c\u5b9a\u4f4f\u8005\u300d\u306e\u30d3\u30b6\u3078\u5909\u66f4\u304c\u53ef\u80fd\u3067\u3059\u3002<\/p>\n<p>\u3053\u306e\u5834\u5408\u306e\u5b9a\u4f4f\u8005\u30d3\u30b6\u3078\u306e\u5909\u66f4\u306e\u6761\u4ef6\u3068\u3057\u3066\u306f\u3001\u300c\u65e5\u672c\u3067\u65e5\u672c\u56fd\u7c4d\u306e\u5b50\u4f9b\u3068\u540c\u5c45\u3057\u990a\u80b2\u3059\u308b\u3053\u3068\u300d\u3067\u3059\u3002<\/p>\n<p class=\"ye\">Wenn Sie ein Kind mit japanischer Staatsangeh\u00f6rigkeit aufziehen, ist es m\u00f6glich, ein Langzeitaufenthaltsvisum zu beantragen.<\/p>\n<p class=\"ye\">In diesem Fall ist die Bedingung f\u00fcr den Wechsel zu einem Langzeitaufenthaltsvisum, dass Sie mit einem Kind mit japanischer Staatsangeh\u00f6rigkeit in Japan leben und es dort aufziehen.<\/p>\n<p>&nbsp;<\/p>\n<p>\u5b50\u4f9b\u3092\u672c\u56fd\u306e\u89aa\u306b\u9810\u3051\u308b\u5834\u5408\u306f\u3001\u5b50\u4f9b\uff08\u65e5\u672c\u56fd\u7c4d\uff09\u306e\u990a\u80b2\u3092\u7406\u7531\u3068\u3057\u305f\u5b9a\u4f4f\u8005\u3078\u5909\u66f4\u306f\u8a8d\u3081\u3066\u3082\u3089\u3048\u307e\u305b\u3093\u3002\u4eee\u306b\u5b50\u4f9b\u304c\u5c0f\u3055\u304f\u50cd\u3051\u306a\u3044\u5834\u5408\u306b\u751f\u6d3b\u4fdd\u8b77\u3092\u53d7\u3051\u3066\u3044\u308b\u5834\u5408\u3067\u3082\u3001\u5b50\u4f9b\u304c\u5c11\u3057\u5927\u304d\u304f\u306a\u3063\u3066\u4fdd\u80b2\u5712\u306b\u9810\u3051\u308b\u3053\u3068\u304c\u3067\u304d\u308b\u3088\u3046\u306b\u306a\u3063\u305f\u3089\u81ea\u5206\u3067\u50cd\u3044\u3066\u751f\u6d3b\u3059\u308b\u3053\u3068\u3092\u8003\u3048\u3066\u3044\u308b\u3068\u3044\u3046\u5185\u5bb9\u3092\u6587\u66f8\u3067\u8aac\u660e\u3059\u308b\u3053\u3068\u304c\u5fc5\u8981\u3067\u3059\u3002<\/p>\n<p class=\"ye\">Falls das Kind bei Ihrem Elternteil in Ihrem Heimatland lebt, k\u00f6nnen Sie nicht zu einem Langzeitaufenthaltsberechtigten werden, weil Sie ein Kind (mit japanischer Staatsangeh\u00f6rigkeit) aufziehen.<\/p>\n<p class=\"ye\">Selbst wenn Sie Sozialhilfe erhalten, weil das Kind noch klein ist und Sie nicht arbeiten k\u00f6nnen, m\u00fcssen Sie in einem Dokument erkl\u00e4ren, dass Sie beabsichtigen, selbst zu arbeiten, wenn das Kind etwas \u00e4lter ist und in eine Kindertagesst\u00e4tte gehen kann.<\/p>\n<h5><strong>\u30dd\u30a4\u30f3\u30c8<\/strong><\/h5>\n<p>\u65e5\u672c\u56fd\u7c4d\u306e\u5b50\u4f9b\u304c\u3044\u308b\u5834\u5408\u306f\u3001\u7d50\u5a5a\u671f\u9593\u304c\uff11\u5e74\u7a0b\u5ea6\u3067\u3082\u53ef\u80fd\u6027\u306f\u3042\u308a\u307e\u3059\u3002<\/p>\n<h5 class=\"ye\"><strong>Punkt<\/strong><\/h5>\n<p class=\"ye\">Wenn Sie ein Kind mit japanischer Staatsangeh\u00f6rigkeit haben, besteht die M\u00f6glichkeit, auch wenn die Dauer der Ehe nur etwa ein Jahr betr\u00e4gt.<\/p>\n<h4><strong>\u672a\u6210\u5e74\u306e\u9023\u308c\u5b50\u3092\u547c\u3076<\/strong><br \/>\n<span class=\"ye\"><strong>Mitbringen eines minderj\u00e4hrigen Kindes aus einer fr\u00fcheren Ehe nach Japan<\/strong><\/span><\/h4>\n<p><strong>\u00a0<\/strong>\u300c\u65e5\u672c\u4eba\u306e\u914d\u5076\u8005\u7b49\u300d\u306e\u30d3\u30b6\u3092\u3082\u3064\u5916\u56fd\u4eba\u306e\u65b9\u3067\u3001\u65e5\u672c\u4eba\u3068\u7d50\u5a5a\u3059\u308b\u524d\u3001\u672c\u56fd\u3067\u7d50\u5a5a\u3092\u3057\u3066\u3044\u305f\u5834\u5408\u306b\u305d\u306e\u65b9\u306e\u3068\u306e\u9593\u306b\u5b50\u4f9b\u304c\u3044\u308b\u5834\u5408\u304c\u3042\u308a\u307e\u3059\u3002\u524d\u306e\u914d\u5076\u8005\u3068\u306e\u9593\u306e\u5b50\u4f9b\uff08\u9023\u308c\u5b50\uff09\u3092\u65e5\u672c\u306b\u547c\u3079\u308b\u304b\uff1f\u3068\u3044\u3046\u8cea\u554f\u3092\u3044\u305f\u3060\u304f\u3053\u3068\u304c\u3042\u308a\u307e\u3059\u3002<\/p>\n<p class=\"ye\">Es gibt F\u00e4lle, in denen ein Ausl\u00e4nder, der ein Visum f\u00fcr einen \u201eEhepartner oder ein Kind eines japanischen Staatsangeh\u00f6rigen\u201c hat, in seinem Heimatland verheiratet war, bevor er einen Japaner heiratete und ein Kind mit diesem ausl\u00e4ndischen fr\u00fcheren Ehepartner hat. Wir werden manchmal gefragt, ob es m\u00f6glich ist, ein Kind, das aus der Ehe mit einem fr\u00fcheren Ehepartner hervorgegangen ist (ein Kind aus einer fr\u00fcheren Ehe), nach Japan zu bringen.<\/p>\n<p>&nbsp;<\/p>\n<p>\u7b54\u3048\u306f\u3001\u305d\u306e\u5b50\u304c\u672a\u6210\u5e74\u3067\u672a\u5a5a\u3067\u3042\u308c\u3070\u3001\u300c\u5b9a\u4f4f\u8005\u300d\u306e\u30d3\u30b6\u3067\u65e5\u672c\u306b\u547c\u3076\u3053\u3068\u304c\u53ef\u80fd\u3067\u3059\u3002\u305d\u306e\u5834\u5408\u3001\u5916\u56fd\u7c4d\u306e\u5b50\u4f9b\u306f\u65e5\u672c\u306b\u6765\u305f\u5f8c\u3001\u5b66\u6821\u306f\u3069\u3046\u3059\u308b\u306e\u304b\u3001\u307e\u305f\u65e5\u672c\u4eba\u306e\u592b\u306f\u3069\u306e\u3088\u3046\u306b\u990a\u80b2\u306b\u95a2\u308f\u3063\u3066\u3044\u304f\u306e\u304b\uff08\u4f8b\u3048\u3070\u990a\u5b50\u306b\u3044\u308c\u308b\u306e\u304b\u3069\u3046\u304b\u306a\u3069\uff09\u3001\u4eca\u5f8c\u3069\u306e\u3088\u3046\u306a\u8a08\u753b\u304c\u3042\u308b\u306e\u304b\u3092\u5177\u4f53\u7684\u306b\u5165\u56fd\u7ba1\u7406\u5c40\u306b\u63d0\u793a\u3067\u304d\u308c\u3070\u8a31\u53ef\u306b\u306a\u308b\u3068\u601d\u3044\u307e\u3059\u3002<\/p>\n<p class=\"ye\">Die Antwort lautet: Wenn das Kind minderj\u00e4hrig und unverheiratet ist, ist es m\u00f6glich, das Kind mit einem Langzeitaufenthaltsvisum nach Japan zu bringen. In einem solchen Fall wird die Genehmigung unseres Erachtens nach erteilt, wenn der Einwanderungsbeh\u00f6rde ein konkreter Zukunftsplan vorgelegt wird, aus dem hervorgeht, was mit der Schule geschehen soll, nachdem das Kind mit ausl\u00e4ndischer Staatsangeh\u00f6rigkeit nach Japan gekommen ist, und wie sich der japanische Ehemann an der Erziehung des Kindes beteiligen wird (z. B. ob er das Kind adoptieren wird oder nicht).<\/p>\n<p>&nbsp;<\/p>\n<h5><strong>\u30dd\u30a4\u30f3\u30c8<\/strong><\/h5>\n<p>\u672a\u6210\u5e74\uff08\uff11\uff19\u6b73\u307e\u3067\uff09\u3067\u3001\u672a\u5a5a\u3067\u3042\u308b\u3053\u3068\u304c\u6761\u4ef6\u3067\u3059\u3002\uff12\uff10\u6b73\u4ee5\u4e0a\u306f\u5b9a\u4f4f\u8005\u3067\u547c\u3079\u307e\u305b\u3093\u3002<\/p>\n<p>\u307e\u305f\u5b50\u4f9b\u306e\u5e74\u9f62\u304c\u9ad8\u304f\u306a\u308b\u307b\u3069\u96e3\u6613\u5ea6\u304c\u9ad8\u304f\u306a\u308a\u307e\u3059\u3002<\/p>\n<h5 class=\"ye\"><strong>Punkt<\/strong><\/h5>\n<p class=\"ye\">Voraussetzung ist, dass das Kind minderj\u00e4hrig (bis zu 19 Jahre alt) und unverheiratet ist. Ist das Kind 20 Jahre alt oder \u00e4lter, kann es nicht als Langzeitaufenthalter her\u00fcbergebracht werden. Je \u00e4lter das Kind ist, desto schwieriger ist es au\u00dferdem, eine Genehmigung zu erhalten.<\/p>\n<p>&nbsp;<\/p>\n<h4><strong>\u5be9\u67fb\u4e0a\u306e\u6ce8\u610f\u70b9<\/strong><br \/>\n<span class=\"ye\">Worauf Sie bei der \u00dcberpr\u00fcfung achten sollten<\/span><\/strong><\/h4>\n<p><strong>\u00a0<\/strong>\u9023\u308c\u5b50\u3092\u65e5\u672c\u306b\u547c\u3076\u5834\u5408\u306f\u3001\u65e5\u672c\u5074\u306e\u7d4c\u6e08\u72b6\u6cc1\uff08\u6276\u990a\u3067\u304d\u308b\u5341\u5206\u306a\u8cc7\u529b\u304c\u3042\u308b\u304b\uff09\u304c\u5be9\u67fb\u3055\u308c\u307e\u3059\u3002\u307e\u305f\u3001\u9023\u308c\u5b50\u306b\u5bfe\u3059\u308b\u4eca\u307e\u3067\u306e\u6276\u990a\u5b9f\u7e3e\u3082\u53b3\u3057\u304f\u5be9\u67fb\u3055\u308c\u307e\u3059\u3002<\/p>\n<p>\u4f8b\u3048\u3070\u3001\u4eca\u307e\u3067\u307e\u3063\u305f\u304f\u6276\u990a\u3057\u3066\u3044\u306a\u304b\u3063\u305f\u306e\u306b\u3001\u306a\u305c\u6025\u306b\u65e5\u672c\u306b\u547c\u3076\u306e\u304b\u3068\u3044\u3046\u7591\u554f\u3092\u6301\u305f\u308c\u308b\u306e\u3067\u3001\u3053\u308c\u306b\u5341\u5206\u56de\u7b54\u3059\u308b\u3053\u3068\u304c\u5fc5\u8981\u3067\u3059\u3002<\/p>\n<p>\u5358\u306b\u5bb6\u8a08\u3092\u52a9\u3051\u308b\u305f\u3081\u306b\u3001\u30a2\u30eb\u30d0\u30a4\u30c8\u3067\u304d\u308b\u5e74\u9f62\u306b\u306a\u3063\u305f\u306e\u3067\u65e5\u672c\u3067\u4ed5\u4e8b\u3092\u3055\u305b\u305f\u3044\u3068\u8003\u3048\u3066\u547c\u3076\u306e\u3067\u306f\u306a\u3044\u304b\u3068\u5224\u65ad\u3055\u308c\u304c\u3061\u3067\u3059\u306e\u3067\u3001\u7dcf\u5224\u65ad\u3055\u308c\u3066\u3057\u307e\u3048\u3070\u4e0d\u8a31\u53ef\u3068\u306a\u308a\u307e\u3059\u3002<\/p>\n<p class=\"ye\">Wenn Sie ein Kind aus einer fr\u00fcheren Ehe nach Japan bringen m\u00f6chten, werden die wirtschaftlichen Verh\u00e4ltnisse auf japanischer Seite (ob ausreichende finanzielle Mittel f\u00fcr den Unterhalt des Kindes vorhanden sind) gepr\u00fcft.<\/p>\n<p class=\"ye\">Auch Ihre bisherige Unterhaltsleistung f\u00fcr das Kind aus einer fr\u00fcheren Ehe wird streng gepr\u00fcft. Es werden z. B. Fragen dazu gestellt, warum Sie das Kind pl\u00f6tzlich nach Japan holen wollen, obwohl Sie es zuvor \u00fcberhaupt nicht unterhalten haben. Es wird notwendig sein, solche Fragen ausreichend zu beantworten.<\/p>\n<p class=\"ye\">Es ist wahrscheinlich, dass ein Urteil gef\u00e4llt wird, dass das Kind alt genug ist, um eine Teilzeitbesch\u00e4ftigung anzunehmen, und Sie es deshalb nur in Japan arbeiten lassen wollen, um Ihr Haushaltsbudget aufzubessern, und wenn das Urteil insgesamt gef\u00e4llt wird, wird die Erlaubnis nicht erteilt.<\/p>\n<p>&nbsp;<\/p>\n<p>\u5b9a\u4f4f\u8005\u30d3\u30b6\u306e\u7533\u8acb\u3067\u306f\u3001\u4eca\u307e\u3067\u306e\u5b50\u4f9b\u306e\u990a\u80b2\u306b\u95a2\u3059\u308b\u7d4c\u7def\u306e\u8aac\u660e\u3001\u990a\u80b2\u306e\u5fc5\u8981\u6027\u3001\u4eca\u5f8c\u306e\u990a\u80b2\u30fb\u751f\u6d3b\u8a2d\u8a08\uff08\u4f8b\u3048\u3070\u3001\u65e5\u672c\u3067\u4e00\u5b9a\u306e\u671f\u9593\u6276\u990a\u3057\u3001\u9ad8\u3044\u6c34\u6e96\u306e\u6559\u80b2\u3092\u53d7\u3051\u3055\u305b\u308b\uff09\u7b49\u3092\u7533\u8acb\u7406\u7531\u66f8\u3067\u4e3b\u5f35\u3059\u308b\u3053\u3068\u304c\u30dd\u30a4\u30f3\u30c8\u3068\u306a\u308a\u307e\u3059\u3002\u307e\u305f\u3001\u6276\u990a\u3092\u53d7\u3051\u3066\u751f\u6d3b\u3059\u308b\u3068\u3044\u3046\u8981\u4ef6\u304c\u3042\u308b\u4ee5\u4e0a\u3001\u57fa\u672c\u7684\u306b\u306f\u3001\u4e21\u89aa\u3068\u4f4f\u6240\u306f\u4e00\u81f4\u3057\u3066\u3044\u308b\u3053\u3068\u304c\u524d\u63d0\u3068\u306a\u308a\u307e\u3059\u3002<\/p>\n<p class=\"ye\">Bei der Beantragung eines Langzeitaufenthaltsvisums kommt es darauf an, in der schriftlichen Antragsbegr\u00fcndung die Hintergr\u00fcnde der bisherigen Kindererziehung, die Notwendigkeit der Kindererziehung und Ihre Pl\u00e4ne f\u00fcr die Kindererziehung und das t\u00e4gliche Leben in der Zukunft darzulegen (z. B. planen Sie, das Kind f\u00fcr einen bestimmten Zeitraum in Japan zu unterhalten und ihm eine hochwertige Ausbildung zukommen zu lassen). Da au\u00dferdem vorausgesetzt wird, dass das Kind Unterhalt f\u00fcr das t\u00e4gliche Leben erh\u00e4lt, wird im Grunde vorausgesetzt, dass das Kind die gleiche Adresse wie seine Eltern hat.<\/p>\n","protected":false},"excerpt":{"rendered":"<p>\u5b9a\u4f4f\u8005\u30d3\u30b6\u306e\u3088\u304f\u3042\u308b\u4e8b\u4f8b\u3068\u3057\u3066\u306f\uff12\u3064\u8003\u3048\u3089\u307e\u3059\u3002 Es gibt zwei denkbare h\u00e4ufige Beispiele f\u00fcr Langzeitaufenthaltsvisa. &nbsp; \u307e\u305a\uff11\u3064\u306f\u3001 \u65e5\u672c &#8230;<\/p>\n","protected":false},"author":1,"featured_media":0,"parent":0,"menu_order":0,"comment_status":"closed","ping_status":"closed","template":"","meta":{"footnotes":""},"class_list":["post-93","page","type-page","status-publish","hentry"],"_links":{"self":[{"href":"https:\/\/samurai-law.com\/germany\/wp-json\/wp\/v2\/pages\/93","targetHints":{"allow":["GET"]}}],"collection":[{"href":"https:\/\/samurai-law.com\/germany\/wp-json\/wp\/v2\/pages"}],"about":[{"href":"https:\/\/samurai-law.com\/germany\/wp-json\/wp\/v2\/types\/page"}],"author":[{"embeddable":true,"href":"https:\/\/samurai-law.com\/germany\/wp-json\/wp\/v2\/users\/1"}],"replies":[{"embeddable":true,"href":"https:\/\/samurai-law.com\/germany\/wp-json\/wp\/v2\/comments?post=93"}],"version-history":[{"count":3,"href":"https:\/\/samurai-law.com\/germany\/wp-json\/wp\/v2\/pages\/93\/revisions"}],"predecessor-version":[{"id":97,"href":"https:\/\/samurai-law.com\/germany\/wp-json\/wp\/v2\/pages\/93\/revisions\/97"}],"wp:attachment":[{"href":"https:\/\/samurai-law.com\/germany\/wp-json\/wp\/v2\/media?parent=93"}],"curies":[{"name":"wp","href":"https:\/\/api.w.org\/{rel}","templated":true}]}}