{"id":69,"date":"2023-09-08T08:36:16","date_gmt":"2023-09-07T23:36:16","guid":{"rendered":"https:\/\/samurai-law.com\/germany\/?page_id=69"},"modified":"2023-09-08T08:41:00","modified_gmt":"2023-09-07T23:41:00","slug":"sub06","status":"publish","type":"page","link":"https:\/\/samurai-law.com\/germany\/sub06\/","title":{"rendered":"\u65e5\u672c\u4eba\u306e\u914d\u5076\u8005\u30d3\u30b6 Visum f\u00fcr den Ehepartner oder das Kind eines japanischen Staatsangeh\u00f6rigen"},"content":{"rendered":"<p><strong>\u65e5\u672c\u4eba\u3068\u7d50\u5a5a\u3057\u3066\u3001\u5916\u56fd\u4eba\u304c\u65e5\u672c\u306b\u4f4f\u3080\u305f\u3081\u306b\u306f\u300c\u65e5\u672c\u4eba\u306e\u914d\u5076\u8005\u7b49\u300d\u3068\u3044\u3046\u30d3\u30b6\u3092\u53d6\u308b\u5fc5\u8981\u304c\u3042\u308a\u307e\u3059\u3002<\/strong><\/p>\n<p class=\"ye\"><strong>Damit ein Ausl\u00e4nder, der einen Japaner geheiratet hat, in Japan leben kann, muss er ein Visum f\u00fcr \u201eEhepartner oder Kind eines japanischen Staatsangeh\u00f6rigen\u201c erhalten.<\/strong><\/p>\n<p>&nbsp;<\/p>\n<p>\u3053\u308c\u306f\u300c\u5a5a\u7d04\u8005\u300d\u3067\u306f\u53d6\u308c\u307e\u305b\u3093\u306e\u3067\u3001\u5fc5\u305a\u5165\u7c4d\u3059\u308b\u5fc5\u8981\u304c\u3042\u308a\u307e\u3059\u3002\u30d3\u30b6\u7533\u8acb\u306f\u5165\u7c4d\u3057\u305f\u5f8c\u306b\u7533\u8acb\u3059\u308b\u3053\u3068\u306b\u306a\u308a\u307e\u3059\u3002<\/p>\n<p class=\"ye\">Dieses Visum kann nicht von einem \u201eVerlobten\u201c erhalten werden, daher ist es unbedingt erforderlich, die Ehe zu registrieren. Der Ablauf bei der Beantragung des Visums beinhaltet die Registrierung der Ehe und die anschlie\u00dfende Antragstellung.<\/p>\n<p>&nbsp;<\/p>\n<p>\u3067\u3059\u306e\u3067\u3001\u9006\u306b\u8a00\u3048\u3070\u3001\u5165\u7c4d\u3057\u305f\u306e\u306b\u30d3\u30b6\u304c\u3082\u3089\u3048\u306a\u3044\u3001\u914d\u5076\u8005\u30d3\u30b6\u304c\u4e0d\u8a31\u53ef\u306b\u306a\u3063\u305f\u3068\u3044\u3046\u30b1\u30fc\u30b9\u3082\u767a\u751f\u3059\u308b\u53ef\u80fd\u6027\u304c\u3042\u308a\u307e\u3059\u3002<\/p>\n<p>\u7d50\u5a5a\u624b\u7d9a\u306f\u5fc5\u305a\u3067\u304d\u307e\u3059\u304c\u3001\u65e5\u672c\u4eba\u306e\u914d\u5076\u8005\u30d3\u30b6\u306f\u7d50\u5a5a\u3057\u305f\u304b\u3089\u3068\u8a00\u3063\u3066\u5fc5\u305a\u3082\u3089\u3048\u308b\u3051\u3067\u306f\u306a\u3044\u306e\u3067\u3059\u3002<\/p>\n<p class=\"ye\">Daher besteht umgekehrt die M\u00f6glichkeit, dass eine Person kein Visum erhalten kann oder dass die Genehmigung f\u00fcr ein Visum nicht erteilt wird, obwohl eine Ehe registriert wurde.<\/p>\n<p class=\"ye\">Eine Eheschlie\u00dfung an sich ist verfahrenstechnisch m\u00f6glich, aber es garantiert nicht automatisch, dass ein Visum f\u00fcr den Ehepartner oder das Kind eines japanischen Staatsangeh\u00f6rigen immer erteilt wird.<\/p>\n<p>&nbsp;<\/p>\n<p>\u5165\u7c4d\u3057\u305f\u3051\u3069\u30d3\u30b6\u304c\u51fa\u306a\u3044\u3063\u3066\u6700\u60aa\u306a\u4e8b\u3060\u3068\u601d\u3044\u307e\u3059\u3002\u65e5\u672c\u3067\u4e00\u7dd2\u306b\u4f4f\u3081\u306a\u3044\u3067\u3059\u304b\u3089\u3002<\/p>\n<p class=\"ye\">Meiner Meinung nach ist es \u00e4u\u00dferst frustrierend, kein Visum zu erhalten, obwohl eine Ehe registriert wurde, da es den Menschen in Japan nicht erlaubt ist, zusammenzuleben.<\/p>\n<p>&nbsp;<\/p>\n<p>\u306a\u305c\u4e0d\u8a31\u53ef\u306b\u306a\u308b\u53ef\u80fd\u6027\u304c\u3042\u308b\u304b\u3068\u3044\u3046\u3068\u3001\u5165\u56fd\u7ba1\u7406\u5c40\u306e\u5be9\u67fb\u3067\u843d\u3068\u3055\u308c\u308b\u304b\u3089\u3067\u3059\u306d\u3002\u306a\u305c\u306a\u3089\u30d3\u30b6\u76ee\u7684\u306e\u507d\u88c5\u7d50\u5a5a\u304c\u591a\u3044\u304b\u3089\u3067\u3059\u3002\u3088\u304f\u30cb\u30e5\u30fc\u30b9\u306b\u3082\u306a\u3063\u3066\u3044\u308b\u306e\u3092\u898b\u305f\u3053\u3068\u304c\u3042\u308b\u3068\u601d\u3044\u307e\u3059\u3002<\/p>\n<p class=\"ye\">Der Grund f\u00fcr eine m\u00f6gliche Ablehnung liegt im nicht bestandenen Screening bei der Einwanderungsbeh\u00f6rde aufgrund vieler Scheinehen zur Erlangung eines Visums. Dieses Thema wurde wahrscheinlich in den Nachrichten behandelt.<\/p>\n<p>&nbsp;<\/p>\n<p>\u3060\u304b\u3089\u914d\u5076\u8005\u30d3\u30b6\u3092\u53d6\u308b\u305f\u3081\u306b\u306f\u3001\u79c1\u305f\u3061\u306e\u7d50\u5a5a\u306f\u3010\u6b63\u771f\u6b63\u9298\u306e\u7d50\u5a5a\u3067\u3042\u3063\u3066\u3001\u507d\u88c5\u7d50\u5a5a\u3067\u306f\u306a\u3044\u3011\u3068\u3044\u3046\u5224\u65ad\u3092\u3057\u3066\u3082\u3089\u3046\u305f\u3081\u306b\u3001\u3057\u3063\u304b\u308a\u3068\u8cc7\u6599\u3092\u6e96\u5099\u3057\u3066\u7533\u8acb\u3059\u308b\u5fc5\u8981\u304c\u3042\u308a\u307e\u3059\u3002<\/p>\n<p class=\"ye\">Um ein Visum zu erhalten, ist es daher notwendig, die Unterlagen ordnungsgem\u00e4\u00df vorzubereiten und den Antrag zu stellen, damit die Einwanderungsbeh\u00f6rde beurteilen kann, dass es sich bei der Ehe des Paares um eine echte Ehe und nicht um eine Scheinehe handelt.<\/p>\n<p>&nbsp;<\/p>\n<p>\u81ea\u5206\u305f\u3061\u306e\u7d50\u5a5a\u306f\u6b63\u771f\u6b63\u9298\u306e\u7d50\u5a5a\u3067\u3042\u308a\u3001\u507d\u88c5\u7d50\u5a5a\u3067\u306a\u3044\u3068\u3044\u3046\u3053\u3068\u3092\u81ea\u5206\u3067\u8a3c\u660e\u3059\u308b\u5fc5\u8981\u304c\u3042\u308a\u307e\u3059\u3002<\/p>\n<p class=\"ye\">Sie m\u00fcssen beweisen, dass Ihre Ehe echt und nicht gef\u00e4lscht ist.<\/p>\n<p>&nbsp;<\/p>\n<p><strong>\u305d\u3057\u3066\u3001\u81ea\u5206\u3067\u8aac\u660e\u3092\u3057\u305f\u308a\u3001\u8a3c\u660e\u3092\u3057\u305f\u308a\u3001\u305d\u306e\u65b9\u6cd5\u304c\u826f\u304f\u306a\u3044\u3068\u3069\u3046\u306a\u308b\u304b\uff1f<\/strong><\/p>\n<p class=\"ye\"><strong>Was passiert dann, wenn die Methode, mit der Sie eine Erkl\u00e4rung oder einen Beweis erbringen, nicht gut ist?<\/strong><\/p>\n<p>&nbsp;<\/p>\n<p><strong>\u3010\u507d\u88c5\u7d50\u5a5a\u3067\u306f\u306a\u3044\u306e\u306b\u4e0d\u8a31\u53ef\u306b\u306a\u3063\u3066\u3057\u307e\u3046\u3011\u3001\u3068\u3044\u3046\u306e\u304c\u914d\u5076\u8005\u30d3\u30b6\u306e\u7279\u5fb4\u3067\u3059\u3002<\/strong><\/p>\n<p class=\"ye\"><strong>Ein Merkmal des Visums f\u00fcr den Ehepartner oder das Kind eines japanischen Staatsangeh\u00f6rigen ist, dass die Erlaubnis nicht erteilt wird, obwohl es sich nicht um eine Scheinehe handelt.<\/strong><\/p>\n<p>&nbsp;<\/p>\n<p>\u305d\u3057\u3066\u5dee\u5225\u3058\u3083\u306a\u3044\u3067\u3059\u3051\u3069\u30a2\u30b8\u30a2\u306e\u65b9\u3068\u306e\u7d50\u5a5a\u306e\u307b\u3046\u304c\u3001\u6b27\u7c73\u306e\u65b9\u3068\u306e\u7d50\u5a5a\u306b\u6bd4\u3079\u3066\u5be9\u67fb\u304c\u53b3\u3057\u3044\u3068\u306f\u601d\u3044\u307e\u3059\u3002\u305d\u308c\u306f\u30a2\u30b8\u30a2\u51fa\u8eab\u306e\u65b9\u306e\u307b\u3046\u304c\u904e\u53bb\u3001\u507d\u88c5\u7d50\u5a5a\u304c\u591a\u304b\u3063\u305f\u304b\u3089\u3060\u3068\u601d\u3044\u307e\u3059\u3002<\/p>\n<p class=\"ye\">Und wir glauben nicht, dass es diskriminierend ist, aber wir haben den Eindruck, dass Ehen mit Asiaten genauer \u00fcberpr\u00fcft werden als Ehen mit Menschen aus dem Westen. Dies k\u00f6nnte darauf zur\u00fcckzuf\u00fchren sein, dass es in der Vergangenheit mehr F\u00e4lle von Scheinehen mit Menschen aus Asien gegeben hat.<\/p>\n<p>&nbsp;<\/p>\n<p>\u306a\u306e\u3067\u3001\u7533\u8acb\u306e\u8aac\u660e\u8cac\u4efb\u306f\u81ea\u5206\u306b\u3042\u308b\u3001\u305d\u308c\u3082\u4e01\u5be7\u306b\u8aac\u660e\u3057\u3066\u3001\u304b\u3064\u305d\u308c\u3092\u8a3c\u660e\u3057\u306a\u3051\u308c\u3070\u306a\u3089\u306a\u3044\u3068\u3044\u3046\u3053\u3068\u3092\u5ff5\u982d\u306b\u304a\u3044\u3066\u307b\u3057\u3044\u306e\u3067\u3001\u3042\u307e\u308a\u8efd\u304f\u8003\u3048\u308b\u3053\u3068\u306f\u3057\u306a\u3044\u3067\u624b\u7d9a\u304d\u3092\u9032\u3081\u3066\u3044\u3063\u3066\u307b\u3057\u3044\u3068\u601d\u3044\u307e\u3059\u3002<\/p>\n<p class=\"ye\">Daher m\u00f6chten wir Sie bitten, sich vor Augen zu halten, dass Sie f\u00fcr die Abgabe der Erkl\u00e4rung, f\u00fcr die sorgf\u00e4ltige Ausarbeitung dieser Erkl\u00e4rung und f\u00fcr den Nachweis dieser Erkl\u00e4rung verantwortlich sind. Wir bitten Sie, den Antragsprozess ernsthaft zu durchlaufen und nicht leichtfertig dar\u00fcber nachzudenken.<\/p>\n<p>&nbsp;<\/p>\n<p><strong>\u7279\u306b\u4e0d\u8a31\u53ef\u306b\u306a\u308a\u3084\u3059\u3044\u30b1\u30fc\u30b9\u306f\u4e0b\u8a18\u306e\uff19\u30d1\u30bf\u30fc\u30f3\u3067\u3059\u3002<\/strong><\/p>\n<p class=\"ye\"><strong>Die folgenden neun Fallbeispiele sind besonders anf\u00e4llig f\u00fcr Ablehnung.<\/strong><\/p>\n<p>&nbsp;<\/p>\n<div class=\"kakko\">\n<p>\u30fb\u592b\u5a66\u306e\u5e74\u9f62\u5dee\u304c\u5927\u304d\u3044\u5834\u5408<br \/>\n<span class=\"ye\">&#8220;Wenn ein erheblicher Altersunterschied zwischen Mann und Frau besteht.<\/span><\/p>\n<p>\u30fb\u7d50\u5a5a\u7d39\u4ecb\u6240\u306e\u304a\u898b\u5408\u3044\u306b\u3088\u308b\u7d50\u5a5a\u306e\u5834\u5408<br \/>\n<span class=\"ye\">Wenn die Eheschlie\u00dfung das Ergebnis einer Vermittlung von Heiratskandidaten durch eine Ehevermittlungsagentur war.<\/span><\/p>\n<p>\u30fb\u51fa\u4f1a\u3044\u7cfb\u30b5\u30a4\u30c8\u3067\u77e5\u308a\u5408\u3063\u305f\u5834\u5408<br \/>\n<span class=\"ye\">Wenn sich das Paar \u00fcber eine Online-Dating-Seite kennengelernt hat.<\/span><\/p>\n<p>\u30fb\u65e5\u672c\u4eba\u306e\u914d\u5076\u8005\u5074\u306e\u53ce\u5165\u304c\u4f4e\u3044\u5834\u5408\uff08\u30a2\u30eb\u30d0\u30a4\u30c8\u30fb\u30d5\u30ea\u30fc\u30bf\u30fc\u30fb\u7121\u8077\u306a\u3069\uff09<br \/>\n<span class=\"ye\">Wenn der japanische Ehepartner ein geringes Einkommen hat (Teilzeitbesch\u00e4ftigter, Job-Hopper, Arbeitsloser, usw.)<\/span><\/p>\n<p>\u30fb\u65e5\u672c\u4eba\u306e\u914d\u5076\u8005\u5074\u306b\u904e\u53bb\u5916\u56fd\u4eba\u3068\u306e\u96e2\u5a5a\u6b74\u304c\u8907\u6570\u3042\u308b\u5834\u5408\u3002\u307e\u305f\u306f\u305d\u306e\u9006\u306e\u30d1\u30bf\u30fc\u30f3<br \/>\nWenn der japanische Ehepartner in der Vergangenheit mehrfach von Ausl\u00e4ndern geschieden wurde, oder das umgekehrte Muster.<\/p>\n<p>\u30fb\u51fa\u4f1a\u3044\u304c\u30b9\u30ca\u30c3\u30af\u3001\u30ad\u30e3\u30d0\u30af\u30e9\u306a\u3069\u306e\u6c34\u5546\u58f2\u306e\u304a\u5e97\u306e\u5834\u5408<br \/>\n<span class=\"ye\">Wenn sich das Paar in einem alkoholbezogenen Gesch\u00e4ft wie einer Bar oder einer Hostessenbar kennengelernt hat.<\/span><\/p>\n<p>\u30fb\u4ea4\u969b\u671f\u9593\u304c\u304b\u306a\u308a\u77ed\u3044\u5834\u5408<br \/>\n<span class=\"ye\">Wenn die Dauer der Beziehung recht kurz war.<\/span><\/p>\n<p>\u30fb\u4ea4\u969b\u671f\u9593\u3092\u8a3c\u660e\u3067\u304d\u308b\u5199\u771f\u3092\u307b\u3068\u3093\u3069\u64ae\u3063\u3066\u304d\u3066\u306a\u304b\u3063\u305f\u5834\u5408<br \/>\n<span class=\"ye\">Wenn das Paar fast keine Fotos gemacht hat, die die Verabredungszeit beweisen k\u00f6nnen.<\/span><\/p>\n<p>\u30fb\u7d50\u5a5a\u5f0f\u3092\u884c\u3063\u3066\u3044\u306a\u3044\u5834\u5408<br \/>\n<span class=\"ye\">Wenn das Paar keine Hochzeitszeremonie abgehalten hat.<\/span><\/p>\n<p>\u30fb\u4e0d\u502b\u3067\u306e\u4ea4\u969b<br \/>\n<span class=\"ye\">Beziehungen bei Ehebruch.<\/span><\/p>\n<\/div>\n<p>&nbsp;<\/p>\n<p>\u3067\u306f\u3001\u65e5\u672c\u4eba\u306e\u914d\u5076\u8005\u30d3\u30b6\u306e\u624b\u7d9a\u304d\u65b9\u6cd5\u306b\u3064\u3044\u3066\u8aac\u660e\u3057\u305f\u3044\u3068\u601d\u3044\u307e\u3059\u3002\u56fd\u969b\u7d50\u5a5a\u306e\u30d1\u30bf\u30fc\u30f3\u306a\u306e\u3067\u3059\u304c\u5927\u304d\u304f\u8003\u3048\u3066\uff12\u3064\u3042\u308b\u3068\u601d\u3044\u307e\u3059\u3002<\/p>\n<p class=\"ye\">Als N\u00e4chstes m\u00f6chten wir Ihnen die Verfahren f\u00fcr die Beantragung eines Visums f\u00fcr den Ehepartner einer japanischen Person erl\u00e4utern.<br \/>\nDabei lassen sich meiner Meinung nach die Muster internationaler Ehen grob in zwei Typen einteilen:<\/p>\n<p>&nbsp;<\/p>\n<p><strong>\uff11\u3064\u306f\u5916\u56fd\u4eba\u304c\u307e\u3060\u6d77\u5916\u306b\u3044\u308b\u5834\u5408<\/strong><\/p>\n<p class=\"ye\"><strong>Die erste ist, wenn sich der ausl\u00e4ndische Ehepartner noch in einem anderen Land befindet.<\/strong><\/p>\n<p>\u3068<\/p>\n<p class=\"ye\">Und&#8230;<\/p>\n<p><strong>\uff12\u3064\u306f\u5916\u56fd\u4eba\u304c\u3082\u3046\u65e5\u672c\u3067\u751f\u6d3b\u3057\u3066\u3044\u308b\u5834\u5408\u3067\u3059\u3002<\/strong><\/p>\n<p class=\"ye\"><strong>Der zweite Fall ist, wenn der ausl\u00e4ndische Ehepartner bereits in Japan lebt.<\/strong><\/p>\n<p>&nbsp;<\/p>\n<p>\uff11\u3064\u76ee\u306e\u3001\u5916\u56fd\u4eba\u914d\u5076\u8005\u304c\u6d77\u5916\u306b\u4f4f\u3093\u3067\u3044\u308b\u5834\u5408\u306a\u3093\u3067\u3059\u304c\u3001\u300c\u65e5\u672c\u306b\u547c\u3073\u5bc4\u305b\u308b\u300d\u3068\u3044\u3046\u3053\u3068\u306b\u306a\u308a\u307e\u3059\u3002<\/p>\n<p class=\"ye\">Im ersten Fall, in dem der ausl\u00e4ndische Ehepartner in einem anderen Land lebt, wird er oder sie nach Japan gebracht.<\/p>\n<p>&nbsp;<\/p>\n<p>\u305d\u306e\u5834\u5408\u306b\u3001\u51fa\u4f1a\u3044\u306f\u5927\u304d\u304f\u5206\u3051\u308b\u3068\uff12\u3064\u3042\u3063\u3066\u3001\uff11\u3064\u306f\u65e5\u672c\u4eba\u306e\u65b9\u304c\u4ed5\u4e8b\u3067\u6d77\u5916\u3078\u99d0\u5728\u3057\u3066\u3044\u305f\u3068\u304b\u3001\u3042\u308b\u3044\u306f\u7559\u5b66\u3057\u3066\u3044\u305f\u3068\u304b\u3067\u73fe\u5730\u3067\u77e5\u308a\u5408\u3063\u3066\u7d50\u5a5a\u3057\u305f\u5834\u5408\u3067\u3059\u3002\u3082\u3046\u3072\u3068\u3064\u306f\u7d50\u5a5a\u7d39\u4ecb\u6240\u3067\u56fd\u969b\u7d50\u5a5a\u304a\u898b\u5408\u3044\u3092\u3057\u3066\u7d50\u5a5a\u3057\u305f\u30b1\u30fc\u30b9\u3067\u3059\u3002<\/p>\n<p class=\"ye\">In solchen F\u00e4llen lassen sich die Wege, auf denen sich die Paare kennengelernt haben, grob in zwei Arten unterteilen. Im ersten Fall war die japanische Person aus beruflichen Gr\u00fcnden in einem anderen Land stationiert oder studierte im Ausland, und das Paar lernte sich in diesem Land kennen und heiratete.<\/p>\n<p>&nbsp;<\/p>\n<p>\u6d77\u5916\u3067\u7d50\u5a5a\u3057\u305f\u5834\u5408\u306f\u5916\u56fd\u4eba\u306e\u592b\u30fb\u59bb\u306f\u30d3\u30b6\u304c\u3042\u308a\u307e\u305b\u3093\u306e\u3067\u3001\u89b3\u5149\u306a\u3069\u3067\u5165\u3063\u3066\u304f\u308b\u3053\u3068\u306f\u3067\u304d\u307e\u3059\u304c\u3001\u6b63\u898f\u306e\u9577\u671f\u30d3\u30b6\u306f\u307e\u3060\u306a\u3044\u72b6\u614b\u3067\u3059\u3002\u3053\u306e\u5834\u5408\u306f\u3001\u307e\u305a\u65e5\u672c\u306e\u5165\u56fd\u7ba1\u7406\u5c40\u306b\u300c\u5728\u7559\u8cc7\u683c\u8a8d\u5b9a\u8a3c\u660e\u66f8\u300d\u3068\u3044\u3046\u3082\u306e\u3092\u7533\u8acb\u3057\u307e\u3059\u3002\u5be9\u67fb\u304c\u901a\u308b\u3068\u300c\u5728\u7559\u8cc7\u683c\u8a8d\u5b9a\u8a3c\u660e\u66f8\u300d\u3068\u3044\u3046\u3082\u306e\u304c\u3082\u3089\u3048\u307e\u3059\u306e\u3067\u3001\u3053\u308c\u3092\u6d77\u5916\u306b\u3044\u308b\u5916\u56fd\u4eba\u306e\u592b\u30fb\u59bb\u306b\u9001\u308a\u307e\u3059\u3002\u305d\u3057\u3066\u73fe\u5730\u306e\u65e5\u672c\u9818\u4e8b\u9928\u3067\u3053\u306e\u8a3c\u660e\u66f8\u3092\u6dfb\u4ed8\u3057\u3066\u7533\u8acb\u3057\u3066\u73fe\u5730\u3067\u30d3\u30b6\u3092\u3082\u3089\u3044\u307e\u3059\u3002\u305d\u3057\u3066\u65e5\u672c\u306b\u6765\u308b\u3068\u3044\u3046\u3053\u3068\u306b\u306a\u308a\u307e\u3059\u3002<\/p>\n<p class=\"ye\">Wenn ein Paar in einem anderen Land geheiratet hat, hat der ausl\u00e4ndische Ehepartner kein Visum. Daher kann er oder sie zu touristischen Zwecken nach Japan einreisen, besitzt jedoch noch kein offizielles Langzeitvisum. In einem solchen Fall muss als Erstes eine Aufenthaltsgenehmigung bei der Einwanderungsbeh\u00f6rde beantragt werden. Nach Bestehen der Pr\u00fcfung kann die Person eine Aufenthaltsgenehmigung erhalten, die an den Ehemann oder die Ehefrau im anderen Land geschickt wird. Diese Bescheinigung wird dann einem Antrag beigef\u00fcgt, der beim japanischen Konsulat in diesem Land gestellt wird, und der Ehegatte erh\u00e4lt in diesem Land ein Visum. Anschlie\u00dfend kann der Ehepartner nach Japan reisen.<\/p>\n<p>&nbsp;<\/p>\n<p><strong>\u3067\u306f\u6b21\u306f\u3001\u65e5\u672c\u306b\u4f4f\u3093\u3067\u3044\u308b\u5916\u56fd\u4eba\u3068\u65e5\u672c\u3067\u7d50\u5a5a\u3057\u305f\u5834\u5408\u3067\u3059\u3002\u7559\u5b66\u751f\u3068\u304b\u3001\u793e\u4f1a\u4eba\u306e\u5916\u56fd\u4eba\u304c\u5f53\u3066\u306f\u307e\u308a\u307e\u3059\u3002\u65e2\u306b\u65e5\u672c\u306b\u4f4f\u3093\u3067\u3044\u308b\u5916\u56fd\u4eba\u3068\u65e5\u672c\u4eba\u304c\u7d50\u5a5a\u3057\u305f\u5834\u5408\u3067\u3059\u3002<\/strong><\/p>\n<p class=\"ye\"><strong>Der n\u00e4chste Fall betrifft Ausl\u00e4nder, die bereits in Japan leben und hier eine Ehe eingegangen sind. Dies gilt sowohl f\u00fcr ausl\u00e4ndische Studenten als auch f\u00fcr Erwachsene aus anderen L\u00e4ndern.<\/strong><\/p>\n<p>&nbsp;<\/p>\n<p>\u3053\u306e\u5834\u5408\u306f\u5916\u56fd\u4eba\u306e\u592b\u30fb\u59bb\u306f\u3082\u3046\u5c31\u52b4\u30d3\u30b6\u304b\u7559\u5b66\u30d3\u30b6\u306f\u6301\u3063\u3066\u3044\u307e\u3059\u3002\u3053\u306e\u5834\u5408\u306f\u30d3\u30b6\u306e\u7a2e\u985e\u3092\u5909\u66f4\u3059\u308b\u3053\u3068\u306b\u306a\u308a\u307e\u3059\u3002\u73fe\u5728\u6301\u3063\u3066\u3044\u308b\u30d3\u30b6\u304b\u3089\u65e5\u672c\u4eba\u306e\u914d\u5076\u8005\u7b49\u3068\u3044\u3046\u30d3\u30b6\u306b\u5909\u66f4\u3057\u307e\u3059\u3002\u300c\u5728\u7559\u8cc7\u683c\u5909\u66f4\u8a31\u53ef\u7533\u8acb\u300d\u306b\u306a\u308a\u307e\u3059\u3002<\/p>\n<p class=\"ye\">In diesem Fall hat der ausl\u00e4ndische Ehemann oder die ausl\u00e4ndische Ehefrau bereits ein Visum, z. B. ein Arbeitsvisum oder ein Studentenvisum. In diesem Fall \u00e4ndert sich die Art des Visums. Das derzeitige Visum wird in ein Visum f\u00fcr den Ehepartner oder das Kind eines japanischen Staatsangeh\u00f6rigen umgewandelt. Dies ist ein \u201eAntrag auf Erlaubnis zur \u00c4nderung des Aufenthaltsstatus\u201c. Es handelt sich um eine \u00c4nderung.<\/p>\n<p>&nbsp;<\/p>\n<p>\u4f55\u5e74\u306e\u30d3\u30b6\u30fb\u5728\u7559\u8cc7\u683c\u304c\u3082\u3089\u3048\u308b\u304b\u3068\u3044\u3046\u306e\u306f\u3001\u5a5a\u59fb\u671f\u9593\u3001\u5a5a\u59fb\u306e\u4fe1\u3074\u3087\u3046\u6027\u3001\u5b89\u5b9a\u6027\u3001\u7d99\u7d9a\u6027\u3001\u5bb6\u65cf\u69cb\u6210\uff08\u5b50\u3069\u3082\u3044\u308b\u304b\u3069\u3046\u304b\uff09\u3092\u5be9\u67fb\u3057\u3066\u7d50\u679c\u304c\u3067\u307e\u3059\u304c\u3001\u901a\u5e38\u306f\u6700\u521d1\u5e74\u3067\u3059\u3002\u305d\u308c\u3067\u6b21\u56de\u66f4\u65b0\u306e\u6642\u306b3\u5e74\u304c\u51fa\u305f\u308a\u3057\u307e\u3059\u306d\u3002<\/p>\n<p class=\"ye\">Bei der Frage, f\u00fcr wie viele Jahre das Visum und der Aufenthaltsstatus gelten, werden die Dauer der Ehe, die Glaubw\u00fcrdigkeit, die Stabilit\u00e4t und die Kontinuit\u00e4t der Ehe sowie die Familienstruktur (ob es Kinder gibt oder nicht) gepr\u00fcft, und es wird ein Ergebnis mitgeteilt, aber in der Regel ist es zun\u00e4chst ein Jahr. Bei der n\u00e4chsten Verl\u00e4ngerung werden dann manchmal drei Jahre gew\u00e4hrt.<\/p>\n<p>&nbsp;<\/p>\n<p><strong>\u300c\u914d\u5076\u8005\u30d3\u30b6\u306e\u7533\u8acb\u3067\u306f\u4f55\u3092\u805e\u304b\u308c\u308b\u306e\u304b\uff1f\u300d<\/strong><\/p>\n<p class=\"ye\"><strong>Was werde ich bei einem Antrag auf ein Visum f\u00fcr den Ehepartner oder das Kind eines japanischen Staatsangeh\u00f6rigen gefragt?<\/strong><\/p>\n<p>&nbsp;<\/p>\n<p>\u4ea4\u969b\u306e\u7d4c\u7def\u3092\u3059\u3079\u3066\u805e\u304b\u308c\u308b\u3053\u3068\u306b\u306a\u308a\u307e\u3059\u3002\u305d\u3053\u306b\u30d7\u30e9\u30a4\u30d0\u30b7\u30fc\u3068\u3044\u3046\u3082\u306e\u306f\u3001\u307b\u3068\u3093\u3069\u5b58\u5728\u3057\u307e\u305b\u3093\u3002\u53e3\u982d\u3067\u805e\u304b\u308c\u308b\u308f\u3051\u3067\u306f\u306a\u304f\u3001\u6587\u66f8\u3067\u56de\u7b54\u3059\u308b\u5f62\u3067\u3059\u304c\u3001\u305f\u3068\u3048\u3070\u3001\u914d\u5076\u8005\u30d3\u30b6\u306e\u7533\u8acb\u3067\u306f\u300c\u8cea\u554f\u66f8\u300d\u3068\u3044\u3046\u66f8\u985e\u304c\u3042\u308a\u3001\u305d\u308c\u306b\u56de\u7b54\u3057\u306a\u3051\u308c\u3070\u306a\u308a\u307e\u305b\u3093\u3002<\/p>\n<p class=\"ye\">Sie werden gebeten, detaillierte Informationen \u00fcber den gesamten Hintergrund Ihrer Beziehung anzugeben. Privatsph\u00e4re gibt es dort so gut wie gar nicht. Sie werden nicht m\u00fcndlich befragt, sondern in Form einer schriftlichen Antwort. F\u00fcr ein Visum f\u00fcr den Ehepartner oder das Kind eines japanischen Staatsangeh\u00f6rigen m\u00fcssen Sie beispielsweise einen Fragebogen ausf\u00fcllen, in dem Sie diese Informationen angeben m\u00fcssen.<\/p>\n<p>&nbsp;<\/p>\n<p>\u305d\u306e\u8cea\u554f\u5185\u5bb9\u306f\u3001\u300c\u521d\u3081\u3066\u77e5\u308a\u5408\u3063\u305f\u6642\u671f\u300d\u300c\u5834\u6240\u300d\u300c\u7d50\u5a5a\u307e\u3067\u306e\u3044\u304d\u3055\u3064\u300d\u300c\u7d39\u4ecb\u3092\u53d7\u3051\u305f\u304b\u300d\u300c\u7d39\u4ecb\u3092\u53d7\u3051\u305f\u3044\u304d\u3055\u3064\u300d\u300c\u96e2\u5a5a\u6b74\u304c\u3042\u308b\u304b\u300d\u306a\u3069\u306a\u3069\u3001\u305d\u306e\u4ed6\u306b\u3082\u5e74\u6708\u65e5\u3092\u793a\u3057\u306a\u304c\u3089\u6587\u66f8\u3067\u8aac\u660e\u3059\u308b\u3068\u3044\u3046\u5f62\u306b\u306a\u308a\u307e\u3059\u3002\u307e\u305f\u3001\u4e8c\u4eba\u306e\u5199\u771f\u306f\u73fe\u5b9f\u7684\u306b\u306f\u5fc5\u9808\u66f8\u985e\u3067\u3059\u3002\u5165\u56fd\u7ba1\u7406\u5c45\u306f\u507d\u88c5\u7d50\u5a5a\u3067\u306e\u914d\u5076\u8005\u30d3\u30b6\u53d6\u5f97\u9632\u6b62\u306e\u305f\u3081\u3001\u8a73\u3057\u304f\u7a81\u3063\u8fbc\u3093\u3067\u805e\u3044\u3066\u3044\u308b\u306e\u3067\u3042\u307e\u308a\u6c17\u3092\u60aa\u304f\u3057\u306a\u3044\u3088\u3046\u306b\u304a\u9858\u3044\u305f\u3057\u307e\u3059\u3002<\/p>\n<p class=\"ye\">In dem Fragebogen werden Sie nach verschiedenen Details gefragt, wie zum Beispiel dem Zeitpunkt und Ort des ersten Treffens, dem Hintergrund Ihrer Beziehung bis zur Heirat, ob Sie von jemandem vorgestellt wurden und weitere Einzelheiten zu dieser Vorstellung. Auch Fragen zur Scheidungshistorie k\u00f6nnen gestellt werden. Dar\u00fcber hinaus sind Fotos des Paares zusammen ein wichtiges Dokument. Bitte verstehen Sie, dass die Einwanderungsbeh\u00f6rde diese detaillierten Fragen stellt, um sicherzustellen, dass Visa f\u00fcr den Ehepartner oder das Kind eines japanischen Staatsangeh\u00f6rigen nicht f\u00fcr Scheinehen ausgestellt werden. Es ist wichtig, diese Fragen sorgf\u00e4ltig und wahrheitsgem\u00e4\u00df zu beantworten und nicht beleidigt zu sein.<\/p>\n","protected":false},"excerpt":{"rendered":"<p>\u65e5\u672c\u4eba\u3068\u7d50\u5a5a\u3057\u3066\u3001\u5916\u56fd\u4eba\u304c\u65e5\u672c\u306b\u4f4f\u3080\u305f\u3081\u306b\u306f\u300c\u65e5\u672c\u4eba\u306e\u914d\u5076\u8005\u7b49\u300d\u3068\u3044\u3046\u30d3\u30b6\u3092\u53d6\u308b\u5fc5\u8981\u304c\u3042\u308a\u307e\u3059\u3002 Damit ein Ausl\u00e4nder, der einen Japaner geheiratet hat, in Jap &#8230;<\/p>\n","protected":false},"author":1,"featured_media":0,"parent":0,"menu_order":0,"comment_status":"closed","ping_status":"closed","template":"","meta":{"footnotes":""},"class_list":["post-69","page","type-page","status-publish","hentry"],"_links":{"self":[{"href":"https:\/\/samurai-law.com\/germany\/wp-json\/wp\/v2\/pages\/69","targetHints":{"allow":["GET"]}}],"collection":[{"href":"https:\/\/samurai-law.com\/germany\/wp-json\/wp\/v2\/pages"}],"about":[{"href":"https:\/\/samurai-law.com\/germany\/wp-json\/wp\/v2\/types\/page"}],"author":[{"embeddable":true,"href":"https:\/\/samurai-law.com\/germany\/wp-json\/wp\/v2\/users\/1"}],"replies":[{"embeddable":true,"href":"https:\/\/samurai-law.com\/germany\/wp-json\/wp\/v2\/comments?post=69"}],"version-history":[{"count":5,"href":"https:\/\/samurai-law.com\/germany\/wp-json\/wp\/v2\/pages\/69\/revisions"}],"predecessor-version":[{"id":72,"href":"https:\/\/samurai-law.com\/germany\/wp-json\/wp\/v2\/pages\/69\/revisions\/72"}],"wp:attachment":[{"href":"https:\/\/samurai-law.com\/germany\/wp-json\/wp\/v2\/media?parent=69"}],"curies":[{"name":"wp","href":"https:\/\/api.w.org\/{rel}","templated":true}]}}