{"id":50,"date":"2023-09-07T14:46:50","date_gmt":"2023-09-07T05:46:50","guid":{"rendered":"https:\/\/samurai-law.com\/germany\/?page_id=50"},"modified":"2023-09-13T14:43:53","modified_gmt":"2023-09-13T05:43:53","slug":"sub03","status":"publish","type":"page","link":"https:\/\/samurai-law.com\/germany\/sub03\/","title":{"rendered":"\u4f01\u696d\u5185\u8ee2\u52e4\u30d3\u30b6 Unternehmensinterne Transfers Visum"},"content":{"rendered":"<p>\u4eca\u306f\u7d4c\u6e08\u306e\u30b0\u30ed\u30fc\u30d0\u30eb\u5316\u3067\u3001\u65e5\u672c\u4eba\u30fb\u5916\u56fd\u4eba\u554f\u308f\u305a\u3044\u308d\u3093\u306a\u56fd\u306b\u99d0\u5728\u306b\u884c\u3063\u305f\u308a\u3057\u3066\u3044\u308b\u3068\u601d\u3044\u307e\u3059\u3002\u4f01\u696d\u5185\u8ee2\u52e4\u30d3\u30b6\u306e\u5bfe\u8c61\u3068\u306a\u308b\u5916\u56fd\u4eba\u306f\u8ee2\u52e4\u3067\u65e5\u672c\u306b\u6765\u308b\u5916\u56fd\u4eba\u304c\u5bfe\u8c61\u3067\u3059\u3002<\/p>\n<p class=\"ye\">In der heutigen globalisierten Wirtschaft entscheiden sich sowohl Japaner als auch Ausl\u00e4nder dazu, in verschiedenen L\u00e4ndern sesshaft zu werden. Das Visum f\u00fcr den unternehmensinternen Transfer zielt darauf ab, Ausl\u00e4nder, die im Rahmen eines Transfers nach Japan kommen, zu unterst\u00fctzen.<\/p>\n<p>&nbsp;<\/p>\n<p>\u30b1\u30fc\u30b9\u3068\u3057\u3066\u306f\u3001<\/p>\n<p>&nbsp;<\/p>\n<p><strong>\u2460\u6d77\u5916\u306b\u3042\u308b\u65e5\u672c\u4f01\u696d\u306e\u652f\u793e\u304b\u3089\u65e5\u672c\u306b\u3042\u308b\u672c\u793e\u3078\u8ee2\u52e4\u3059\u308b\u30b1\u30fc\u30b9\u3084\u3001<\/strong><\/p>\n<p>\u305d\u306e\u9006\u306b\u3001<\/p>\n<p><strong>\u2461\u6d77\u5916\u306b\u3042\u308b\u5916\u56fd\u4f01\u696d\u306e\u672c\u793e\u304b\u3089\u65e5\u672c\u306b\u3042\u308b\u652f\u793e\u306b\u8ee2\u52e4\u3059\u308b\u30b1\u30fc\u30b9 <\/strong><\/p>\n<p>\u3068\u306a\u308a\u307e\u3059\u3002<\/p>\n<p>&nbsp;<\/p>\n<p class=\"ye\">Es handelt sich um folgende F\u00e4lle:<\/p>\n<p>&nbsp;<\/p>\n<p class=\"ye\"><strong>\u2460F\u00e4lle, in denen eine Versetzung von einer Zweigstelle eines japanischen Unternehmens im Ausland an den Hauptsitz in Japan erfolgt,<\/strong><\/p>\n<p class=\"ye\">oder umgekehrt<\/p>\n<p class=\"ye\"><strong>\u2461F\u00e4lle, in denen eine Versetzung vom Hauptsitz eines ausl\u00e4ndischen Unternehmens im Ausland an eine Zweigstelle des ausl\u00e4ndischen Unternehmens in Japan erfolgt.<\/strong><\/p>\n<p>&nbsp;<\/p>\n<p>\u3067\u306f\u3053\u306e\u300c\u8ee2\u52e4\u300d\u306e\u8003\u3048\u65b9\u306a\u306e\u3067\u3059\u304c\u3001<\/p>\n<div class=\"kakko\">\n<p><strong>\u2460\u89aa\u4f1a\u793e\u30fb\u5b50\u4f1a\u793e\u9593\u306e\u7570\u52d5 <br \/>\n\u2461\u672c\u5e97\u30fb\u652f\u5e97\u30fb\u55b6\u696d\u6240\u9593\u306e\u7570\u52d5 <br \/>\n\u2462\u89aa\u4f1a\u793e\u30fb\u5b6b\u4f1a\u793e\u9593\u306e\u7570\u52d5\u3001\u53ca\u3073\u5b50\u4f1a\u793e\u30fb\u5b6b\u4f1a\u793e\u9593\u306e\u7570\u52d5 <br \/>\n\u2463\u5b50\u4f1a\u793e\u9593\u306e\u7570\u52d5 <br \/>\n\u2464\u5b6b\u4f1a\u793e\u9593\u306e\u7570\u52d5 <br \/>\n\u2465\u95a2\u9023\u4f1a\u793e\u3078\u306e\u7570\u52d5 <\/strong><\/p>\n<\/div>\n<p>\u3068\u5e45\u5e83\u304f\u3001\u5358\u306b\u89aa\u4f1a\u793e\u304b\u3089\u5b50\u4f1a\u793e\u3078\u7570\u52d5\u3059\u308b\u3088\u308a\u3082\u5e45\u5e83\u304f\u8a8d\u3081\u3089\u308c\u3066\u3044\u307e\u3059\u3002<\/p>\n<p>&nbsp;<\/p>\n<p class=\"ye\">Was ist nun das Konzept dieser \u201eVersetzung\u201c?<\/p>\n<div class=\"kakko\">\n<p class=\"ye\"><strong>\u2460Versetzung zwischen Muttergesellschaft und Tochtergesellschaften<\/strong><br \/>\n<strong>\u2461Versetzung zwischen Hauptverwaltungen, Niederlassungen und Vertriebsb\u00fcros<\/strong><br \/>\n<strong>\u2462Versetzung zwischen Mutter-\/Tochtergesellschaften und Versetzung zwischen Tochter-\/Tochtergesellschaften<\/strong><br \/>\n<strong>\u2463Versetzung zwischen Tochtergesellschaften<\/strong><br \/>\n<strong>\u2464Versetzung zwischen Enkelgesellschaften<\/strong><br \/>\n<strong>\u2465Versetzung an verbundene Unternehmen<\/strong><\/p>\n<\/div>\n<p class=\"ye\">Diese Definition von Muttergesellschaft, Tochtergesellschaft und verbundenem Unternehmen,<\/p>\n<p>&nbsp;<\/p>\n<p>\u305d\u308c\u3067\u3053\u306e\u89aa\u4f1a\u793e\u3001\u5b50\u4f1a\u793e\u3001\u95a2\u9023\u4f1a\u793e\u306e\u5b9a\u7fa9\u3067\u3059\u304c\u3001<\/p>\n<p>\u5165\u56fd\u7ba1\u7406\u5c40\u3067\u306f\u3001 <br \/>\n<strong>\u300c\u8ca1\u52d9\u8af8\u8868\u7b49\u306e\u7528\u8a9e\u3001\u69d8\u5f0f\u53ca\u3073\u4f5c\u6210\u65b9\u6cd5\u306b\u95a2\u3059\u308b\u898f\u5247\u300d\u306e\u7b2c8\u6761 <\/strong><br \/>\n\u306b\u5f93\u3046\u3068\u3055\u308c\u3066\u3044\u307e\u3059\u3002\u3069\u3046\u3044\u3046\u95a2\u4fc2\u306a\u3089\u300c\u4f01\u696d\u5185\u8ee2\u52e4\u30d3\u30b6\u300d\u304c\u8a8d\u3081\u3089\u308c\u308b\u304b\u3092\u8a73\u3057\u304f\u8abf\u3079\u308b\u306b\u306f\u3001\u3053\u306e\u898f\u5247\u3092\u898b\u308b\u5fc5\u8981\u304c\u3042\u308a\u307e\u3059\u3002<\/p>\n<p>\u4f01\u696d\u5185\u8ee2\u52e4\u30d3\u30b6\u3067\u3067\u304d\u308b\u4ed5\u4e8b\u306e\u7bc4\u56f2\u306f\u300c\u6280\u8853\u4eba\u6587\u77e5\u8b58\u56fd\u969b\u696d\u52d9\u300d\u306e\u4ed5\u4e8b\u7bc4\u56f2\u3067\u3059\u3002<\/p>\n<p>\u307e\u305f\u3001\u4f01\u696d\u5185\u8ee2\u52e4\u306f\u4ed6\u306e\u5c31\u52b4\u30d3\u30b6\u3067\u8981\u6c42\u3055\u308c\u308b\u5b66\u6b74\u3084\u5b9f\u52d9\u7d4c\u9a13\u5e74\u6570\u306e\u8981\u4ef6\u304c\u3042\u308a\u307e\u305b\u3093\u3002\u5b66\u6b74\u3084\u5b9f\u52d9\u7d4c\u9a13\u306e\u8981\u4ef6\u304c\u306a\u3044\u306e\u3067\u3059\u304c\u3001\u3082\u3061\u308d\u3093\u5b66\u6b74\u3084\u5b9f\u52d9\u7d4c\u9a13\u304c\u3042\u3063\u305f\u307b\u3046\u304c\u6709\u5229\u306b\u53cd\u51fa\u3055\u308c\u308b\u306e\u306f\u5f53\u7136\u306b\u306a\u308a\u307e\u3059\u3002<\/p>\n<p>\u4f01\u696d\u5185\u8ee2\u52e4\u306e\u30dd\u30a4\u30f3\u30c8\u306f\uff11\u3064\u306e\u307f\u3067\u3059\u3002<\/p>\n<p><strong>\u30fb\u76f4\u8fd1\uff11\u5e74\u9593\u306b\u5916\u56fd\u306b\u3042\u308b\u672c\u5e97\u3084\u652f\u5e97\u3067\u52e4\u52d9\u3057\u3066\u3044\u308b\u3053\u3068 <\/strong><\/p>\n<p>&nbsp;<\/p>\n<p class=\"ye\">Die Einwanderungsbeh\u00f6rde definiert Mutter-, <strong>Tochter- und Schwestergesellschaft gem\u00e4\u00df Artikel 8 der Verordnungen \u00fcber die Begriffe<\/strong>, Formen und Erstellungsmethoden von Jahresabschl\u00fcssen. Um mehr \u00fcber die Art der Beziehungen zu erfahren, die f\u00fcr ein Visum f\u00fcr den unternehmensinternen Transfer in Frage kommen, muss man sich diese Vorschriften ansehen.<\/p>\n<p class=\"ye\">Der Umfang der Arbeit, die mit einem Visum f\u00fcr einen unternehmensinternen Transfer ausgef\u00fchrt werden kann, entspricht dem Umfang der Visa f\u00fcr \u201eIngenieure\/ Spezialisten f\u00fcr Geisteswissenschaften\/ Internationale Dienstleistungen\u201c.<\/p>\n<p class=\"ye\">Au\u00dferdem sind f\u00fcr den unternehmensinternen Transfer nicht die gleichen Anforderungen an Ausbildung oder Berufserfahrung erf\u00fcllt werden wie bei anderen Arbeitsvisa. Obwohl es keine Voraussetzungen bez\u00fcglich Ausbildung oder Berufserfahrung gibt, ist es nat\u00fcrlich vorteilhaft, \u00fcber eine entsprechende Ausbildung und Berufserfahrung zu verf\u00fcgen.<\/p>\n<p class=\"ye\">F\u00fcr die Visa im Rahmen unternehmensinterner Transfers gibt es nur einen entscheidenden Punkt.<\/p>\n<p class=\"ye\"><strong>\u30fbEs ist entscheidend, dass der Arbeitnehmer im letzten Jahr an einem Hauptsitz oder einer Niederlassung im Ausland gearbeitet hat.<\/strong><\/p>\n","protected":false},"excerpt":{"rendered":"<p>\u4eca\u306f\u7d4c\u6e08\u306e\u30b0\u30ed\u30fc\u30d0\u30eb\u5316\u3067\u3001\u65e5\u672c\u4eba\u30fb\u5916\u56fd\u4eba\u554f\u308f\u305a\u3044\u308d\u3093\u306a\u56fd\u306b\u99d0\u5728\u306b\u884c\u3063\u305f\u308a\u3057\u3066\u3044\u308b\u3068\u601d\u3044\u307e\u3059\u3002\u4f01\u696d\u5185\u8ee2\u52e4\u30d3\u30b6\u306e\u5bfe\u8c61\u3068\u306a\u308b\u5916\u56fd\u4eba\u306f\u8ee2\u52e4\u3067\u65e5\u672c\u306b\u6765\u308b\u5916\u56fd\u4eba\u304c\u5bfe\u8c61\u3067\u3059\u3002 In der heutigen globalisierte &#8230;<\/p>\n","protected":false},"author":1,"featured_media":0,"parent":0,"menu_order":0,"comment_status":"closed","ping_status":"closed","template":"","meta":{"footnotes":""},"class_list":["post-50","page","type-page","status-publish","hentry"],"_links":{"self":[{"href":"https:\/\/samurai-law.com\/germany\/wp-json\/wp\/v2\/pages\/50","targetHints":{"allow":["GET"]}}],"collection":[{"href":"https:\/\/samurai-law.com\/germany\/wp-json\/wp\/v2\/pages"}],"about":[{"href":"https:\/\/samurai-law.com\/germany\/wp-json\/wp\/v2\/types\/page"}],"author":[{"embeddable":true,"href":"https:\/\/samurai-law.com\/germany\/wp-json\/wp\/v2\/users\/1"}],"replies":[{"embeddable":true,"href":"https:\/\/samurai-law.com\/germany\/wp-json\/wp\/v2\/comments?post=50"}],"version-history":[{"count":5,"href":"https:\/\/samurai-law.com\/germany\/wp-json\/wp\/v2\/pages\/50\/revisions"}],"predecessor-version":[{"id":123,"href":"https:\/\/samurai-law.com\/germany\/wp-json\/wp\/v2\/pages\/50\/revisions\/123"}],"wp:attachment":[{"href":"https:\/\/samurai-law.com\/germany\/wp-json\/wp\/v2\/media?parent=50"}],"curies":[{"name":"wp","href":"https:\/\/api.w.org\/{rel}","templated":true}]}}