{"id":47,"date":"2023-09-07T14:38:57","date_gmt":"2023-09-07T05:38:57","guid":{"rendered":"https:\/\/samurai-law.com\/germany\/?page_id=47"},"modified":"2023-09-07T14:38:57","modified_gmt":"2023-09-07T05:38:57","slug":"sub02","status":"publish","type":"page","link":"https:\/\/samurai-law.com\/germany\/sub02\/","title":{"rendered":"\u6280\u80fd\u30d3\u30b6 Qualifizierte Arbeitskr\u00e4fte-Visum"},"content":{"rendered":"<h3><strong>\u6280\u80fd\u30d3\u30b6<br \/>\n<span class=\"ye\">Qualifizierte Arbeitskr\u00e4fte-Visum<\/span><\/strong><\/h3>\n<p align=\"left\">\u6280\u80fd\u30d3\u30b6\u306b\u3064\u3044\u3066\u8aac\u660e\u3092\u3057\u305f\u3044\u3068\u601d\u3044\u307e\u3059\u3002\u6280\u80fd\u30d3\u30b6\u306e\u4e2d\u3067\u3082\u7279\u306b\u591a\u3044\u5916\u56fd\u4eba\u306e\u30b3\u30c3\u30af\u3001\u8abf\u7406\u5e2b\u306e\u30d3\u30b6\u306b\u3064\u3044\u3066\u8aac\u660e\u3057\u305f\u3044\u3068\u601d\u3044\u307e\u3059\u3002\u30d9\u30c8\u30ca\u30e0\u4eba\u306e\u8abf\u7406\u5e2b\u3068\u304b\u4e2d\u56fd\u6599\u7406\u306a\u3069\u306e\u5916\u56fd\u4eba\u8abf\u7406\u5e2b\u3067\u3059\u3002\u3053\u306e\u5834\u5408\u306e\u5c31\u52b4\u30d3\u30b6\u306f\u300c\u6280\u80fd\u30d3\u30b6\u300d\u3068\u3044\u3044\u307e\u3059\u3002\u8abf\u7406\u5e2b\u3068\u3057\u3066\u50cd\u304f\u305f\u3081\u306e\u30d3\u30b6\u3067\u3059\u3002<\/p>\n<p class=\"ye\">Wir m\u00f6chten Ihnen das \u201eQualifizierte Arbeitskr\u00e4fte-Visum\u201c f\u00fcr ausl\u00e4ndische K\u00f6che und K\u00fcchenchefs erl\u00e4utern, da dies die h\u00e4ufigste Art von Visum in dieser Kategorie ist. Sie sind zum Beispiel ausl\u00e4ndische K\u00f6che der chinesischen, thail\u00e4ndischen oder indischen K\u00fcche. Es ist wichtig zu beachten, dass das Arbeitsvisum in diesem Fall als \u201eQualifizierte Arbeitskr\u00e4fte-Visum\u201c bezeichnet wird, das speziell f\u00fcr die T\u00e4tigkeit als Koch konzipiert ist.<\/p>\n<p>&nbsp;<\/p>\n<p>\u6280\u80fd\u30d3\u30b6\u306f\u3053\u306e\u540d\u306e\u901a\u308a\u300c\u719f\u7df4\u3057\u305f\u6280\u80fd\u304c\u3042\u308b\u300d\u3053\u3068\u304c\u6761\u4ef6\u3068\u306a\u308a\u307e\u3059\u3002<\/p>\n<p class=\"ye\">Wie der Name schon sagt, ist die Voraussetzung f\u00fcr das qualifizierte Arbeitskr\u00e4fte-Visum, dass die Person \u00fcber \u201egeschickte F\u00e4higkeiten\u201c verf\u00fcgt.<\/p>\n<p>&nbsp;<\/p>\n<p><strong>\u30dd\u30a4\u30f3\u30c8\u306f\uff13\u3064\u3042\u308a\u307e\u3059\u3002Es gibt drei wesentliche Punkte:<\/strong><\/p>\n<h3><strong>\u2460\u5916\u56fd\u4eba\u672c\u4eba\u306b10\u5e74\u4ee5\u4e0a\u306e\u5b9f\u52d9\u7d4c\u9a13\u304c\u3042\u308b\u3053\u3068<\/strong><\/h3>\n<p>\u8abf\u7406\u5e2b\u3068\u3057\u3066\u306e\u5b9f\u52d9\u7d4c\u9a13\u3092\u8a3c\u660e\u3067\u304d\u308b\u5728\u8077\u8a3c\u660e\u66f8\u306a\u3069\u3067\u8a3c\u660e\u3057\u307e\u3059\u3002\u5b9f\u52d9\u7d4c\u9a13\u306b\u3064\u3044\u3066\u306f\u672c\u5f53\u306a\u306e\u304b\u3069\u3046\u304b\u3001\u305d\u306e\u5e97\u306f\u5b9f\u5728\u3057\u3066\u3044\u308b\u306e\u304b\u3092\u8abf\u67fb\u3055\u308c\u307e\u3059\u306e\u3067\u865a\u507d\u7533\u8acb\u306f\u7d76\u5bfe\u306b\u907f\u3051\u3066\u304f\u3060\u3055\u3044\u3002<\/p>\n<h3><strong><span class=\"ye\">\u2460F\u00fcr das qualifizierte Arbeitskr\u00e4fte-Visum als Koch ist eine mindestens 10-j\u00e4hrige Berufserfahrung erforderlich.<\/span><\/strong><\/h3>\n<p class=\"ye\">Diese Erfahrung muss durch Nachweise wie Arbeitsbescheinigungen belegt werden. Wir bitten Sie, keine falschen Antr\u00e4ge zu stellen, da die Beh\u00f6rden pr\u00fcfen werden, ob die Angaben zur Berufserfahrung stimmen und ob es sich um einen echten Laden handelt oder nicht.<\/p>\n<h3><strong>\u2461\u304a\u5e97\u306e\u30e1\u30cb\u30e5\u30fc\u3067\u30b3\u30fc\u30b9\u30e1\u30cb\u30e5\u30fc\u304c\u3042\u308a\u3001\u5358\u54c1\u6599\u7406\u3082\u3042\u308b\u3053\u3068<\/strong><\/h3>\n<p>\u5916\u56fd\u6599\u7406\u5c02\u9580\u5e97\u3067\u3042\u308b\u3053\u3068\u3067\u3059\u3002\u5358\u306a\u308b\u30e9\u30fc\u30e1\u30f3\u5e97\u3084\u30d5\u30a1\u30df\u30ec\u30b9\u30fb\u65e5\u672c\u6599\u7406\u306e\u5c45\u9152\u5c4b\u306a\u3069\u306f\u6280\u80fd\u30d3\u30b6\u306f\u53d6\u308c\u307e\u305b\u3093\u3002\u5916\u56fd\u6599\u7406\u306e\u5c02\u9580\u5e97\u3067\u5fc5\u8981\u306a\u5916\u56fd\u4eba\u8abf\u7406\u5e2b\u306b\u5bfe\u3057\u3066\u51fa\u308b\u5c31\u52b4\u30d3\u30b6\u304c\u300c\u6280\u80fd\u300d\u3067\u3059\u3002<\/p>\n<h3><strong><span class=\"ye\">\u2461 Die Speisekarte des Restaurants bietet sowohl G\u00e4nge als auch einzelne Gerichte und ist ein \u201eSpezialit\u00e4tenrestaurant\u201c f\u00fcr ausl\u00e4ndische Gerichte.<br \/>\n<\/span><\/strong><\/h3>\n<p class=\"ye\">Das Restaurant muss auf ausl\u00e4ndische K\u00fcche spezialisiert sein. F\u00fcr ein einfaches Ramen-Restaurant, ein Familienrestaurant oder eine japanische Kneipe kann kein Visum erteilt werden. Das Arbeitsvisum f\u00fcr ausl\u00e4ndische K\u00f6che, das f\u00fcr Restaurants ben\u00f6tigt wird, die sich auf ausl\u00e4ndische K\u00fcche spezialisiert haben, ist ein \u201eQualifizierte Arbeitskr\u00e4fte-Visum\u201c.<\/p>\n<p>&nbsp;<\/p>\n<h3><strong>\u2462\u5ea7\u5e2d\u6570\u304c\u3042\u308b\u4e00\u5b9a\u898f\u6a21\u3042\u308b\u3053\u3068<\/strong><\/h3>\n<p>\u3042\u307e\u308a\u306b\u3082\u5c0f\u3055\u3044\u5e97\u8217\u3067\u306f\u96e3\u3057\u304f\u306a\u308a\u307e\u3059\u3002\u4f8b\u3048\u3070\u5ea7\u5e2d\u304c\uff16\u3064\u3057\u304b\u306a\u3044\u3068\u3044\u3046\u304a\u5e97\u3067\u306f\u96e3\u3057\u3044\u3068\u3044\u3046\u610f\u5473\u3067\u3059\u3002\u3067\u3059\u304c\u5ea7\u5e2d\uff08\u6905\u5b50\uff09\u306720\uff5e30\u5e2d\u7a0b\u5ea6\u3042\u308c\u3070\u57fa\u6e96\u3092\u30af\u30ea\u30a2\u3067\u304d\u307e\u3059\u3002<\/p>\n<h3><strong><span class=\"ye\">\u2462 Das Restaurant verf\u00fcgt \u00fcber eine gewisse Gr\u00f6\u00dfe und eine Reihe von Sitzpl\u00e4tzen.<br \/>\n<\/span><\/strong><\/h3>\n<p class=\"ye\"><span class=\"HwtZe\" lang=\"es\">Es wird schwierig, wenn der Laden zu klein ist. Ein Gesch\u00e4ft mit nur sechs Sitzpl\u00e4tzen zum Beispiel ist schwierig. Wenn es jedoch 20-30 Sitzpl\u00e4tze (St\u00fchle) gibt, k\u00f6nnen die Kriterien erf\u00fcllt werden.<br \/>\n<\/span><\/p>\n<p>&nbsp;<\/p>\n<p>&nbsp;<\/p>\n<p>\u6280\u80fd\u30d3\u30b6\u306f\u5b66\u6b74\u3067\u306f\u306a\u304f\u3001\u8077\u6b74\u3092\u57fa\u6e96\u3068\u3057\u3066\u8a31\u53ef\u3092\u51fa\u3057\u307e\u3059\u306e\u3067\u3001\u5728\u8077\u8a3c\u660e\u66f8\u306e\u507d\u9020\u304c\u591a\u304f\u3001\u5165\u56fd\u7ba1\u7406\u5c40\u306f\u304b\u306a\u308a\u8a73\u7d30\u306a\u8abf\u67fb\u3092\u3057\u3066\u3044\u307e\u3059\u3002<\/p>\n<p>&nbsp;<\/p>\n<p class=\"ye\"><span class=\"HwtZe\" lang=\"es\"><span class=\"jCAhz ChMk0b\"><span class=\"ryNqvb\">Aufgrund der Tatsache, dass qualifizierte Arbeitskr\u00e4fte-Visa auf dem Besch\u00e4ftigungsverh\u00e4ltnis und nicht der Ausbildung basieren, besteht ein erh\u00f6htes Risiko f\u00fcr gef\u00e4lschte Arbeitsbescheinigungen. Die Einwanderungsbeh\u00f6rde f\u00fchrt daher gr\u00fcndliche Untersuchungen durch, um die Echtheit der vorgelegten Dokumente zu \u00fcberpr\u00fcfen.<\/span><\/span><\/span><\/p>\n","protected":false},"excerpt":{"rendered":"<p>\u6280\u80fd\u30d3\u30b6 Qualifizierte Arbeitskr\u00e4fte-Visum \u6280\u80fd\u30d3\u30b6\u306b\u3064\u3044\u3066\u8aac\u660e\u3092\u3057\u305f\u3044\u3068\u601d\u3044\u307e\u3059\u3002\u6280\u80fd\u30d3\u30b6\u306e\u4e2d\u3067\u3082\u7279\u306b\u591a\u3044\u5916\u56fd\u4eba\u306e\u30b3\u30c3\u30af\u3001\u8abf\u7406\u5e2b\u306e\u30d3\u30b6\u306b\u3064\u3044\u3066\u8aac\u660e\u3057\u305f\u3044\u3068\u601d\u3044\u307e\u3059\u3002\u30d9\u30c8\u30ca\u30e0\u4eba\u306e\u8abf\u7406\u5e2b\u3068 &#8230;<\/p>\n","protected":false},"author":1,"featured_media":0,"parent":0,"menu_order":0,"comment_status":"closed","ping_status":"closed","template":"","meta":{"footnotes":""},"class_list":["post-47","page","type-page","status-publish","hentry"],"_links":{"self":[{"href":"https:\/\/samurai-law.com\/germany\/wp-json\/wp\/v2\/pages\/47","targetHints":{"allow":["GET"]}}],"collection":[{"href":"https:\/\/samurai-law.com\/germany\/wp-json\/wp\/v2\/pages"}],"about":[{"href":"https:\/\/samurai-law.com\/germany\/wp-json\/wp\/v2\/types\/page"}],"author":[{"embeddable":true,"href":"https:\/\/samurai-law.com\/germany\/wp-json\/wp\/v2\/users\/1"}],"replies":[{"embeddable":true,"href":"https:\/\/samurai-law.com\/germany\/wp-json\/wp\/v2\/comments?post=47"}],"version-history":[{"count":3,"href":"https:\/\/samurai-law.com\/germany\/wp-json\/wp\/v2\/pages\/47\/revisions"}],"predecessor-version":[{"id":122,"href":"https:\/\/samurai-law.com\/germany\/wp-json\/wp\/v2\/pages\/47\/revisions\/122"}],"wp:attachment":[{"href":"https:\/\/samurai-law.com\/germany\/wp-json\/wp\/v2\/media?parent=47"}],"curies":[{"name":"wp","href":"https:\/\/api.w.org\/{rel}","templated":true}]}}