{"id":42,"date":"2023-09-07T14:35:49","date_gmt":"2023-09-07T05:35:49","guid":{"rendered":"https:\/\/samurai-law.com\/germany\/?page_id=42"},"modified":"2023-09-13T14:42:40","modified_gmt":"2023-09-13T05:42:40","slug":"sub01","status":"publish","type":"page","link":"https:\/\/samurai-law.com\/germany\/sub01\/","title":{"rendered":"\u6280\u8853\u30fb\u4eba\u6587\u77e5\u8b58\u30fb\u56fd\u969b\u696d\u52d9\u30d3\u30b6 Ingenieure\/ Spezialisten f\u00fcr Geisteswissenschaften\/ Internationale Dienstleistungen-Visum"},"content":{"rendered":"<p>\u5c31\u52b4\u30d3\u30b6\u306e\u4e2d\u306e\uff11\u3064\u3067\u3042\u308b\u300c\u6280\u8853\u30fb\u4eba\u6587\u77e5\u8b58\u30fb\u56fd\u969b\u696d\u52d9\u300d\u306e\u30d3\u30b6\u306b\u3064\u3044\u3066\u8aac\u660e\u3057\u305f\u3044\u3068\u601d\u3044\u307e\u3059\u3002\u300c\u6280\u8853\u4eba\u6587\u77e5\u8b58\u56fd\u969b\u696d\u52d9\u30d3\u30b6\u300d\u306f\u3001\u3044\u308f\u3086\u308b\u300c\u5c31\u52b4\u30d3\u30b6\u300d\u306e\u4e2d\u306e\uff11\u3064\u306e\u30ab\u30c6\u30b4\u30ea\u3067\u3059\u3002\u3088\u304f\u8aa4\u89e3\u3055\u308c\u3066\u3044\u307e\u3059\u304c\u3001\u300c\u5c31\u52b4\u30d3\u30b6\u300d\u3068\u3044\u3046\u540d\u524d\u306e\u30d3\u30b6\u306f\u3042\u308a\u307e\u305b\u3093\u3002<\/p>\n<p>\u300c\u5c31\u52b4\u30d3\u30b6\u300d\u306b\u306f\u5b9f\u306f\u3044\u304f\u3064\u3082\u7a2e\u985e\u304c\u3042\u3063\u3066\u3001\u300c\u6280\u8853\u4eba\u6587\u77e5\u8b58\u56fd\u969b\u696d\u52d9\u30d3\u30b6\u300d\u306f\u305d\u306e\u4e2d\u306e\uff11\u3064\u3067\u3059\u3002<\/p>\n<p>\u55b6\u696d\u3084\u8cbf\u6613\u306a\u3069\u306e\u4e8b\u52d9\u8077\u3001\u901a\u8a33\u3084\u7ffb\u8a33\u3001\u30c7\u30b6\u30a4\u30ca\u30fc\u3001\uff33\uff25\u306a\u3069\u306e\u30b3\u30f3\u30d4\u30e5\u30fc\u30bf\u95a2\u9023\u306e\u4ed5\u4e8b\u3084\u3001\u96fb\u6a5f\u3084\u6a5f\u68b0\u7cfb\u306e\u30a8\u30f3\u30b8\u30cb\u30a2\u306e\u4ed5\u4e8b\u306a\u3069\u304c\u5f53\u3066\u306f\u307e\u308a\u307e\u3059\u3002<\/p>\n<p>&nbsp;<\/p>\n<p class=\"ye\">Wir m\u00f6chten Ihnen gerne eines der Arbeitsvisa, n\u00e4mlich das \u201eIngenieure\/Spezialisten f\u00fcr Geisteswissenschaften\/Internationale Dienstleistungen-Visum\u201c, n\u00e4her erl\u00e4utern. Dieses Visum f\u00e4llt in die Kategorie der sogenannten \u201eArbeitsvisa\u201c. Es ist wichtig zu beachten, dass es kein spezifisches Visum gibt, das als \u201eArbeitsvisum\u201c bezeichnet wird. Dies ist ein h\u00e4ufiges Missverst\u00e4ndnis.<\/p>\n<p class=\"ye\">Es gibt verschiedene Arten von \u201eArbeitsvisa\u201c, und das \u201eIngenieure\/ Spezialisten f\u00fcr Geisteswissenschaften\/ Internationale Dienstleistungen-Visum\u201c ist eines davon.<\/p>\n<p class=\"ye\">Dazu geh\u00f6ren B\u00fcroarbeiten wie Verkauf und Handel, Dolmetschen\/\u00dcbersetzen, Arbeiten im Zusammenhang mit Designern, Arbeiten im Zusammenhang mit Computern wie SE und Arbeiten als Elektro-\/Maschinenbauer.<\/p>\n<p>&nbsp;<\/p>\n<p>\u5927\u5b66\u3084\u5c02\u9580\u5b66\u6821\u3092\u5352\u696d\u3057\u305f\u5916\u56fd\u4eba\u304c\u5c31\u8077\u3057\u305f\u5834\u5408\u306b\u53d6\u5f97\u3067\u304d\u308b\u30d3\u30b6\uff08\u5728\u7559\u8cc7\u683c\uff09\u3067\u3059\u3002<\/p>\n<p>\u300c\u6280\u8853\u4eba\u6587\u77e5\u8b58\u56fd\u969b\u696d\u52d9\u300d\u306e\u30d3\u30b6\u304c\u8a31\u53ef\u3055\u308c\u308b\u305f\u3081\u306e\u30dd\u30a4\u30f3\u30c8\u30fb\u6761\u4ef6\u304c\u3042\u308a\u307e\u3059\u306e\u3067\u3053\u308c\u304b\u3089\u8aac\u660e\u3057\u305f\u3044\u3068\u601d\u3044\u307e\u3059\u3002<\/p>\n<p>\u7559\u5b66\u751f\u304c\u5c31\u8077\u3059\u308b\u5834\u5408\u3067\u3082\u3001\u6d77\u5916\u304b\u3089\u547c\u3073\u5bc4\u305b\u306e\u5834\u5408\u3067\u3082\u57fa\u6e96\u306f\u540c\u3058\u3067\u3059\u3002<\/p>\n<p>\u307e\u305a\u3001\u5c31\u52b4\u30d3\u30b6\u306f\u5916\u56fd\u4eba\u304c\u500b\u4eba\u3067\u7533\u8acb\u3059\u308b\u3082\u306e\u3067\u306f\u306a\u304f\u3001\u4f01\u696d\u304c\u30b9\u30dd\u30f3\u30b5\u30fc\u3068\u306a\u308a\u5165\u56fd\u7ba1\u7406\u5c40\u306b\u7533\u8acb\u3057\u307e\u3059\u3002<\/p>\n<p>\u5927\u4f01\u696d\u306e\u5834\u5408\u306f\u898f\u6a21\u3084\u5b9f\u7e3e\u304c\u8a3c\u660e\u3057\u3084\u3059\u3044\u305f\u3081\u6bd4\u8f03\u7684\u5be9\u67fb\u304c\u901a\u308a\u3084\u3059\u3044\u5074\u9762\u3082\u3042\u308a\u307e\u3059\u304c\u3001<br \/>\n\u4e2d\u5c0f\u4f01\u696d\u30fb\u96f6\u7d30\u4f01\u696d\u306b\u3068\u3063\u3066\u306f\u3001\u4f1a\u793e\u306b\u95a2\u3059\u308b\u304b\u306a\u308a\u306e\u66f8\u985e\u3092\u63d0\u51fa\u3059\u308b\u5fc5\u8981\u304c\u3042\u308a\u307e\u3059\u306e\u3067\u3001\u7c21\u5358\u3067\u306f\u3042\u308a\u307e\u305b\u3093\u3002\u4f1a\u793e\u306e\u4e8b\u696d\u304c\u5c0f\u3055\u3051\u308c\u3070\u5c0f\u3055\u3044\u307b\u3069\u96e3\u6613\u5ea6\u306f\u9ad8\u304f\u306a\u308a\u307e\u3059\u3002<\/p>\n<p>\u3067\u306f\u6761\u4ef6\u306b\u3064\u3044\u3066\u3067\u3059\u3002<\/p>\n<p>&nbsp;<\/p>\n<p class=\"ye\">Es handelt sich um ein Visum (Aufenthaltsstatus), das ein ausl\u00e4ndischer Student, der seinen Abschluss an einer Universit\u00e4t oder Fachhochschule gemacht hat, erhalten kann, wenn er eine Stelle findet.<\/p>\n<p class=\"ye\">Wir m\u00f6chten Ihnen die Punkte und Bedingungen f\u00fcr die Erteilung eines Visums f\u00fcr \u201eIngenieure\/ Spezialisten f\u00fcr Geisteswissenschaften\/ Internationale Dienstleistungen-Visum\u201c erl\u00e4utern.<\/p>\n<p class=\"ye\">Die Standards sind die gleichen, egal ob ein internationaler Student besch\u00e4ftigt ist oder Sie jemanden aus dem Ausland berufen.<\/p>\n<p class=\"ye\">Zun\u00e4chst einmal werden Arbeitsvisa nicht individuell von Ausl\u00e4ndern beantragt, sondern Unternehmen werden gesponsert und somit bei der Einwanderungsbeh\u00f6rde beantragt.<\/p>\n<p class=\"ye\">Bei gro\u00dfen Unternehmen ist es einfach, Gr\u00f6\u00dfe und Leistung nachzuweisen; daher gibt es einige Aspekte, die relativ leicht zu \u00fcberpr\u00fcfen sind,<br \/>\nF\u00fcr KMU und Kleinstunternehmen ist es nicht so einfach, da sie umfangreiche Unterlagen \u00fcber ihr Unternehmen vorlegen m\u00fcssen. Je kleiner das Unternehmen ist, desto schwieriger wird es.<\/p>\n<p class=\"ye\">Dies sind die Bedingungen.<\/p>\n<p>&nbsp;<\/p>\n<h3><strong>\uff11.\u4ed5\u4e8b\u5185\u5bb9\u3068\u5927\u5b66\u3084\u5c02\u9580\u5b66\u6821\u306e\u5c02\u653b\u3068\u306e\u95a2\u9023\u6027<\/strong><\/h3>\n<p>\u307e\u305a\u4ed5\u4e8b\u5185\u5bb9\u306f\u5c02\u9580\u6027\u306e\u3042\u308b\u8077\u52d9\u5185\u5bb9\u3067\u3042\u308b\u3053\u3068\u3001<br \/>\n\u5c02\u9580\u6027\u306e\u3042\u308b\u4ed5\u4e8b\u3068\u8a00\u3063\u3066\u3082\u5e45\u5e83\u3044\u3067\u3059\u304c\u3001<\/p>\n<p>\u4f8b\u3092\u3042\u3052\u308b\u3068<\/p>\n<p>&nbsp;<\/p>\n<p><strong>\u6587\u7cfb\u306e\u8077\u7a2e\u3068\u3057\u3066\u306f\u3001<\/strong><br \/>\n<strong>\u30fb\u55b6\u696d<\/strong><br \/>\n<strong>\u30fb\u7dcf\u52d9<\/strong><br \/>\n<strong>\u30fb\u7d4c\u7406<\/strong><br \/>\n<strong>\u30fb\u5e83\u5831\u5ba3\u4f1d<\/strong><br \/>\n<strong>\u30fb\u5546\u54c1\u958b\u767a<\/strong><br \/>\n<strong>\u30fb\u8cbf\u6613<\/strong><br \/>\n<strong>\u30fb\u901a\u8a33\u7ffb\u8a33<\/strong><br \/>\n<strong>\u30fb\u8a9e\u5b66\u6559\u5e2b<\/strong><br \/>\n<strong>\u30fb\u30c7\u30b6\u30a4\u30ca\u30fc<\/strong><\/p>\n<p>\u306a\u3069\u304c\u3042\u3052\u3089\u308c\u307e\u3059\u3002<\/p>\n<p>&nbsp;<\/p>\n<p><strong>\u7406\u7cfb\u306e\u8077\u7a2e\u3068\u3057\u3066\u306f\u3001<\/strong><\/p>\n<p><strong>\u30fbSE<\/strong><br \/>\n<strong>\u30fb\u5de5\u5b66\u7cfb\u30a8\u30f3\u30b8\u30cb\u30a2<\/strong><br \/>\n<strong>\u30fb\u5efa\u7bc9\u7cfb\u30a8\u30f3\u30b8\u30cb\u30a2<\/strong><\/p>\n<p>\u306a\u3069\u6280\u8853\u7cfb\u306e\u8077\u7a2e\u5168\u822c\u3067\u3059\u3002<\/p>\n<p>&nbsp;<\/p>\n<p>\u4e0a\u8a18\u306e\u8077\u52d9\u5185\u5bb9\u304c\u5352\u696d\u3057\u305f\u5b66\u6821\uff08\u5927\u5b66\u3001\u5c02\u9580\u5b66\u6821\uff09\u3067\u52c9\u5f37\u3057\u305f\u5c02\u653b\u306e\u5185\u5bb9\u3092\u6d3b\u304b\u305b\u308b\u3053\u3068\u3067\u3042\u308b\u3053\u3068\u304c\u5fc5\u8981\u3067\u3059\u3002<\/p>\n<p>\u5b66\u6b74\u3068\u8077\u52d9\u5185\u5bb9\u304c\u4e00\u81f4\u3057\u306a\u3044\u3068\u30d3\u30b6\u304c\u4e0d\u8a31\u53ef\u3068\u306a\u308a\u307e\u3059\u3002<\/p>\n<p>\u3067\u3059\u306e\u3067\u3001\u5165\u7ba1\u3078\u306e\u7533\u8acb\u306b\u3042\u305f\u3063\u3066\u306f\u3001\u3044\u304b\u306b\u4ed5\u4e8b\u5185\u5bb9\u3068\u5c02\u653b\u5185\u5bb9\u304c\u4e00\u81f4\u3057\u3066\u3044\u308b\u304b\u3092\u6587\u66f8\u3067\u8aac\u660e\u3067\u304d\u308b\u304b\u304c\u91cd\u8981\u3067\u3059\u3002<\/p>\n<p>\u3054\u81ea\u5206\u3067\u7533\u8acb\u3059\u308b\u65b9\u306f\u3053\u306e\u8aac\u660e\u304c\u308f\u304b\u308a\u306b\u304f\u3044\u3001\u307e\u305f\u306f\u8aac\u660e\u4e0d\u8db3\u3067\u4e0d\u8a31\u53ef\u306b\u306a\u308b\u3053\u3068\u304c\u3088\u304f\u3042\u308a\u307e\u3059\u3002\u672c\u6765\u306a\u3089\u8a31\u53ef\u306b\u306a\u308b\u3079\u304d\u6848\u4ef6\u3067\u3082\u3067\u3059\u3002\u8aac\u660e\u304c\u4e0b\u624b\u3060\u3068\u672c\u6765\u8a31\u53ef\u306b\u306a\u308b\u3079\u304d\u6848\u4ef6\u3082\u4e0d\u8a31\u53ef\u306b\u306a\u308a\u307e\u3059\u3002<\/p>\n<h3 class=\"ye\"><strong><span class=\"ye\">1. Relevanz der Stellenbeschreibung f\u00fcr den Studiengang der Universit\u00e4t oder der Fachhochschule<br \/>\n<\/span><\/strong><\/h3>\n<p class=\"ye\">Erstens muss die Stellenbeschreibung eine spezifische Spezialisierung enthalten. Es gibt jedoch eine breite Palette von Spezialisierungen, die ber\u00fccksichtigt werden k\u00f6nnen.<\/p>\n<p class=\"ye\">Um ein Beispiel zu nennen,<\/p>\n<p>&nbsp;<\/p>\n<p class=\"ye\"><strong>Zu den geisteswissenschaftlichen Berufen geh\u00f6ren unter anderem:<\/strong><\/p>\n<p class=\"ye\"><strong>\u2022 Vertrieb<\/strong><br \/>\n<strong>\u2022 Allgemeine Angelegenheiten<\/strong><br \/>\n<strong>\u2022 Buchhaltung<\/strong><br \/>\n<strong>\u2022 \u00d6ffentlichkeitsarbeit und Werbung<\/strong><br \/>\n<strong>\u2022 Produktentwicklung<\/strong><br \/>\n<strong>\u2022 Handel<\/strong><br \/>\n<strong>\u2022 Dolmetscher\/\u00dcbersetzer<\/strong><br \/>\n<strong>\u2022 Sprachlehrer<\/strong><br \/>\n<strong>\u2022 Designer und viele andere.<\/strong><\/p>\n<p>&nbsp;<\/p>\n<p class=\"ye\"><strong>Zu den naturwissenschaftlichen Berufen geh\u00f6ren unter anderem:<\/strong><\/p>\n<p class=\"ye\"><strong>\u2022 Softwareingenieure (SE)<\/strong><br \/>\n<strong>\u2022 Maschinenbauingenieure<\/strong><br \/>\n<strong>\u2022 Bauingenieure<\/strong><\/p>\n<p>&nbsp;<\/p>\n<p class=\"ye\">Die oben genannte Berufsbeschreibung sollte den Inhalt Ihres Studienfachs widerspiegeln und die F\u00e4higkeiten und Kenntnisse umfassen, die Sie w\u00e4hrend Ihres Studiums erworben haben.<\/p>\n<p class=\"ye\">Wenn Ihr Bildungshintergrund nicht mit der T\u00e4tigkeitsbeschreibung \u00fcbereinstimmt, wird Ihr Visum abgelehnt.<\/p>\n<p class=\"ye\">\nDaher ist es wichtig, dass Sie bei der Bewerbung bei der Einwanderungsbeh\u00f6rde schriftlich erkl\u00e4ren k\u00f6nnen, wie Ihre Arbeit mit Ihrem Abschluss zusammenpasst.<\/p>\n<p class=\"ye\">Alleinige Antragsteller haben oft Schwierigkeiten, die erforderlichen Erkl\u00e4rungen angemessen zu verstehen oder sie werden nicht ausreichend erkl\u00e4rt, was h\u00e4ufig zu Ablehnungen f\u00fchrt. Dies gilt sogar f\u00fcr F\u00e4lle, in denen dem Antrag normalerweise zugestimmt werden sollte. Unzureichende Erl\u00e4uterungen k\u00f6nnen auch zu Ablehnungen von Antr\u00e4gen f\u00fchren, bei denen eigentlich eine Zustimmung zu erwarten w\u00e4re.<\/p>\n<p>&nbsp;<\/p>\n<h3><strong>\uff12.\u672c\u4eba\u306e\u7d4c\u6b74<\/strong><\/h3>\n<p>\u307e\u305a\u672c\u4eba\u306e\u5b66\u6b74\u304c\u91cd\u8981\u3067\u3059\u3002\u5352\u696d\u8a3c\u660e\u66f8\u3084\u6210\u7e3e\u8a3c\u660e\u66f8\u3067\u3069\u3093\u306a\u5185\u5bb9\u3092\u5c02\u653b\u3057\u305f\u306e\u304b\u3092\u78ba\u8a8d\u3057\u307e\u3059\u3002\u3053\u308c\u306b\u3088\u3063\u3066\u3053\u308c\u304b\u3089\u5c31\u8077\u3059\u308b\u4f1a\u793e\u306e\u4ed5\u4e8b\u5185\u5bb9\u3068\u306e\u95a2\u9023\u6027\u304c\u5be9\u67fb\u3055\u308c\u307e\u3059\u3002<\/p>\n<p>\u3067\u306f\u5b66\u6b74\u304c\u306a\u3044\u4eba\u3001\u4f8b\u3048\u3070\u9ad8\u5352\u306e\u4eba\u3067\u3059\u304c\u3001\u5b66\u6b74\u304c\u306a\u3044\u65b9\u306f\u8a31\u53ef\u57fa\u6e96\u3092\u6e80\u305f\u3059\u306e\u306f\u304b\u306a\u308a\u96e3\u3057\u304f\u3066\u3001\u300c\uff13\u5e74\u4ee5\u4e0a\u307e\u305f\u306f\uff11\uff10\u5e74\u4ee5\u4e0a\u306e\u5b9f\u52d9\u7d4c\u9a13\u300d\u304c\u3042\u308b\u3053\u3068\u304c\u6761\u4ef6\u306b\u306a\u308a\u307e\u3059\u3002\uff13\u5e74\u306e\u5b9f\u52d9\u7d4c\u9a13\u3067\uff2f\uff2b\u306e\u8077\u52d9\u5185\u5bb9\u3068\u3001\uff11\uff10\u5e74\u306e\u5b9f\u52d9\u7d4c\u9a13\u304c\u5fc5\u8981\u306a\u8077\u52d9\u5185\u5bb9\u304c\u3042\u308a\u307e\u3059\u3002<\/p>\n<p>\u5b9f\u52d9\u7d4c\u9a13\u306e\u8a3c\u660e\u306f\u904e\u53bb\u306e\u4f1a\u793e\u304b\u3089\u3044\u308d\u3044\u308d\u66f8\u985e\u3092\u3082\u3089\u3046\u5fc5\u8981\u304c\u3042\u308a\u307e\u3059\u306e\u3067\u3001\u3082\u3057\u524d\u306e\u4f1a\u793e\u306b\u9023\u7d61\u304c\u3067\u304d\u306a\u3044\u4eba\u306f\u3001\u5b9f\u8cea\u5b9f\u7d4c\u9a13\u3092\u8a3c\u660e\u3067\u304d\u306a\u3044\u3053\u3068\u306b\u306a\u308a\u307e\u3059\u306e\u3067\u3001\u5b9f\u52d9\u7d4c\u9a13\u3067\u8a3c\u660e\u3059\u308b\u65b9\u6cd5\u304c\u3068\u308c\u306a\u3044\uff1d\u5c31\u52b4\u30d3\u30b6\u306e\u8a31\u53ef\u306f\u53d6\u308c\u306a\u3044\u3053\u3068\u306b\u306a\u308a\u307e\u3059\u3002<\/p>\n<h3><strong><span class=\"ye\">2. Der Hintergrund der Person<br \/>\n<\/span><\/strong><\/h3>\n<p class=\"ye\">Zuallererst ist der Bildungshintergrund einer Person von Bedeutung . Diplome und Zeugnisse best\u00e4tigen, was Sie studiert haben. Diese werden auf ihre Relevanz f\u00fcr die Stellenbeschreibung des Unternehmens, f\u00fcr das Sie arbeiten werden, \u00fcberpr\u00fcft.<\/p>\n<p class=\"ye\">Dann gibt es Personen ohne Bildungshintergrund, zum Beispiel solche, die nach dem Abitur nicht an einer Universit\u00e4t oder Fachhochschule studiert haben. Es ist jedoch wesentlich schwieriger, die Genehmigungskriterien zu erf\u00fcllen, wenn man keinen Bildungshintergrund hat. In diesem Fall ist eine \u201emindestens drei- oder zehnj\u00e4hrige Berufserfahrung\u201c erforderlich. Es gibt Stellenbeschreibungen, die eine dreij\u00e4hrige Berufserfahrung verlangen, und solche, die eine zehnj\u00e4hrige Berufserfahrung erfordern.<\/p>\n<p class=\"ye\">F\u00fcr den Nachweis der Berufserfahrung sind verschiedene Dokumente von Unternehmen erforderlich, bei denen Sie in der Vergangenheit gearbeitet haben. Wenn Sie also keinen Kontakt zu Ihrem fr\u00fcheren Unternehmen aufnehmen k\u00f6nnen, werden Sie keine tats\u00e4chliche Berufserfahrung nachweisen k\u00f6nnen und daher kein Arbeitsvisum erhalten.<\/p>\n<p>&nbsp;<\/p>\n<h3><strong>\uff13.\u4f1a\u793e\u3068\u5916\u56fd\u4eba\u3068\u306e\u9593\u306b\u5951\u7d04\u304c\u3042\u308b\u3053\u3068<\/strong><\/h3>\n<p>\u3053\u306e\u5951\u7d04\u306f\u901a\u5e38\u306f\u96c7\u7528\u5951\u7d04\u3067\u3059\u3002\u65e2\u306b\u5c31\u8077\u304c\u6c7a\u307e\u3063\u3066\u3044\u308b\u3068\u3044\u3046\u3053\u3068\u304c\u5fc5\u8981\u3067\u3059\u3002<br \/>\n\u305d\u3082\u305d\u3082\u5c31\u8077\u304c\u6c7a\u307e\u3063\u3066\u306a\u3044\u3068\u30d3\u30b6\u304c\u51fa\u307e\u305b\u3093\u306e\u3067\u6ce8\u610f\u3057\u3066\u4e0b\u3055\u3044\u3002\u96c7\u7528\u5951\u7d04\u4ee5\u5916\u3067\u3082\u6d3e\u9063\u5951\u7d04\u3067\u3082\u8acb\u8ca0\u5951\u7d04\u3067\u3082\u53d6\u308c\u307e\u3059\u3002\u5c11\u3057\u96e3\u6613\u5ea6\u306f\u4e0a\u304c\u308a\u307e\u3059\u304c\u30fb\u30fb\u3002<\/p>\n<h3><strong><span class=\"ye\">3. Es muss ein Vertrag zwischen dem Unternehmen und dem Ausl\u00e4nder bestehen<br \/>\n<\/span><\/strong><\/h3>\n<p class=\"ye\">Dieser Vertrag ist in der Regel ein Arbeitsvertrag. Es ist notwendig, bereits eine Besch\u00e4ftigung gefunden zu haben.<\/p>\n<p class=\"ye\">Bitte beachten Sie, dass ein Visum nicht erteilt wird, wenn die Besch\u00e4ftigung nicht von vornherein feststeht. Sie k\u00f6nnen auch mit einem befristeten Arbeitsvertrag oder einem anderen Vertrag als einen Arbeitsvertrag ein Visum erhalten. Der Schwierigkeitsgrad ist etwas h\u00f6her.<\/p>\n<p>&nbsp;<\/p>\n<h3><strong>\uff14.\u4f1a\u793e\u306e\u7d4c\u55b6\u72b6\u614b<\/strong><\/h3>\n<p>\u4f1a\u793e\u306e\u7d4c\u55b6\u72b6\u614b\u304c\u5b89\u5b9a\u3057\u3066\u3044\u308b\u3053\u3068\u304c\u5fc5\u8981\u3067\u3059\u3002\u305d\u306e\u305f\u3081\u306b\u901a\u5e38\u306f\u6c7a\u7b97\u66f8\u985e\u95a2\u4fc2\u3092\u63d0\u51fa\u3057\u307e\u3059\u3002<br \/>\n\u5927\u5e45\u306a\u8d64\u5b57\u6c7a\u7b97\u3060\u3068\u6f70\u308c\u305d\u3046\u306a\u4f1a\u793e\u3067\u5916\u56fd\u4eba\u793e\u54e1\u306b\u7d66\u6599\u3092\u6255\u3048\u306a\u3044\u306e\u3067\u306f\u306a\u3044\u304b\u3068\u601d\u308f\u308c\u3066\u3057\u307e\u3044\u307e\u3059\u3002\u3057\u304b\u3057\u3001\u305f\u3060\u5358\u306b\u8d64\u5b57\u3060\u304b\u3089\u30d3\u30b6\u304c\u7d76\u5bfe\u53d6\u308c\u306a\u3044\u3068\u306f\u8a00\u3048\u307e\u305b\u3093\u3002\u8d64\u5b57\u3067\u3082\u3001\u4eca\u306f\u3053\u3046\u3060\u3051\u3069\u5c06\u6765\u306f\u3053\u3093\u306a\u3075\u3046\u306b\u9ed2\u5b57\u306b\u306a\u308b\u3068\u8aac\u660e\u3067\u304d\u308c\u3070\u5927\u4e08\u592b\u3067\u3059\u3002\u305d\u3046\u3044\u3046\u8aac\u660e\u306e\u305f\u3081\u306b\u4e8b\u696d\u8a08\u753b\u66f8\u3092\u4f5c\u3063\u3066\u7533\u8acb\u66f8\u306b\u6dfb\u4ed8\u3057\u307e\u3059\u3002<\/p>\n<p>\u307e\u305f\u65b0\u3057\u304f\u4f5c\u3063\u305f\u4f1a\u793e\u306f\u5b9f\u7e3e\u304c\u3042\u308a\u307e\u305b\u3093\u306e\u3067\u3001\u65b0\u8a2d\u4f1a\u793e\u3067\u6c7a\u7b97\u66f8\u3092\u51fa\u305b\u306a\u3044\u5834\u5408\u306f\u5fc5\u305a\u4e8b\u696d\u8a08\u753b\u66f8\u3092\u4f5c\u6210\u3057\u3066\u63d0\u51fa\u3059\u308b\u5fc5\u8981\u304c\u3042\u308a\u307e\u3059\u3002<\/p>\n<h3><strong><span class=\"ye\">4. Die finanzielle Lage des Unternehmens<br \/>\n<\/span><\/strong><\/h3>\n<p class=\"ye\">Das Unternehmen muss sich in einem stabilen Zustand der Gesch\u00e4ftsf\u00fchrung befinden. Zu diesem Zweck legt das Unternehmen in der Regel eine Gewinn- und Verlustrechnung vor, die sich auf seinen Jahresabschluss beziehen.<\/p>\n<p class=\"ye\">Wenn ein Unternehmen ein erhebliches Defizit aufweist, kann dies darauf hinweisen, dass das Unternehmen finanzielle Schwierigkeiten hat und m\u00f6glicherweise nicht in der Lage ist, die Geh\u00e4lter der ausl\u00e4ndischen Mitarbeiter zu zahlen. Es ist jedoch nicht automatisch ausgeschlossen, dass Sie ein Visum erhalten, nur weil das Unternehmen Verluste verbucht. Wenn Sie nachweisen k\u00f6nnen, dass das Unternehmen in Zukunft profitabel sein wird, kann dies ber\u00fccksichtigt werden. Um dies zu erkl\u00e4ren, sollten Sie einen Gesch\u00e4ftsplan erstellen, der die zuk\u00fcnftige finanzielle Stabilit\u00e4t des Unternehmens verdeutlicht.<\/p>\n<p class=\"ye\">Wenn Sie also ein neu gegr\u00fcndetes Unternehmen sind und keine Jahresabschl\u00fcsse vorlegen k\u00f6nnen, m\u00fcssen Sie immer einen Gesch\u00e4ftsplan erstellen und einreichen.<\/p>\n<h3><strong>\uff15.\u65e5\u672c\u4eba\u3068\u540c\u7b49\u306e\u7d66\u4e0e\u6c34\u6e96\u3067\u3042\u308b\u3053\u3068<\/strong><\/h3>\n<p>\u3053\u308c\u306f\u5916\u56fd\u4eba\u306b\u5bfe\u3059\u308b\u4e0d\u5f53\u306a\u5dee\u5225\u7981\u6b62\u3063\u3066\u3053\u3068\u3067\u3059\u3002\u540c\u3058\u4f1a\u793e\u306e\u65e5\u672c\u4eba\u793e\u54e1\u3068\u540c\u3058\u304f\u3089\u3044\u306e\u7d66\u6599\u3092\u3042\u3052\u3066\u304f\u3060\u3055\u3044\u3068\u3044\u3046\u3053\u3068\u3067\u3059\u3002<\/p>\n<h3><strong><span class=\"ye\">5. Das Gehaltsniveau muss dem der japanischen Staatsangeh\u00f6rigen entsprechen<br \/>\n<\/span><\/strong><\/h3>\n<p class=\"ye\">Dies bedeutet ein Verbot der ungerechten Diskriminierung von Ausl\u00e4ndern. Das bedeutet, dass sie das gleiche Gehalt erhalten wie japanische Arbeitnehmer im gleichen Unternehmen.<\/p>\n<h3><strong>\uff16.\u524d\u79d1\u304c\u306a\u3044\u3053\u3068<\/strong><\/h3>\n<p>\u3053\u308c\u306f\u5916\u56fd\u4eba\u304c\u904e\u53bb\u8b66\u5bdf\u306b\u6355\u307e\u3063\u305f\u3053\u3068\u306f\u306a\u3044\u3067\u3059\u304b\uff1f\u3068\u3044\u3046\u3053\u3068\u3067\u3059\u3002<br \/>\n\u4e0d\u826f\u5916\u56fd\u4eba\u306b\u306f\u30d3\u30b6\u306f\u51fa\u3055\u306a\u3044\u3068\u3044\u3046\u5165\u56fd\u7ba1\u7406\u5c40\u306e\u65b9\u91dd\u3067\u3059\u306d\u3002<\/p>\n<h3><strong><span class=\"ye\">6. Keine Vorstrafen<br \/>\n<\/span><\/strong><\/h3>\n<p class=\"ye\">Dies bedeutet, dass der Ausl\u00e4nder in der Vergangenheit nicht von der Polizei verhaftet worden ist.<\/p>\n<p class=\"ye\">Die Einwanderungsbeh\u00f6rde stellt Ausl\u00e4ndern mit schlechtem F\u00fchrungszeugnis grunds\u00e4tzlich kein Visum aus.<\/p>\n","protected":false},"excerpt":{"rendered":"<p>\u5c31\u52b4\u30d3\u30b6\u306e\u4e2d\u306e\uff11\u3064\u3067\u3042\u308b\u300c\u6280\u8853\u30fb\u4eba\u6587\u77e5\u8b58\u30fb\u56fd\u969b\u696d\u52d9\u300d\u306e\u30d3\u30b6\u306b\u3064\u3044\u3066\u8aac\u660e\u3057\u305f\u3044\u3068\u601d\u3044\u307e\u3059\u3002\u300c\u6280\u8853\u4eba\u6587\u77e5\u8b58\u56fd\u969b\u696d\u52d9\u30d3\u30b6\u300d\u306f\u3001\u3044\u308f\u3086\u308b\u300c\u5c31\u52b4\u30d3\u30b6\u300d\u306e\u4e2d\u306e\uff11\u3064\u306e\u30ab\u30c6\u30b4\u30ea\u3067\u3059\u3002\u3088\u304f\u8aa4\u89e3\u3055\u308c\u3066\u3044\u307e\u3059\u304c\u3001\u300c\u5c31\u52b4\u30d3\u30b6\u300d\u3068\u3044\u3046\u540d\u524d\u306e\u30d3\u30b6\u306f &#8230;<\/p>\n","protected":false},"author":1,"featured_media":0,"parent":0,"menu_order":0,"comment_status":"closed","ping_status":"closed","template":"","meta":{"footnotes":""},"class_list":["post-42","page","type-page","status-publish","hentry"],"_links":{"self":[{"href":"https:\/\/samurai-law.com\/germany\/wp-json\/wp\/v2\/pages\/42","targetHints":{"allow":["GET"]}}],"collection":[{"href":"https:\/\/samurai-law.com\/germany\/wp-json\/wp\/v2\/pages"}],"about":[{"href":"https:\/\/samurai-law.com\/germany\/wp-json\/wp\/v2\/types\/page"}],"author":[{"embeddable":true,"href":"https:\/\/samurai-law.com\/germany\/wp-json\/wp\/v2\/users\/1"}],"replies":[{"embeddable":true,"href":"https:\/\/samurai-law.com\/germany\/wp-json\/wp\/v2\/comments?post=42"}],"version-history":[{"count":7,"href":"https:\/\/samurai-law.com\/germany\/wp-json\/wp\/v2\/pages\/42\/revisions"}],"predecessor-version":[{"id":121,"href":"https:\/\/samurai-law.com\/germany\/wp-json\/wp\/v2\/pages\/42\/revisions\/121"}],"wp:attachment":[{"href":"https:\/\/samurai-law.com\/germany\/wp-json\/wp\/v2\/media?parent=42"}],"curies":[{"name":"wp","href":"https:\/\/api.w.org\/{rel}","templated":true}]}}