{"id":29,"date":"2023-09-07T07:30:04","date_gmt":"2023-09-06T22:30:04","guid":{"rendered":"https:\/\/samurai-law.com\/germany\/?page_id=29"},"modified":"2023-09-07T07:30:04","modified_gmt":"2023-09-06T22:30:04","slug":"if","status":"publish","type":"page","link":"https:\/\/samurai-law.com\/germany\/if\/","title":{"rendered":"\u3082\u3057\u7533\u8acb\u304c\u4e0d\u8a31\u53ef\u306b\u306a\u3063\u3066\u3057\u307e\u3063\u305f\u3089\uff1f Wenn der Antrag nicht genehmigt wird\uff1f"},"content":{"rendered":"<h3><strong>\u3082\u3057\u7533\u8acb\u304c\u4e0d\u8a31\u53ef\u306b\u306a\u3063\u3066\u3057\u307e\u3063\u305f\u3089\uff1f<br \/>\nWenn der Antrag nicht genehmigt wird?<\/strong><\/h3>\n<p>\u5165\u56fd\u7ba1\u7406\u5c40\u3078\u306e\u5728\u7559\u8cc7\u683c\u7533\u8acb\u306f\u81ea\u5206\u3067\u7533\u8acb\u3057\u305f\u5834\u5408\u3001\u4e0d\u8a31\u53ef\u306b\u306a\u308b\u3053\u3068\u304c\u3088\u304f\u3042\u308a\u307e\u3059\u3002\u4e8b\u5b9f\u3001\u3054\u81ea\u8eab\u3067\u7533\u8acb\u3057\u305f\u65b9\u304c\u4e0d\u8a31\u53ef\u306b\u306a\u3063\u3066\u5f53\u4e8b\u52d9\u6240\u3078\u76f8\u8ac7\u306b\u6765\u308b\u3068\u3044\u3046\u30b1\u30fc\u30b9\u3082\u983b\u7e41\u306b\u3042\u308a\u307e\u3059\u3002<\/p>\n<p>\u5165\u56fd\u7ba1\u7406\u5c40\u306f\u3001\u8a31\u53ef\u306b\u3059\u308b\u304b\u3001\u4e0d\u8a31\u53ef\u306b\u3059\u308b\u304b\u306b\u3064\u3044\u3066\u5e83\u304f\u88c1\u91cf\u3092\u6301\u3063\u3066\u3044\u307e\u3059\u306e\u3067\u3001\u7533\u8acb\u3059\u308c\u3070\u5fc5\u305a\u4e0b\u308a\u308b\u3068\u3044\u3046\u6027\u8cea\u306e\u3082\u306e\u3067\u306f\u3042\u308a\u307e\u305b\u3093\u3002\u305d\u308c\u306f\u3001\u3042\u306a\u305f\u304c\u7533\u8acb\u3057\u305f\u30d3\u30b6\u306b\u3064\u3044\u3066\u3082\u540c\u3058\u3053\u3068\u304c\u8a00\u3048\u307e\u3059\u3002<\/p>\n<p>\u81ea\u5206\u3068\u540c\u3058\u3088\u3046\u306a\u30b1\u30fc\u30b9\u3067\u53cb\u4eba\u3084\u77e5\u308a\u5408\u3044\u306e\u65b9\u304c\u8a31\u53ef\u306b\u306a\u3063\u305f\u3068\u3057\u3066\u3082\u3001\u81ea\u5206\u306e\u5834\u5408\u306b\u5168\u304f\u540c\u3058\u30b1\u30fc\u30b9\u3067\u3042\u308b\u3068\u3044\u3046\u3053\u3068\u306f\u306a\u304f\u3001\u3055\u3089\u306b\u7533\u8acb\u66f8\u4f5c\u6210\u904e\u7a0b\u306b\u304a\u3044\u3066\u8a18\u8f09\u5185\u5bb9\u3001\u8aac\u660e\u5185\u5bb9\u3001\u6dfb\u4ed8\u66f8\u985e\u306f\u307b\u3068\u3093\u3069\u9055\u3046\u3082\u306e\u306b\u306a\u3063\u3066\u3044\u308b\u306f\u305a\u306a\u306e\u3067\u3001\u540c\u3058\u304f\u8a31\u53ef\u306b\u306a\u308b\u3068\u3044\u3046\u4fdd\u8a3c\u306f\u5168\u304f\u3042\u308a\u307e\u305b\u3093\u3002<\/p>\n<p class=\"ye\">Oftmals werden Antr\u00e4ge auf Erteilung eines Aufenthaltsstatus von der Einwanderungsbeh\u00f6rde abgelehnt, wenn sie eigenst\u00e4ndig gestellt werden. Tats\u00e4chlich haben wir h\u00e4ufig Personen, die ihren Antrag eigenst\u00e4ndig gestellt haben und abgelehnt wurden, die sich dann an unser B\u00fcro wenden, um Beratung zu erhalten.<\/p>\n<p class=\"ye\">Die Einwanderungsbeh\u00f6rden verf\u00fcgen \u00fcber einen gro\u00dfen Ermessensspielraum bei der Entscheidung \u00fcber die Erteilung oder Verweigerung eines Visums, sodass es sich nicht um einen Antrag handelt, dem immer stattgegeben wird. Das Gleiche gilt f\u00fcr das von Ihnen beantragte Visum.<\/p>\n<p class=\"ye\">Selbst wenn ein Freund oder Bekannter in einem \u00e4hnlichen Fall wie Sie ein Visum erhalten hat, gibt es keine Garantie daf\u00fcr, dass es auch gew\u00e4hrt wird, da der Fall bei Ihnen nicht genau derselbe sein wird und au\u00dferdem die Informationen, Erkl\u00e4rungen und Belege bei der Vorbereitung Ihres Antrags sehr unterschiedlich sein werden.<\/p>\n<h3><strong>\u518d\u7533\u8acb\u30b5\u30fc\u30d3\u30b9<br \/>\nWiederantrags-Service<br \/>\n<\/strong><\/h3>\n<p align=\"left\">\u81ea\u5206\u3067\u30d3\u30b6\u7533\u8acb\u3092\u884c\u3063\u3066\u4e0d\u8a31\u53ef\u306b\u306a\u3063\u305f\u5834\u5408\u306b\u3001\u3082\u3061\u308d\u3093\u518d\u7533\u8acb\u306f\u3067\u304d\u307e\u3059\u304c\u3001 <br \/>\n\u6700\u521d\u306b\u7533\u8acb\u3057\u305f\u6642\u3088\u308a\u3082\u3001\u5be9\u67fb\u304c\u53b3\u3057\u304f\u306a\u308a\u307e\u3059\u3002 <br \/>\n\u306a\u305c\u306a\u3089\u3001\u524d\u56de\u306e\u7533\u8acb\u306e\u4e0d\u8a31\u53ef\u5b9f\u7e3e\u306f\u5168\u3066\u5165\u56fd\u7ba1\u7406\u5c40\u306b\u8a18\u9332\u3055\u308c\u3066\u3044\u308b\u304b\u3089\u3067\u3059\u3002\u4e0d\u8a31\u53ef\u306e\u7406\u7531\u3092\u78ba\u8a8d\u3057\u3001\u305d\u306e\u539f\u56e0\u3092\u89e3\u6d88\u3059\u308b\u3068\u3001\u6700\u521d\u306b\u7533\u8acb\u3057\u305f\u5185\u5bb9\u3068\u306e\u77db\u76fe\u304c\u767a\u751f\u3059\u308b\u3053\u3068\u304c\u591a\u304f\u3001\u305d\u308c\u3092\u89e3\u6d88\u3059\u308b\u306e\u304c\u96e3\u3057\u3044\u3053\u3068\u306b\u306a\u308a\u307e\u3059\u3002 <br \/>\n\u3088\u3063\u3066\u3001\u5b89\u6613\u306b\u81ea\u5206\u3067\u518d\u7533\u8acb\u3092\u3057\u305f\u308a\u305b\u305a\u3001\u5f53\u4e8b\u52d9\u6240\u306e\u3088\u3046\u306a\u5c02\u9580\u5bb6\u306b\u76f8\u8ac7\u3057\u3001\u518d\u7533\u8acb\u3092\u3059\u308b\u3053\u3068\u3092\u304a\u52e7\u3081\u3057\u307e\u3059\u3002 <br \/>\n\u3055\u3080\u3089\u3044\u884c\u653f\u66f8\u58eb\u6cd5\u4eba\u3067\u306f\u3001\u3053\u308c\u307e\u3067\u4e0d\u8a31\u53ef\u306b\u306a\u3063\u3066\u3054\u76f8\u8ac7\u306b\u3044\u3089\u3063\u3057\u3083\u308b\u304a\u5ba2\u69d8\u306e\u30b5\u30dd\u30fc\u30c8\u306b\u95a2\u3057\u591a\u6570\u306e\u5b9f\u7e3e\u304c\u3042\u308a\u307e\u3059\u3002 <br \/>\n\u81ea\u5206\u3067\u30d3\u30b6\u7533\u8acb\u3092\u884c\u3063\u305f\u3001\u3082\u3057\u304f\u306f\u4ed6\u4e8b\u52d9\u6240\u3067\u30d3\u30b6\u7533\u8acb\u3092\u884c\u3063\u305f\u304c\u3001\u4e0d\u8a31\u53ef\u901a\u77e5\u66f8\u304c\u5c4a\u3044\u3066\u3057\u307e\u3063\u305f\u3002\u3053\u306e\u3088\u3046\u306b\u56f0\u3063\u3066\u3044\u308b\u65b9\u306f\u591a\u3044\u3067\u3059\u3002\u4e0d\u8a31\u53ef\u901a\u77e5\u304c\u5c4a\u3044\u305f\u304b\u3089\u3068\u3044\u3063\u3066\u3001\u307e\u3060\u8ae6\u3081\u308b\u5fc5\u8981\u306f\u3042\u308a\u307e\u305b\u3093\u3002\u4e0d\u8a31\u53ef\u7406\u7531\u3092\u78ba\u8a8d\u30fb\u6539\u5584\u3057\u3066\u518d\u7533\u8acb\u3059\u308c\u3070\u3001\u8a31\u53ef\u306b\u306a\u308b\u53ef\u80fd\u6027\u306f\u3042\u308a\u307e\u3059\u3002<\/p>\n<p>&nbsp;<\/p>\n<p class=\"ye\">Wenn Ihr erster Visumantrag abgelehnt wurde und Sie einen neuen Antrag stellen m\u00f6chten, sollten Sie beachten, dass das Verfahren in der Regel schwieriger ist als beim ersten Antrag.<\/p>\n<p class=\"ye\">Das liegt daran, dass alle unzul\u00e4ssigen Ergebnisse des vorherigen Antrags bei der Einwanderungsbeh\u00f6rde gespeichert sind. Die Best\u00e4tigung des Grundes f\u00fcr das Scheitern und die Beseitigung der Ursache f\u00fchrt oft zu Unstimmigkeiten mit dem urspr\u00fcnglichen Antrag, was die Kl\u00e4rung erschwert.<\/p>\n<p class=\"ye\">Daher empfehlen wir Ihnen dringend, nicht eigenst\u00e4ndig einen neuen Antrag zu stellen, sondern sich an einen Spezialisten wie unsere Kanzlei, die Samurai Verwaltungsanwaltskanzlei, zu wenden. Wir verf\u00fcgen \u00fcber umfangreiche Erfahrung in der Unterst\u00fctzung von Kunden, denen ein Visum verweigert wurde und die sich an uns gewandt haben.<\/p>\n<p class=\"ye\">Sie haben selbst oder bei einer anderen Kanzlei ein Visum beantragt, aber einen Ablehnungsbescheid erhalten.<\/p>\n<p class=\"ye\">Viele Menschen sind auf diese Weise beunruhigt.<\/p>\n<p class=\"ye\">Sie m\u00fcssen nicht gleich aufgeben, nur weil Sie einen Ablehnungsbescheid erhalten haben.<\/p>\n<p class=\"ye\">Durch die Zusammenarbeit mit uns und die Erstellung eines neuen Antrags haben Sie immer noch die M\u00f6glichkeit, ein Visum zu erhalten.<\/p>\n","protected":false},"excerpt":{"rendered":"<p>\u3082\u3057\u7533\u8acb\u304c\u4e0d\u8a31\u53ef\u306b\u306a\u3063\u3066\u3057\u307e\u3063\u305f\u3089\uff1f Wenn der Antrag nicht genehmigt wird? \u5165\u56fd\u7ba1\u7406\u5c40\u3078\u306e\u5728\u7559\u8cc7\u683c\u7533\u8acb\u306f\u81ea\u5206\u3067\u7533\u8acb\u3057\u305f\u5834\u5408\u3001\u4e0d\u8a31\u53ef\u306b\u306a\u308b\u3053\u3068\u304c\u3088\u304f\u3042\u308a\u307e\u3059\u3002\u4e8b\u5b9f\u3001\u3054\u81ea\u8eab\u3067\u7533\u8acb\u3057\u305f\u65b9\u304c &#8230;<\/p>\n","protected":false},"author":1,"featured_media":0,"parent":0,"menu_order":0,"comment_status":"closed","ping_status":"closed","template":"","meta":{"footnotes":""},"class_list":["post-29","page","type-page","status-publish","hentry"],"_links":{"self":[{"href":"https:\/\/samurai-law.com\/germany\/wp-json\/wp\/v2\/pages\/29","targetHints":{"allow":["GET"]}}],"collection":[{"href":"https:\/\/samurai-law.com\/germany\/wp-json\/wp\/v2\/pages"}],"about":[{"href":"https:\/\/samurai-law.com\/germany\/wp-json\/wp\/v2\/types\/page"}],"author":[{"embeddable":true,"href":"https:\/\/samurai-law.com\/germany\/wp-json\/wp\/v2\/users\/1"}],"replies":[{"embeddable":true,"href":"https:\/\/samurai-law.com\/germany\/wp-json\/wp\/v2\/comments?post=29"}],"version-history":[{"count":2,"href":"https:\/\/samurai-law.com\/germany\/wp-json\/wp\/v2\/pages\/29\/revisions"}],"predecessor-version":[{"id":31,"href":"https:\/\/samurai-law.com\/germany\/wp-json\/wp\/v2\/pages\/29\/revisions\/31"}],"wp:attachment":[{"href":"https:\/\/samurai-law.com\/germany\/wp-json\/wp\/v2\/media?parent=29"}],"curies":[{"name":"wp","href":"https:\/\/api.w.org\/{rel}","templated":true}]}}