{"id":23,"date":"2023-09-07T07:23:43","date_gmt":"2023-09-06T22:23:43","guid":{"rendered":"https:\/\/samurai-law.com\/germany\/?page_id=23"},"modified":"2024-02-21T16:19:46","modified_gmt":"2024-02-21T07:19:46","slug":"samurai","status":"publish","type":"page","link":"https:\/\/samurai-law.com\/germany\/samurai\/","title":{"rendered":"\u3055\u3080\u3089\u3044\u884c\u653f\u66f8\u58eb\u6cd5\u4eba Samurai Verwaltungsanwaltskanzlei"},"content":{"rendered":"<div id=\"aisatu\">\n<p class=\"kojimaphoto\"><img loading=\"lazy\" decoding=\"async\" class=\"aligncenter\" src=\"https:\/\/samurai-law.com\/germany\/wp-content\/themes\/germany\/images\/KK-photo.jpg\" alt=\"\u3055\u3080\u3089\u3044\u884c\u653f\u66f8\u58eb\u6cd5\u4eba\u4ee3\u8868\u5c0f\u5cf6\u5065\u592a\u90ce\" width=\"209\" height=\"327\" \/><\/p>\n<p align=\"left\">2009\u5e74\u306e\u4e8b\u52d9\u6240\u8a2d\u7acb\u4ee5\u6765\u3001\u5916\u56fd\u4eba\u306e\u65b9\u306e\u30d3\u30b6\u7533\u8acb\u696d\u52d9\u3068\u4f1a\u793e\u8a2d\u7acb\u696d\u52d9\u3092\u4e2d\u5fc3\u306b\u696d\u52d9\u3092\u5c55\u958b\u3057\u3066\u53c2\u308a\u307e\u3057\u305f\u3002\u79c1\u305f\u3061\u306f\u3001\u305f\u3060\u5358\u306b\u30d3\u30b6\u7533\u8acb\u3092\u4ee3\u884c\u3059\u308b\u306e\u3067\u306f\u3042\u308a\u307e\u305b\u3093\u3002\u500b\u4eba\u306e\u30d3\u30b6\u7533\u8acb\u306f\u3001\u300c\u8907\u6570\u306e\u8981\u4ef6\u306b\u5f53\u3066\u306f\u307e\u308b\u5834\u5408\u3001\u3069\u306e\u30d3\u30b6\u3092\u53d6\u5f97\u3059\u308c\u3070\u4eca\u5f8c\u65e5\u672c\u3067\u5feb\u9069\u306b\u751f\u6d3b\u3092\u9001\u308b\u3053\u3068\u304c\u3067\u304d\u308b\u304b\uff1f\u300d\u3092\u5ff5\u982d\u306b\u7f6e\u304d\u306a\u304c\u3089\u696d\u52d9\u3092\u9032\u3081\u3066\u307e\u3044\u308a\u307e\u3059\u3002 \u307e\u305f\u300c\u304a\u5ba2\u69d8\u304c\u5916\u56fd\u4eba\u3092\u63a1\u7528\u3057\u30d3\u30b8\u30cd\u30b9\u3092\u62e1\u5927\u3057\u3066\u3044\u304f\u306b\u306f\u3001\u3069\u306e\u5c31\u52b4\u30d3\u30b6\u3092\u53d6\u3063\u305f\u307b\u3046\u304c\u3044\u3044\u306e\u304b\uff1f\u300d\u3092\u8003\u3048\u3001\u6700\u9069\u306a\u3054\u63d0\u6848\u3059\u308b\u30b3\u30f3\u30b5\u30eb\u30bf\u30f3\u30c8\u7684\u306a\u5f79\u5272\u3082\u679c\u305f\u3057\u3066\u304a\u308a\u307e\u3059\u3002 \u3000<br \/>\n\u30d3\u30b6\u7533\u8acb\uff08\u5728\u7559\u8cc7\u683c\uff09\u306f\u3001\u5fc5\u8981\u66f8\u985e\u304c\u81a8\u5927\u306a\u6570\u306b\u306a\u308b\u3053\u3068\u3082\u3042\u308a\u307e\u3059\u3002\u8907\u96d1\u306a\u66f8\u985e\u3092\u4e00\u4eba\u3067\u4f5c\u6210\u3059\u308b\u306e\u306f\u5927\u5909\u3067\u3059\u3002\u307e\u305f\u3001\u4eee\u306b\u4f5c\u6210\u3057\u3066\u3082\u53d7\u7406\u3055\u308c\u306a\u3051\u308c\u3070\u4f7f\u3063\u305f\u6642\u9593\u304c\u7121\u99c4\u306b\u306a\u3063\u3066\u3057\u307e\u3044\u307e\u3059\u3002\u4e00\u4eba\u3067\u60a9\u307e\u305a\u306b\u3001\u5206\u304b\u3089\u306a\u3044\u3053\u3068\u304c\u3042\u308c\u3070\u3054\u76f8\u8ac7\u4e0b\u3055\u3044\u3002\u304d\u3063\u3068\u304a\u529b\u306b\u306a\u308c\u308b\u3068\u601d\u3044\u307e\u3059\u3002<\/p>\n<p class=\"ye\">Seit der Gr\u00fcndung unserer Kanzlei im Jahr 2009 haben wir unsere T\u00e4tigkeit haupts\u00e4chlich auf die Beantragung von Visa und die Gr\u00fcndung von Unternehmen f\u00fcr Ausl\u00e4nder ausgerichtet. Wir agieren nicht nur als Bevollm\u00e4chtigter f\u00fcr Visumantr\u00e4ge. Unser Ziel ist es, als Berater die besten L\u00f6sungsvorschl\u00e4ge anzubieten. Bei der Beantragung von Visa unsere individuellen Kunden ber\u00fccksichtigen wir die Frage, welches Visum beantragt werden sollte , wenn die Person mehrere Voraussetzungen erf\u00fcllt, damit sie von nun an ein angenehmes Leben in Japan f\u00fchren kann. Au\u00dferdem analysieren wir, welches Visum f\u00fcr die Unternehmensgr\u00fcndung und Gesch\u00e4ftsleitung erforderlich ist, wenn ein ausl\u00e4ndisches Unternehmen sein Gesch\u00e4ft in Japan erweitern m\u00f6chte. Zudem beraten wir, welches Arbeitsvisum beantragt werden sollte, um Ausl\u00e4nder einzustellen und das Gesch\u00e4ft zu erweitern.<\/p>\n<p class=\"ye\">In manchen F\u00e4llen ist eine enorme Anzahl von Dokumenten f\u00fcr einen Visumantrag erforderlich. Es ist sehr m\u00fchsam, komplizierte Dokumente selbstst\u00e4ndig vorzubereiten. Und selbst wenn sie vorbereitet sind, ist die aufgewendete Zeit umsonst, wenn sie nicht akzeptiert werden. Wenden Sie sich lieber an uns, wenn Sie etwas nicht verstehen, als sich selbst Sorgen zu machen. Wir sind sicher, dass wir Ihnen behilflich sein k\u00f6nnen.<\/p>\n<div style=\"clear: both;\"><\/div>\n<\/div>\n<h3><strong>\u51fa\u7248\u5b9f\u7e3e\u3000Publicaciones<\/strong><\/h3>\n<div class=\"book_smaho\">\n<table cellspacing=\"0\" cellpadding=\"0\">\n<tbody>\n<tr>\n<td class=\"rightboder\">\n<p style=\"text-align: center; margin-top: 8px;\"><img decoding=\"async\" src=\"https:\/\/samurai-law.com\/germany\/wp-content\/themes\/germany\/images\/book_shurou.jpg\" alt=\"\u56fd\u969b\u7d50\u5a5a\u624b\u7d9a\u304d\u30ac\u30a4\u30c9\u8457\u5c0f\u5cf6\u5065\u592a\u90ce\" width=\"130\" \/><\/p>\n<\/td>\n<td class=\"rightboder\">\n<p style=\"text-align: center; margin-top: 8px;\"><img decoding=\"async\" src=\"https:\/\/samurai-law.com\/germany\/wp-content\/themes\/germany\/images\/book_kokusai.jpg\" alt=\"\u56fd\u969b\u7d50\u5a5a\u624b\u7d9a\u304d\u30ac\u30a4\u30c9\u8457\u5c0f\u5cf6\u5065\u592a\u90ce\" width=\"130\" \/><\/p>\n<\/td>\n<td class=\"rightboder\">\n<p style=\"text-align: center; margin-top: 8px;\"><img decoding=\"async\" src=\"https:\/\/samurai-law.com\/germany\/wp-content\/themes\/germany\/images\/book_kika.jpg\" width=\"130\" \/><\/p>\n<\/td>\n<td class=\"rightboder\">\n<p style=\"text-align: center; margin-top: 8px;\"><img decoding=\"async\" src=\"https:\/\/samurai-law.com\/germany\/wp-content\/themes\/germany\/images\/book_kindol.jpg\" alt=\"\u56fd\u969b\u7d50\u5a5a\u624b\u7d9a\u304d\u30ac\u30a4\u30c9\u8457\u5c0f\u5cf6\u5065\u592a\u90ce\" width=\"130\" \/><\/p>\n<\/td>\n<\/tr>\n<\/tbody>\n<\/table>\n<div style=\"clear: both;\">\u00a0<\/div>\n<\/div>\n<h3><span id=\"result_box\" lang=\"en\" xml:lang=\"en\"><strong>staff<\/strong><\/span><\/h3>\n<div class=\"staff\" align=\"center\">\n<table>\n<tbody>\n<tr>\n<td><img loading=\"lazy\" decoding=\"async\" src=\"https:\/\/samurai-law.com\/germany\/wp-content\/themes\/germany\/images\/staff_samurai\/kojima.jpg\" alt=\"\u5c0f\u5cf6\u5065\u592a\u90ce\" width=\"306\" height=\"113\" \/><\/td>\n<td class=\"left10\"><img loading=\"lazy\" decoding=\"async\" src=\"https:\/\/samurai-law.com\/germany\/wp-content\/themes\/germany\/images\/staff_samurai\/kawaragi.jpg\" alt=\"\u6cb3\u539f\u6728\u60c7\" width=\"306\" height=\"113\" \/><\/td>\n<\/tr>\n<tr>\n<td><img loading=\"lazy\" decoding=\"async\" src=\"https:\/\/samurai-law.com\/germany\/wp-content\/themes\/germany\/images\/staff_samurai\/shoda.jpg\" alt=\"\u6b63\u7530\u8061\" width=\"306\" height=\"113\" \/><\/td>\n<td class=\"left10\"><img loading=\"lazy\" decoding=\"async\" src=\"https:\/\/samurai-law.com\/germany\/wp-content\/themes\/germany\/images\/staff_samurai\/yamamoto.jpg\" alt=\"\u5c71\u672c\u525b\u58eb\" width=\"306\" height=\"113\" \/><\/td>\n<\/tr>\n<tr>\n<td><img loading=\"lazy\" decoding=\"async\" src=\"https:\/\/samurai-law.com\/germany\/wp-content\/themes\/germany\/images\/staff_samurai\/harada.jpg\" alt=\"\u539f\u7530\u672a\u592e\" width=\"306\" height=\"113\" \/><\/td>\n<td class=\"left10\"><img loading=\"lazy\" decoding=\"async\" src=\"https:\/\/samurai-law.com\/germany\/wp-content\/themes\/germany\/images\/staff_samurai\/komatsu.jpg\" alt=\"\u5c0f\u677e\u4f51\u5b50\" width=\"306\" height=\"113\" \/><\/td>\n<\/tr>\n<tr>\n<td><img loading=\"lazy\" decoding=\"async\" src=\"https:\/\/samurai-law.com\/germany\/wp-content\/themes\/germany\/images\/staff_samurai\/nakabayashi.jpg\" alt=\"\u4e2d\u6797\u5b8f\u4e4b\" width=\"306\" height=\"113\" \/><\/td>\n<td class=\"left10\"><img loading=\"lazy\" decoding=\"async\" src=\"https:\/\/samurai-law.com\/germany\/wp-content\/themes\/germany\/images\/staff_samurai\/oikawa.jpg\" alt=\"\u53ca\u5ddd\u7d14\u4e00\" width=\"306\" height=\"113\" \/><\/td>\n<\/tr>\n<tr>\n<td><img loading=\"lazy\" decoding=\"async\" src=\"https:\/\/samurai-law.com\/germany\/wp-content\/themes\/germany\/images\/staff_samurai\/matsuoka.jpg\" alt=\"\u677e\u5ca1\u5927\u8f14\" width=\"306\" height=\"113\" \/><\/td>\n<td class=\"left10\"><img loading=\"lazy\" decoding=\"async\" src=\"https:\/\/samurai-law.com\/germany\/wp-content\/themes\/germany\/images\/staff_samurai\/nagayama.jpg\" alt=\"\u6c38\u5c71\u502b\u5b50\" width=\"306\" height=\"113\" \/><\/td>\n<\/tr>\n<tr>\n<td><img loading=\"lazy\" decoding=\"async\" src=\"https:\/\/samurai-law.com\/germany\/wp-content\/themes\/germany\/images\/staff_samurai\/otsuka.jpg\" alt=\"\u5927\u585a\u512a\u738b\" width=\"306\" height=\"113\" \/><\/td>\n<td class=\"left10\"><img loading=\"lazy\" decoding=\"async\" src=\"https:\/\/samurai-law.com\/germany\/wp-content\/themes\/germany\/images\/staff_samurai\/ozaki.jpg\" alt=\"\u5c3e\u5d0e\u771f\u8863\" width=\"306\" height=\"113\" \/><\/td>\n<\/tr>\n<tr>\n<td><img loading=\"lazy\" decoding=\"async\" src=\"https:\/\/samurai-law.com\/germany\/wp-content\/themes\/germany\/images\/staff_samurai\/choi.jpg\" alt=\"\u30c1\u30a7\u30b8\u30a7\u30bd\u30f3\" width=\"306\" height=\"113\" \/><\/td>\n<td class=\"left10\"><img loading=\"lazy\" decoding=\"async\" src=\"https:\/\/samurai-law.com\/germany\/wp-content\/themes\/germany\/images\/staff_samurai\/ma.jpg\" alt=\"\u99ac\u9752\" width=\"306\" height=\"113\" \/><\/td>\n<\/tr>\n<\/tbody>\n<\/table>\n<\/div>\n<div style=\"clear: both;\">\u00a0<\/div>\n<h3><strong>Office location<\/strong><\/h3>\n<p style=\"border-bottom: 1px dotted #3A3A3A; margin-bottom: 15px;\">\u3000<span class=\"ye\"><strong>B\u00fcro Ueno : <\/strong>VORT Ueno 4F, 7-4-7 Ueno, Taito-ku, Tokyo<\/span>\u3010<a href=\"https:\/\/samurai-law.com\/germany\/map#ueno\">MAP<\/a><strong>\u3011<\/strong><\/p>\n<p style=\"border-bottom: 1px dotted #3A3A3A; margin-bottom: 15px;\">\u3000<span class=\"ye\"><strong>B\u00fcro Shinjuku :<\/strong> Shinjuku L Tower 15F, 1-6-1 Nishi-Shinjuku, Shinjuku-ku, Tokyo 163-1515, Japan\t<\/span>\u3010<a href=\"https:\/\/samurai-law.com\/germany\/map#shinjuku\">MAP<\/a><strong>\u3011<\/strong><\/p>\n<p style=\"border-bottom: 1px dotted #3A3A3A; margin-bottom: 15px;\">\u3000<span class=\"ye\"><strong>B\u00fcro Nagoya :<\/strong> 5F Meieki Bld, Meieki 4-26-22 Nakamura-ku, Nagoya-shi, Aichi<\/span>\u3010<a href=\"https:\/\/samurai-law.com\/germany\/map#nagoya\">MAP<\/a>\u3011<\/p>\n<p>\u3000<span class=\"ye\"><strong>B\u00fcro Osaka :<\/strong> Osaka Prefecture Osaka City Kita Ward Umeda 2-5-8 Chiyoda Building West Annex 6F Room A <\/span>\u3010<a href=\"https:\/\/samurai-law.com\/germany\/map#osaka\">MAP<\/a>\u3011<\/p>\n","protected":false},"excerpt":{"rendered":"<p>2009\u5e74\u306e\u4e8b\u52d9\u6240\u8a2d\u7acb\u4ee5\u6765\u3001\u5916\u56fd\u4eba\u306e\u65b9\u306e\u30d3\u30b6\u7533\u8acb\u696d\u52d9\u3068\u4f1a\u793e\u8a2d\u7acb\u696d\u52d9\u3092\u4e2d\u5fc3\u306b\u696d\u52d9\u3092\u5c55\u958b\u3057\u3066\u53c2\u308a\u307e\u3057\u305f\u3002\u79c1\u305f\u3061\u306f\u3001\u305f\u3060\u5358\u306b\u30d3\u30b6\u7533\u8acb\u3092\u4ee3\u884c\u3059\u308b\u306e\u3067\u306f\u3042\u308a\u307e\u305b\u3093\u3002\u500b\u4eba\u306e\u30d3\u30b6\u7533\u8acb\u306f\u3001\u300c\u8907\u6570\u306e\u8981\u4ef6\u306b\u5f53\u3066\u306f\u307e\u308b\u5834\u5408\u3001\u3069\u306e\u30d3\u30b6\u3092\u53d6\u5f97\u3059\u308c &#8230;<\/p>\n","protected":false},"author":1,"featured_media":0,"parent":0,"menu_order":0,"comment_status":"closed","ping_status":"closed","template":"","meta":{"footnotes":""},"class_list":["post-23","page","type-page","status-publish","hentry"],"_links":{"self":[{"href":"https:\/\/samurai-law.com\/germany\/wp-json\/wp\/v2\/pages\/23","targetHints":{"allow":["GET"]}}],"collection":[{"href":"https:\/\/samurai-law.com\/germany\/wp-json\/wp\/v2\/pages"}],"about":[{"href":"https:\/\/samurai-law.com\/germany\/wp-json\/wp\/v2\/types\/page"}],"author":[{"embeddable":true,"href":"https:\/\/samurai-law.com\/germany\/wp-json\/wp\/v2\/users\/1"}],"replies":[{"embeddable":true,"href":"https:\/\/samurai-law.com\/germany\/wp-json\/wp\/v2\/comments?post=23"}],"version-history":[{"count":5,"href":"https:\/\/samurai-law.com\/germany\/wp-json\/wp\/v2\/pages\/23\/revisions"}],"predecessor-version":[{"id":130,"href":"https:\/\/samurai-law.com\/germany\/wp-json\/wp\/v2\/pages\/23\/revisions\/130"}],"wp:attachment":[{"href":"https:\/\/samurai-law.com\/germany\/wp-json\/wp\/v2\/media?parent=23"}],"curies":[{"name":"wp","href":"https:\/\/api.w.org\/{rel}","templated":true}]}}