{"id":19,"date":"2023-09-07T07:19:44","date_gmt":"2023-09-06T22:19:44","guid":{"rendered":"https:\/\/samurai-law.com\/germany\/?page_id=19"},"modified":"2023-09-07T07:20:42","modified_gmt":"2023-09-06T22:20:42","slug":"form","status":"publish","type":"page","link":"https:\/\/samurai-law.com\/germany\/form\/","title":{"rendered":"\u7121\u6599\u76f8\u8ac7 Kostenlose Beratung"},"content":{"rendered":"<p>\u5165\u7ba1\u7533\u8acb\u30fb\u30d3\u30b6\u7533\u8acb\u306b\u3042\u305f\u308a\u4e0d\u5b89\u306a\u70b9\u304c\u3042\u3063\u305f\u3089\u3001\u307e\u305a\u306f\u30d3\u30b6\u7533\u8acb\u306b\u8a73\u3057\u3044\u884c\u653f\u66f8\u58eb\u306b\u76f8\u8ac7\u3057\u3066\u307f\u308b\u3053\u3068\u3092\u304a\u52e7\u3081\u3057\u307e\u3059\u3002\u65e9\u671f\u76f8\u8ac7\u304c\u78ba\u5b9f\u306a\u30d3\u30b6\u8a31\u53ef\u306e\u30dd\u30a4\u30f3\u30c8\u3067\u3059\u3002<\/p>\n<p>&nbsp;<\/p>\n<p>\u3055\u3080\u3089\u3044\u884c\u653f\u66f8\u58eb\u6cd5\u4eba\u3067\u306f\u3001\u30d3\u30b6\u7533\u8acb\u306b\u3064\u3044\u3066\u306e\u3054\u76f8\u8ac7\u3092\u53d7\u3051\u4ed8\u3051\u3066\u3044\u307e\u3059\u3002\u305d\u308c\u305e\u308c\u306e\u304a\u5ba2\u69d8\u306e\u4e8b\u60c5\u306b\u5fdc\u3058\u305f\u5bfe\u7b56\u3092\u8003\u3048\u3001\u8a31\u53ef\u307e\u3067\u306e\u9053\u7b4b\u3092\u3054\u63d0\u6848\u3044\u305f\u3057\u307e\u3059\u3002<\/p>\n<p>&nbsp;<\/p>\n<p><strong>\u7121\u6599\u76f8\u8ac7\u3092\u884c\u3063\u3066\u3044\u307e\u3059\u306e\u3067\u3001\u307e\u305a\u306f\u304a\u6c17\u8efd\u306b\u3054\u76f8\u8ac7\u304f\u3060\u3055\u3044\u3002 <\/strong><\/p>\n<p>&nbsp;<\/p>\n<p>\u3054\u76f8\u8ac7\u306e\u304a\u7533\u3057\u8fbc\u307f\u306f\u3001\uff12\u3064\u306e\u65b9\u6cd5\u304c\u3042\u308a\u307e\u3059\u3002<\/p>\n<p>\u203b\u9762\u8ac7\u76f8\u8ac7\u306f\u5b8c\u5168\u4e88\u7d04\u5236\u3067\u3059\u3002<\/p>\n<p>&nbsp;<\/p>\n<p>Wenn Sie Bedenken bez\u00fcglich Ihres Einwanderungsantrags oder Ihres Visumantrags haben, empfehlen wir Ihnen, sich zun\u00e4chst an einen Verwaltungsanwalt zu wenden, der mit Visumantr\u00e4gen vertraut ist. Eine fr\u00fchzeitige Beratung ist der Schl\u00fcssel zu einer zuverl\u00e4ssigen Visabewilligung.<\/p>\n<p class=\"ye\">\u00a0<\/p>\n<p class=\"ye\">Bei der Samurai Verwaltungsanwaltskanzlei nehmen wir Konsultationen zu Visumantr\u00e4gen entgegen. Wir pr\u00fcfen die Ma\u00dfnahmen entsprechend den Umst\u00e4nden des jeweiligen Kunden und schlagen einen Weg zur Genehmigung vor.<\/p>\n<p class=\"ye\">\u00a0<\/p>\n<p class=\"ye\"><strong>Wir bieten kostenlose Beratungsgespr\u00e4che an. Bitte nehmen Sie zun\u00e4chst Kontakt mit uns auf.<\/strong><\/p>\n<p>&nbsp;<\/p>\n<p>Es gibt zwei M\u00f6glichkeiten, einen Beratungstermin zu vereinbaren.<\/p>\n<p>*Pers\u00f6nliche Beratungen sind nur nach Terminvereinbarung m\u00f6glich.<\/p>\n<p>&nbsp;<\/p>\n","protected":false},"excerpt":{"rendered":"<p>\u5165\u7ba1\u7533\u8acb\u30fb\u30d3\u30b6\u7533\u8acb\u306b\u3042\u305f\u308a\u4e0d\u5b89\u306a\u70b9\u304c\u3042\u3063\u305f\u3089\u3001\u307e\u305a\u306f\u30d3\u30b6\u7533\u8acb\u306b\u8a73\u3057\u3044\u884c\u653f\u66f8\u58eb\u306b\u76f8\u8ac7\u3057\u3066\u307f\u308b\u3053\u3068\u3092\u304a\u52e7\u3081\u3057\u307e\u3059\u3002\u65e9\u671f\u76f8\u8ac7\u304c\u78ba\u5b9f\u306a\u30d3\u30b6\u8a31\u53ef\u306e\u30dd\u30a4\u30f3\u30c8\u3067\u3059\u3002 &nbsp; \u3055\u3080\u3089\u3044\u884c\u653f\u66f8\u58eb\u6cd5\u4eba\u3067\u306f\u3001\u30d3\u30b6\u7533\u8acb\u306b\u3064\u3044\u3066\u306e\u3054\u76f8\u8ac7\u3092\u53d7 &#8230;<\/p>\n","protected":false},"author":1,"featured_media":0,"parent":0,"menu_order":0,"comment_status":"closed","ping_status":"closed","template":"","meta":{"footnotes":""},"class_list":["post-19","page","type-page","status-publish","hentry"],"_links":{"self":[{"href":"https:\/\/samurai-law.com\/germany\/wp-json\/wp\/v2\/pages\/19","targetHints":{"allow":["GET"]}}],"collection":[{"href":"https:\/\/samurai-law.com\/germany\/wp-json\/wp\/v2\/pages"}],"about":[{"href":"https:\/\/samurai-law.com\/germany\/wp-json\/wp\/v2\/types\/page"}],"author":[{"embeddable":true,"href":"https:\/\/samurai-law.com\/germany\/wp-json\/wp\/v2\/users\/1"}],"replies":[{"embeddable":true,"href":"https:\/\/samurai-law.com\/germany\/wp-json\/wp\/v2\/comments?post=19"}],"version-history":[{"count":3,"href":"https:\/\/samurai-law.com\/germany\/wp-json\/wp\/v2\/pages\/19\/revisions"}],"predecessor-version":[{"id":22,"href":"https:\/\/samurai-law.com\/germany\/wp-json\/wp\/v2\/pages\/19\/revisions\/22"}],"wp:attachment":[{"href":"https:\/\/samurai-law.com\/germany\/wp-json\/wp\/v2\/media?parent=19"}],"curies":[{"name":"wp","href":"https:\/\/api.w.org\/{rel}","templated":true}]}}